{"id":597919,"date":"2025-03-05T01:46:45","date_gmt":"2025-03-05T00:46:45","guid":{"rendered":"https:\/\/shop.kustom.ch\/?post_type=product&#038;p=597919"},"modified":"2026-03-31T09:04:55","modified_gmt":"2026-03-31T08:04:55","slug":"winterjacke-7","status":"publish","type":"product","link":"https:\/\/shop.kustom.ch\/it\/prodotto\/winterjacke-7\/","title":{"rendered":"Giacca invernale"},"content":{"rendered":"<p>Giacca invernale antivento e impermeabile ad alta traspirabilit\u00e0. La giacca \u00e8 stata appositamente progettata per mantenervi caldi e asciutti in qualsiasi condizione atmosferica. Presenta diverse caratteristiche tecniche, come le cuciture nastrate o la fodera in rete su scapole, ascelle e colletto per una buona ventilazione. Con il cappuccio staccabile, le estremit\u00e0 delle maniche regolabili e i dettagli riflettenti su fronte, schiena, cappuccio e maniche, \u00e8 l'abbigliamento da lavoro invernale perfetto. Certificato secondo la norma EN 342 - Indumenti di protezione contro il freddo, insieme ai pantaloni invernali 1810, e la norma EN 343 - Indumenti di protezione contro il maltempo.<\/p>\n<p>CHIUSURA: Vita regolabile con coulisse. Polsini regolabili con chiusura a velcro. DETTAGLI: Zip nella fodera per facilitare la rifinitura del tessuto. Tasca per carte d'identit\u00e0 staccabile. Cappuccio staccabile e regolabile con fodera in rete. Colletto foderato in pile. CHIUSURA ANTERIORE: Zip in plastica nascosta. FUNZIONALIT\u00c0: materiale antivento e impermeabile con traspirabilit\u00e0, cuciture nastrate. CARATTERISTICHE PRINCIPALI: Artigianale. REFLEX: Dettagli riflettenti su fronte, retro, cappuccio e maniche. TESSUTO: Disponibile per uomo e donna. rosso. antivento. Vento\/umido\/freddo. TASCHE: Tasche sul petto, una con spazio per cellulare e penne. Tasca interna in rete. Tasche anteriori con zip, foderate in pile. ISTRUZIONI DI LAVAGGIO: Non stirare. CERTIFICAZIONE: EN 342 insieme all'art. 1810. EN 343, classe 4.1.<\/p>\n<p>100% poliestere, twill, elasticizzato, spalmato, impermeabile 11.000 mm, antivento, traspirante Ret 6.3, 150 g\/m\u00b2<\/p>","protected":false},"excerpt":{"rendered":"<p>Wind- und wasserdichte Winterjacke mit hoher Atmungsaktivit\u00e4t. Die Jacke wurde speziell konstruiert, um Sie bei jedem Wetter warm und trocken zu halten. Sie hat mehrere technische Funktionen, z.B. versiegelte N\u00e4hte oder Meshfutter an Schulterblatt, Achselh\u00f6hle und Kragen f\u00fcr eine gute Bel\u00fcftung. Mit der abnehmbaren Kapuze, verstellbaren \u00c4rmelenden und Reflexdetails an Vorderseite, R\u00fccken, Kapuze und \u00c4rmel [&hellip;]<\/p>\n","protected":false},"featured_media":597983,"template":"","meta":[],"product_brand":[],"product_cat":[4186],"product_tag":[],"class_list":{"0":"post-597919","1":"product","2":"type-product","3":"status-publish","4":"has-post-thumbnail","6":"product_cat-jacken","7":"pa_brand-blaklaeder","8":"pa_brand-type-workwear","9":"pa_filter-color-blau","10":"pa_filter-color-grau","11":"pa_filter-color-rot","12":"pa_filter-color-schwarz","14":"first","15":"instock","16":"sale","17":"taxable","18":"shipping-taxable","19":"purchasable","20":"product-type-variable","21":"add-to-wishlist-before_image"},"exclude_global_add_ons":[],"addons":[],"acf":[],"_links":{"self":[{"href":"https:\/\/shop.kustom.ch\/it\/wp-json\/wp\/v2\/product\/597919"}],"collection":[{"href":"https:\/\/shop.kustom.ch\/it\/wp-json\/wp\/v2\/product"}],"about":[{"href":"https:\/\/shop.kustom.ch\/it\/wp-json\/wp\/v2\/types\/product"}],"wp:featuredmedia":[{"embeddable":true,"href":"https:\/\/shop.kustom.ch\/it\/wp-json\/wp\/v2\/media\/597983"}],"wp:attachment":[{"href":"https:\/\/shop.kustom.ch\/it\/wp-json\/wp\/v2\/media?parent=597919"}],"wp:term":[{"taxonomy":"product_brand","embeddable":true,"href":"https:\/\/shop.kustom.ch\/it\/wp-json\/wp\/v2\/product_brand?post=597919"},{"taxonomy":"product_cat","embeddable":true,"href":"https:\/\/shop.kustom.ch\/it\/wp-json\/wp\/v2\/product_cat?post=597919"},{"taxonomy":"product_tag","embeddable":true,"href":"https:\/\/shop.kustom.ch\/it\/wp-json\/wp\/v2\/product_tag?post=597919"}],"curies":[{"name":"wp","href":"https:\/\/api.w.org\/{rel}","templated":true}]}}