{"id":597829,"date":"2025-03-05T01:45:25","date_gmt":"2025-03-05T00:45:25","guid":{"rendered":"https:\/\/shop.kustom.ch\/?post_type=product&#038;p=597829"},"modified":"2026-03-31T09:04:49","modified_gmt":"2026-03-31T08:04:49","slug":"damen-high-vis-winterjacke-3","status":"publish","type":"product","link":"https:\/\/shop.kustom.ch\/it\/prodotto\/damen-high-vis-winterjacke-3\/","title":{"rendered":"Giacca invernale da donna ad alta visibilit\u00e0"},"content":{"rendered":"<p>Calda giacca invernale ad alta visibilit\u00e0, tagliata appositamente per le donne. La giacca ha una fodera trapuntata e un materiale esterno robusto, antivento e impermeabile con cuciture nastrate. Le aree scure a contrasto proteggono inoltre la giacca da un eccessivo imbrattamento. La libert\u00e0 di movimento \u00e8 aumentata dalla cerniera a due vie, dalle braccia preformate e dalla schiena allungata. Le strisce riflettenti larghe 50 mm garantiscono la visibilit\u00e0. Certificato in conformit\u00e0 alle norme EN 342, EN 343, classe 3.1 e EN ISO 20471, classe 2.<\/p>\n<p>CHIUSURA: polsini regolabili. DETTAGLI: cerniera nella fodera per facilitare la rifinitura del tessuto. Tasca per carte d'identit\u00e0 incassata. Cappuccio staccabile e regolabile con fodera calda. Collo alto. Cuciture nastrate. CHIUSURA ANTERIORE: zip nascosta in plastica a due vie. FUNZIONALIT\u00c0: materiale antivento e impermeabile con traspirabilit\u00e0, cuciture nastrate. Taglia donna. PROPRIET\u00c0 PRINCIPALI: Lavoratori stradali ed edili. EN 343. REFLEX: strisce riflettenti larghe 50 mm. TESSUTO: Disponibile per uomo e donna. Giallo alta visibilit\u00e0. Zip a 2 vie. Protezione ad alta visibilit\u00e0. TASCHE: Tasca sul petto con patta. Tasche interne, di cui una in rete. Tasca interna per iPad. ISTRUZIONI DI LAVAGGIO: Numero di lavaggi: 20, non centrifugare. CERTIFICAZIONE: EN 342 insieme all'Art. 7885. EN 343, classe 3.1. gruppo di certificazione C<\/p>\n<p>100% poliestere, twill, elasticizzato, spalmato, impermeabile 11.000 mm, antivento, traspirante Ret 6.3, 150 g\/m\u00b2<\/p>","protected":false},"excerpt":{"rendered":"<p>Warme Warnschutz-Winterjacke, speziell f\u00fcr Damen geschnitten. Die Jacke hat ein Steppfutter und ein robustes, wind- und wasserdichtes Aussenmaterial mit verschweissten N\u00e4hten. Ebenso sch\u00fctzen dunkle Kontrastbereiche die Jacke vor zu grosser Verschmutzung. Die Bewegungsfreiheit wird durch einen Zwei-Wege-Reissverschluss, vorgeformte Arme und einen verl\u00e4ngerten R\u00fccken erh\u00f6ht. 50 mm breite Reflexstreifen sorgen f\u00fcr Sichtbarkeit. Zertifiziert nach EN 342, [&hellip;]<\/p>\n","protected":false},"featured_media":597844,"template":"","meta":[],"product_brand":[],"product_cat":[4186],"product_tag":[],"class_list":{"0":"post-597829","1":"product","2":"type-product","3":"status-publish","4":"has-post-thumbnail","6":"product_cat-jacken","7":"pa_brand-blaklaeder","8":"pa_brand-type-workwear","9":"pa_filter-color-blau","10":"pa_filter-color-gelb","11":"pa_filter-color-orange","12":"pa_filter-color-rot","13":"pa_filter-color-schwarz","15":"first","16":"instock","17":"sale","18":"taxable","19":"shipping-taxable","20":"purchasable","21":"product-type-variable","22":"add-to-wishlist-before_image"},"exclude_global_add_ons":[],"addons":[],"acf":[],"_links":{"self":[{"href":"https:\/\/shop.kustom.ch\/it\/wp-json\/wp\/v2\/product\/597829"}],"collection":[{"href":"https:\/\/shop.kustom.ch\/it\/wp-json\/wp\/v2\/product"}],"about":[{"href":"https:\/\/shop.kustom.ch\/it\/wp-json\/wp\/v2\/types\/product"}],"wp:featuredmedia":[{"embeddable":true,"href":"https:\/\/shop.kustom.ch\/it\/wp-json\/wp\/v2\/media\/597844"}],"wp:attachment":[{"href":"https:\/\/shop.kustom.ch\/it\/wp-json\/wp\/v2\/media?parent=597829"}],"wp:term":[{"taxonomy":"product_brand","embeddable":true,"href":"https:\/\/shop.kustom.ch\/it\/wp-json\/wp\/v2\/product_brand?post=597829"},{"taxonomy":"product_cat","embeddable":true,"href":"https:\/\/shop.kustom.ch\/it\/wp-json\/wp\/v2\/product_cat?post=597829"},{"taxonomy":"product_tag","embeddable":true,"href":"https:\/\/shop.kustom.ch\/it\/wp-json\/wp\/v2\/product_tag?post=597829"}],"curies":[{"name":"wp","href":"https:\/\/api.w.org\/{rel}","templated":true}]}}