{"id":597774,"date":"2025-03-05T01:44:40","date_gmt":"2025-03-05T00:44:40","guid":{"rendered":"https:\/\/shop.kustom.ch\/?post_type=product&#038;p=597774"},"modified":"2026-03-31T09:04:45","modified_gmt":"2026-03-31T08:04:45","slug":"high-vis-winterjacke-6","status":"publish","type":"product","link":"https:\/\/shop.kustom.ch\/it\/prodotto\/high-vis-winterjacke-6\/","title":{"rendered":"Giacca invernale High Vis"},"content":{"rendered":"<p>Giacca invernale ad alta visibilit\u00e0 realizzata in tessuto elasticizzato altamente resistente, idrorepellente e antisporco all'esterno. La giacca presenta pannelli di colore scuro nelle aree pi\u00f9 esposte allo sporco. Le soluzioni tascabili, spaziose e ingegnose, comprendono tasche anteriori, tasche sul petto con cerniera, portapenne e portacellulare, oltre a due tasche interne, una pi\u00f9 grande per i guanti e una pi\u00f9 piccola con chiusura in Velcro\u00ae.<\/p>\n<p>CHIUSURA: Vita regolabile con coulisse. Polsino interno con foro per il pollice. DETTAGLI: cerniera nella fodera per facilitare la rifinitura del tessuto. Tasca per carte d'identit\u00e0 a scomparsa. Cappuccio staccabile e regolabile con fodera calda. Collo alto. Cuciture nastrate. CHIUSURA ANTERIORE: doppia patta antivento con chiusura a velcro. FUNZIONALIT\u00c0: materiale antivento e impermeabile con traspirabilit\u00e0, cuciture nastrate. Maniche preformate. PROPRIET\u00c0 PRINCIPALI: Lavoratori stradali e edili. RIS-3279-TOM . REFLEX: Materiale riflettente su busto, maniche e spalle. TESSUTO: Disponibile per uomo e donna. Giallo alta visibilit\u00e0. Impermeabile. Alta visibilit\u00e0. TASCHE: Tasche sul petto, una con spazio per cellulare e penne. Tasche interne, una con rete. Tasche anteriori con zip, foderate in pile. ISTRUZIONI DI LAVAGGIO: Numero di lavaggi: 20, non stirare. CERTIFICAZIONE: EN 342 insieme all'art. 1885. EN 343, classe 4.1. EN ISO 20471, XXS classe 1, XS-M classe 2, L-&gt; classe 3.<\/p>\n<p>100% poliestere, twill, elasticizzato, spalmato, impermeabile 11.000 mm, antivento, traspirante Ret 6.3, 150 g\/m\u00b2<\/p>","protected":false},"excerpt":{"rendered":"<p>High-Vis Winterjacke aus sehr haltbarem, wasser- und schmutzabweisendem Stretchstoff aussen. Die Jacke hat in den st\u00e4rker schmutzausgesetzten Bereichen dunkelfarbige Felder. Ger\u00e4umige und ausgekl\u00fcgelte Taschenl\u00f6sungen umfassen Fronttaschen, Brusttaschen mit Reissverschluss, Stifthalter und Handytasche, sowie zwei Innentaschen, eine gr\u00f6ssere f\u00fcr Handschuhe und eine kleinere mit Velcro\u00ae-Verschluss. ABSCHLUSS: Verstellbarer Bund mit Kordelzug. Innenb\u00fcndchen mit Daumenloch. DETAILS: Reissverschluss im [&hellip;]<\/p>\n","protected":false},"featured_media":597808,"template":"","meta":[],"product_brand":[],"product_cat":[4186],"product_tag":[],"class_list":{"0":"post-597774","1":"product","2":"type-product","3":"status-publish","4":"has-post-thumbnail","6":"product_cat-jacken","7":"pa_brand-blaklaeder","8":"pa_brand-type-workwear","9":"pa_filter-color-blau","10":"pa_filter-color-gelb","11":"pa_filter-color-grau","12":"pa_filter-color-orange","13":"pa_filter-color-rot","14":"pa_filter-color-schwarz","16":"first","17":"instock","18":"sale","19":"taxable","20":"shipping-taxable","21":"purchasable","22":"product-type-variable","23":"add-to-wishlist-before_image"},"exclude_global_add_ons":[],"addons":[],"acf":[],"_links":{"self":[{"href":"https:\/\/shop.kustom.ch\/it\/wp-json\/wp\/v2\/product\/597774"}],"collection":[{"href":"https:\/\/shop.kustom.ch\/it\/wp-json\/wp\/v2\/product"}],"about":[{"href":"https:\/\/shop.kustom.ch\/it\/wp-json\/wp\/v2\/types\/product"}],"wp:featuredmedia":[{"embeddable":true,"href":"https:\/\/shop.kustom.ch\/it\/wp-json\/wp\/v2\/media\/597808"}],"wp:attachment":[{"href":"https:\/\/shop.kustom.ch\/it\/wp-json\/wp\/v2\/media?parent=597774"}],"wp:term":[{"taxonomy":"product_brand","embeddable":true,"href":"https:\/\/shop.kustom.ch\/it\/wp-json\/wp\/v2\/product_brand?post=597774"},{"taxonomy":"product_cat","embeddable":true,"href":"https:\/\/shop.kustom.ch\/it\/wp-json\/wp\/v2\/product_cat?post=597774"},{"taxonomy":"product_tag","embeddable":true,"href":"https:\/\/shop.kustom.ch\/it\/wp-json\/wp\/v2\/product_tag?post=597774"}],"curies":[{"name":"wp","href":"https:\/\/api.w.org\/{rel}","templated":true}]}}