{"id":597640,"date":"2025-03-05T01:29:55","date_gmt":"2025-03-05T00:29:55","guid":{"rendered":"https:\/\/shop.kustom.ch\/?post_type=product&#038;p=597640"},"modified":"2026-03-31T09:04:31","modified_gmt":"2026-03-31T08:04:31","slug":"high-vis-fleecejacke-2","status":"publish","type":"product","link":"https:\/\/shop.kustom.ch\/it\/prodotto\/high-vis-fleecejacke-2\/","title":{"rendered":"Giacca in pile High Vis"},"content":{"rendered":"<p>Confortevole giacca ad alta visibilit\u00e0 in quattro diverse combinazioni di colori. Ha una vestibilit\u00e0 ergonomica per una buona libert\u00e0 di movimento e dispone di numerose tasche intelligenti, come quelle sul petto, quelle laterali e quella per il cellulare. Certificato secondo la norma EN 471, XS-S classe 2 M-XXXL.<\/p>\n<p>CHIUSURA: Vita regolabile con coulisse. Polsini elasticizzati regolabili. DETTAGLI: Tasca per carte d'identit\u00e0 incassata. CHIUSURA ANTERIORE: zip in plastica. PROPRIET\u00c0 PRINCIPALI: Lavoratore su strada e in edilizia. RIS-3279-TOM . REFLEX: Materiale riflettente su corpo, maniche e spalle. TESSUTO: Uomo. Giallo alta visibilit\u00e0. Alta visibilit\u00e0. TASCHE: Tasca sul petto con zip. Due tasche anteriori. ISTRUZIONI DI LAVAGGIO: Numero di lavaggi: 25, non centrifugare. CERTIFICAZIONE: Gruppo di certificazione C -&gt;M<\/p>\n<p>100 poliestere %, pile, spazzolato su un lato, antipilling, 250 g\/m\u00b2<\/p>","protected":false},"excerpt":{"rendered":"<p>Bequeme High Vis Jacke in vier verschiedenen Farbkombinationen. Sie hat eine ergonomische Passform f\u00fcr gute Bewegungsfreiheit und besitzt viele intelligente Taschen wie Brusttaschen, Seitentaschen und Handytasche. Zertifiziert nach EN 471, XS-S Klasse 2 M-XXXL. ABSCHLUSS: Verstellbarer Bund mit Kordelzug. Verstellbare \u00c4rmelb\u00fcndchen mit Gummizug. DETAILS: Ausweistasche versenkbar. FRONTVERSCHLUSS: Reissverschluss aus Kunststoff. HAUPTEIGENSCHAFTEN: Strassen- und Bauarbeiter. RIS-3279-TOM [&hellip;]<\/p>\n","protected":false},"featured_media":597695,"template":"","meta":[],"product_brand":[],"product_cat":[4186],"product_tag":[],"class_list":{"0":"post-597640","1":"product","2":"type-product","3":"status-publish","4":"has-post-thumbnail","6":"product_cat-jacken","7":"pa_brand-blaklaeder","8":"pa_brand-type-workwear","9":"pa_filter-color-gelb","10":"pa_filter-color-orange","12":"first","13":"instock","14":"sale","15":"taxable","16":"shipping-taxable","17":"purchasable","18":"product-type-variable","19":"add-to-wishlist-before_image"},"exclude_global_add_ons":[],"addons":[],"acf":[],"_links":{"self":[{"href":"https:\/\/shop.kustom.ch\/it\/wp-json\/wp\/v2\/product\/597640"}],"collection":[{"href":"https:\/\/shop.kustom.ch\/it\/wp-json\/wp\/v2\/product"}],"about":[{"href":"https:\/\/shop.kustom.ch\/it\/wp-json\/wp\/v2\/types\/product"}],"wp:featuredmedia":[{"embeddable":true,"href":"https:\/\/shop.kustom.ch\/it\/wp-json\/wp\/v2\/media\/597695"}],"wp:attachment":[{"href":"https:\/\/shop.kustom.ch\/it\/wp-json\/wp\/v2\/media?parent=597640"}],"wp:term":[{"taxonomy":"product_brand","embeddable":true,"href":"https:\/\/shop.kustom.ch\/it\/wp-json\/wp\/v2\/product_brand?post=597640"},{"taxonomy":"product_cat","embeddable":true,"href":"https:\/\/shop.kustom.ch\/it\/wp-json\/wp\/v2\/product_cat?post=597640"},{"taxonomy":"product_tag","embeddable":true,"href":"https:\/\/shop.kustom.ch\/it\/wp-json\/wp\/v2\/product_tag?post=597640"}],"curies":[{"name":"wp","href":"https:\/\/api.w.org\/{rel}","templated":true}]}}