{"id":597551,"date":"2025-03-05T01:28:38","date_gmt":"2025-03-05T00:28:38","guid":{"rendered":"https:\/\/shop.kustom.ch\/?post_type=product&#038;p=597551"},"modified":"2026-03-31T09:04:29","modified_gmt":"2026-03-31T08:04:29","slug":"high-vis-funktionsjacke","status":"publish","type":"product","link":"https:\/\/shop.kustom.ch\/it\/prodotto\/high-vis-funktionsjacke\/","title":{"rendered":"Giacca funzionale High Vis"},"content":{"rendered":"<p>Giacca funzionale leggera, antivento e impermeabile con cuciture nastrate. Foderata in rete con coulisse in vita e nella parte inferiore della giacca. La giacca ha un collo alto con zip a tutta lunghezza per una protezione confortevole. Certificata secondo la norma EN ISO 20471, XXS-XS classe 2, S-XXL classe 3, abbigliamento protettivo ad alta visibilit\u00e0 e EN 343 - abbigliamento protettivo in caso di maltempo.<\/p>\n<p>CHIUSURA: Schiena allungata. Polsini regolabili con chiusura in velcro. DETTAGLI: Tasca per carte d'identit\u00e0 incassata. Cappuccio staccabile che pu\u00f2 essere arrotolato nel colletto. Collo foderato in pile. CHIUSURA ANTERIORE: Cerniera in plastica nascosta. FUNZIONALIT\u00c0: Ventilazione sul carr\u00e9. PROPRIET\u00c0 PRINCIPALI: Lavoratori stradali ed edili. EN 343. REFLEX: Dettagli riflettenti sul cappuccio. TESSUTO: Uomo. Giallo alta visibilit\u00e0. Traspirabilit\u00e0. Alta visibilit\u00e0. TASCHE: Tasca sul petto con zip idrorepellente e fodera in pile. Tasca interna per cellulare. Tasche anteriori con cerniera. ISTRUZIONI DI LAVAGGIO: Numero di lavaggi: 20, non lavare a secco. CERTIFICAZIONE: EN 343, classe 4.4. gruppo di certificazione C -&gt;M<\/p>\n<p>100% poliestere, Oxford, rivestito, impermeabile 15.000 mm, antivento, traspirante Ret 8.5, 200g\/m\u00b2<\/p>","protected":false},"excerpt":{"rendered":"<p>Eine leichte, wind- und wasserdichte Funktionsjacke mit verklebten N\u00e4hten. Mesh-gef\u00fcttert mit Kordelzug an der Taille und im unteren Teil der Jacke. Die Jacke hat einen hohen Kragen mit durchgehendem Reissverschluss f\u00fcr einen bequemen Schutz. Zertifiziert nach EN ISO 20471, XXS-XS Klasse 2, S-XXL Klasse 3, Schutzkleidung mit hoher Sichtbarkeit und EN 343 &#8211; Schutzkleidung bei [&hellip;]<\/p>\n","protected":false},"featured_media":597583,"template":"","meta":[],"product_brand":[],"product_cat":[4186],"product_tag":[],"class_list":{"0":"post-597551","1":"product","2":"type-product","3":"status-publish","4":"has-post-thumbnail","6":"product_cat-jacken","7":"pa_brand-blaklaeder","8":"pa_brand-type-workwear","9":"pa_filter-color-blau","10":"pa_filter-color-gelb","11":"pa_filter-color-gruen","12":"pa_filter-color-orange","13":"pa_filter-color-rot","14":"pa_filter-color-schwarz","16":"first","17":"instock","18":"sale","19":"taxable","20":"shipping-taxable","21":"purchasable","22":"product-type-variable","23":"add-to-wishlist-before_image"},"exclude_global_add_ons":[],"addons":[],"acf":[],"_links":{"self":[{"href":"https:\/\/shop.kustom.ch\/it\/wp-json\/wp\/v2\/product\/597551"}],"collection":[{"href":"https:\/\/shop.kustom.ch\/it\/wp-json\/wp\/v2\/product"}],"about":[{"href":"https:\/\/shop.kustom.ch\/it\/wp-json\/wp\/v2\/types\/product"}],"wp:featuredmedia":[{"embeddable":true,"href":"https:\/\/shop.kustom.ch\/it\/wp-json\/wp\/v2\/media\/597583"}],"wp:attachment":[{"href":"https:\/\/shop.kustom.ch\/it\/wp-json\/wp\/v2\/media?parent=597551"}],"wp:term":[{"taxonomy":"product_brand","embeddable":true,"href":"https:\/\/shop.kustom.ch\/it\/wp-json\/wp\/v2\/product_brand?post=597551"},{"taxonomy":"product_cat","embeddable":true,"href":"https:\/\/shop.kustom.ch\/it\/wp-json\/wp\/v2\/product_cat?post=597551"},{"taxonomy":"product_tag","embeddable":true,"href":"https:\/\/shop.kustom.ch\/it\/wp-json\/wp\/v2\/product_tag?post=597551"}],"curies":[{"name":"wp","href":"https:\/\/api.w.org\/{rel}","templated":true}]}}