{"id":597452,"date":"2025-03-05T01:26:19","date_gmt":"2025-03-05T00:26:19","guid":{"rendered":"https:\/\/shop.kustom.ch\/?post_type=product&#038;p=597452"},"modified":"2026-03-31T09:04:12","modified_gmt":"2026-03-31T08:04:12","slug":"high-vis-winterjacke-4","status":"publish","type":"product","link":"https:\/\/shop.kustom.ch\/it\/prodotto\/high-vis-winterjacke-4\/","title":{"rendered":"Giacca invernale High Vis"},"content":{"rendered":"<p>La scelta dell'abbigliamento da lavoro \u00e8 molto importante quando si lavora in ambienti difficili. Pertanto, scegliete una giacca funzionale ad alta visibilit\u00e0 con colori fluorescenti e riflettori. La giacca ha una fodera allegata che mantiene il corpo caldo ed \u00e8 comoda da indossare tutto il giorno. Doppia tasca foderata e zip nella fodera posteriore per il massimo comfort. Certificato secondo la norma EN 471 \/ EN ISO 20471 Classe 3, abbigliamento protettivo ad alta visibilit\u00e0. EN 342, protezione in ambienti freddi.<\/p>\n<p>CHIUSURA: Vita regolabile con bottone. Polsini regolabili con chiusura a velcro. DETTAGLI: cerniera nella fodera per facilitare la rifinitura del tessuto. Tasca per carte d'identit\u00e0 a scomparsa. Cappuccio staccabile e regolabile (venduto separatamente, articoli 2165 e 2166). CHIUSURA ANTERIORE: zip nascosta in plastica rinforzata. FUNZIONALIT\u00c0: Materiale idrorepellente resistente. CARATTERISTICHE PRINCIPALI: Driver. EN ISO 20471. REFLEX: materiale riflettente su busto, maniche e spalle. TESSUTO: Uomo. Giallo alta visibilit\u00e0. idrorepellente. Protezione ad alta visibilit\u00e0. TASCHE: Tasche sul petto con zip. Tasca interna per cellulare. Tasca interna con chiusura a velcro. Tasche anteriori con pattina e tasche laterali. Tasca sulla manica con portapenne. ISTRUZIONI DI LAVAGGIO: Numero di lavaggi: 25, non candeggiare. CERTIFICAZIONE: EN 342 insieme all'art. 1883 o 1885. EN ISO 20471, Classe 3<\/p>\n<p>70% poliestere, 30% cotone, twill, tessuto esterno idrorepellente, 230g\/m\u00b2.<\/p>","protected":false},"excerpt":{"rendered":"<p>Die Wahl der Arbeitskleidung ist bei der Arbeit in rauer Umgebung sehr wichtig. W\u00e4hlen Sie deswegen eine funktionelle High Vis Jacke mit fluoreszierenden Farben und Reflektoren aus. Die Jacke hat ein aufgesetztes Futter, das den K\u00f6rper warm h\u00e4lt und den ganzen Tag bequem zu tragen ist. Gef\u00fctterte Doppeltasche und Reissverschluss im R\u00fcckenfutter f\u00fcr den besten [&hellip;]<\/p>\n","protected":false},"featured_media":597516,"template":"","meta":[],"product_brand":[],"product_cat":[4186],"product_tag":[],"class_list":{"0":"post-597452","1":"product","2":"type-product","3":"status-publish","4":"has-post-thumbnail","6":"product_cat-jacken","7":"pa_brand-blaklaeder","8":"pa_brand-type-workwear","9":"pa_filter-color-blau","10":"pa_filter-color-gelb","11":"pa_filter-color-schwarz","13":"first","14":"instock","15":"sale","16":"taxable","17":"shipping-taxable","18":"purchasable","19":"product-type-variable","20":"add-to-wishlist-before_image"},"exclude_global_add_ons":[],"addons":[],"acf":[],"_links":{"self":[{"href":"https:\/\/shop.kustom.ch\/it\/wp-json\/wp\/v2\/product\/597452"}],"collection":[{"href":"https:\/\/shop.kustom.ch\/it\/wp-json\/wp\/v2\/product"}],"about":[{"href":"https:\/\/shop.kustom.ch\/it\/wp-json\/wp\/v2\/types\/product"}],"wp:featuredmedia":[{"embeddable":true,"href":"https:\/\/shop.kustom.ch\/it\/wp-json\/wp\/v2\/media\/597516"}],"wp:attachment":[{"href":"https:\/\/shop.kustom.ch\/it\/wp-json\/wp\/v2\/media?parent=597452"}],"wp:term":[{"taxonomy":"product_brand","embeddable":true,"href":"https:\/\/shop.kustom.ch\/it\/wp-json\/wp\/v2\/product_brand?post=597452"},{"taxonomy":"product_cat","embeddable":true,"href":"https:\/\/shop.kustom.ch\/it\/wp-json\/wp\/v2\/product_cat?post=597452"},{"taxonomy":"product_tag","embeddable":true,"href":"https:\/\/shop.kustom.ch\/it\/wp-json\/wp\/v2\/product_tag?post=597452"}],"curies":[{"name":"wp","href":"https:\/\/api.w.org\/{rel}","templated":true}]}}