{"id":597415,"date":"2025-03-05T01:25:41","date_gmt":"2025-03-05T00:25:41","guid":{"rendered":"https:\/\/shop.kustom.ch\/?post_type=product&#038;p=597415"},"modified":"2026-03-31T09:04:11","modified_gmt":"2026-03-31T08:04:11","slug":"high-vis-winterjacke-3","status":"publish","type":"product","link":"https:\/\/shop.kustom.ch\/it\/prodotto\/high-vis-winterjacke-3\/","title":{"rendered":"Giacca invernale High Vis"},"content":{"rendered":"<p>Una giacca ad alta visibilit\u00e0 con una superficie impermeabile che tiene lontano il vento e l'umidit\u00e0. La giacca \u00e8 dotata di una fodera trapuntata e di una pratica cerniera nella fodera sul retro. La giacca \u00e8 stata progettata in modo da essere visibile da tutte le direzioni con strisce riflettenti ovunque, anche sulle spalle, in modo da essere visibili anche quando ci si china. Certificato secondo la norma EN ISO 20471, XXS classe 2 XS-XXXL classe 3, abbigliamento protettivo ad alta visibilit\u00e0. Abbigliamento protettivo contro il freddo EN 342.<\/p>\n<p>CHIUSURA: Vita regolabile con bottone. Polsini regolabili con chiusura a velcro. DETTAGLI: cerniera nella fodera per facilitare la rifinitura del tessuto. Tasca per carte d'identit\u00e0 a scomparsa. Cappuccio staccabile e regolabile (venduto separatamente, n. articolo 2165, 2166). Collo foderato in pile. CHIUSURA ANTERIORE: zip nascosta in plastica rinforzata. FUNZIONALIT\u00c0: materiale antivento e impermeabile con traspirabilit\u00e0, cuciture nastrate. CARATTERISTICHE PRINCIPALI: Conducente. EN 342. REFLEX: materiale riflettente su busto, maniche e spalle. TESSUTO: Uomo. blu. impermeabile. Alta visibilit\u00e0. TASCHE: Tasche sul petto con zip. Tasca interna per cellulare. Tasca interna con chiusura a velcro. Tasche anteriori con pattina e tasche laterali. Tasca sulla manica con portapenne. ISTRUZIONI DI LAVAGGIO: Numero di lavaggi: 20, non candeggiare. CERTIFICAZIONE: EN 342 insieme all'art. 1883 o 1885. EN 343, Classe 3.1. EN ISO 20471 Classe 2 XXS, Classe 3 XS-&gt;.<\/p>\n<p>100% poliestere, Oxford, rivestito, impermeabile 15.000 mm, antivento, traspirante Ret 8.5, 200g\/m\u00b2<\/p>","protected":false},"excerpt":{"rendered":"<p>Eine High Vis Jacke, die mit ihrer wasserdichten Oberfl\u00e4che Wind und N\u00e4sse fernh\u00e4lt. Die Jacke hat ein gestepptes Futter und einen praktischen Reissverschluss im Futter am R\u00fccken. Die Jacke wurde so designed, dass Sie aus allen Richtungen sichtbar sind mit Reflexstreifen \u00fcberall, sogar an den Schultern, damit Sie auch sichtbar sind, wenn Sie sich b\u00fccken. [&hellip;]<\/p>\n","protected":false},"featured_media":597482,"template":"","meta":[],"product_brand":[],"product_cat":[4186],"product_tag":[],"class_list":{"0":"post-597415","1":"product","2":"type-product","3":"status-publish","4":"has-post-thumbnail","6":"product_cat-jacken","7":"pa_brand-blaklaeder","8":"pa_brand-type-workwear","9":"pa_filter-color-blau","10":"pa_filter-color-gelb","11":"pa_filter-color-orange","12":"pa_filter-color-schwarz","14":"first","15":"instock","16":"sale","17":"taxable","18":"shipping-taxable","19":"purchasable","20":"product-type-variable","21":"add-to-wishlist-before_image"},"exclude_global_add_ons":[],"addons":[],"acf":[],"_links":{"self":[{"href":"https:\/\/shop.kustom.ch\/it\/wp-json\/wp\/v2\/product\/597415"}],"collection":[{"href":"https:\/\/shop.kustom.ch\/it\/wp-json\/wp\/v2\/product"}],"about":[{"href":"https:\/\/shop.kustom.ch\/it\/wp-json\/wp\/v2\/types\/product"}],"wp:featuredmedia":[{"embeddable":true,"href":"https:\/\/shop.kustom.ch\/it\/wp-json\/wp\/v2\/media\/597482"}],"wp:attachment":[{"href":"https:\/\/shop.kustom.ch\/it\/wp-json\/wp\/v2\/media?parent=597415"}],"wp:term":[{"taxonomy":"product_brand","embeddable":true,"href":"https:\/\/shop.kustom.ch\/it\/wp-json\/wp\/v2\/product_brand?post=597415"},{"taxonomy":"product_cat","embeddable":true,"href":"https:\/\/shop.kustom.ch\/it\/wp-json\/wp\/v2\/product_cat?post=597415"},{"taxonomy":"product_tag","embeddable":true,"href":"https:\/\/shop.kustom.ch\/it\/wp-json\/wp\/v2\/product_tag?post=597415"}],"curies":[{"name":"wp","href":"https:\/\/api.w.org\/{rel}","templated":true}]}}