{"id":597344,"date":"2025-03-05T01:24:27","date_gmt":"2025-03-05T00:24:27","guid":{"rendered":"https:\/\/shop.kustom.ch\/?post_type=product&#038;p=597344"},"modified":"2026-03-31T09:03:54","modified_gmt":"2026-03-31T08:03:54","slug":"flammschutz-unterhemd-half-zip-68-merinowolle","status":"publish","type":"product","link":"https:\/\/shop.kustom.ch\/it\/prodotto\/flammschutz-unterhemd-half-zip-68-merinowolle\/","title":{"rendered":"Gilet con mezza zip ignifuga, lana merino 68%"},"content":{"rendered":"<p>Gilet ignifugo con mezza zip in lana merino di alta qualit\u00e0. La migliore qualit\u00e0 in termini di materiali e lavorazione garantisce tutti i requisiti di un buon abbigliamento intimo. Questo modello ha la schiena allungata e il collo alto per un'eccellente protezione in condizioni climatiche fredde e rigide. Oltre alla vestibilit\u00e0 ergonomica e alle propriet\u00e0 protettive, questa biancheria intima ha la capacit\u00e0 unica di trattenere il calore sia in ambienti umidi che asciutti. \u00c8 ideale per ambienti interni ed esterni. Lavabile con un ciclo delicato a 60\u00baC. Certificato secondo le norme EN 1149-5, EN ISO 11612, IEC 61482-2. EBT 7,3 cal\/cm\u00b2.<\/p>\n<p>CHIUSURA: Schiena allungata. Polsini con risvolto. DETTAGLI: Etichette di certificazione esterne. Collo alto con zip nascosta. Cuciture a contrasto. CARATTERISTICHE PRINCIPALI: EN 1149-5. TESSUTO: Uomo. nero. Ritardante di fiamma. ISTRUZIONI DI LAVAGGIO: Asciugare a bassa temperatura. CERTIFICAZIONE: EBT 7,3 cal\/cm\u00b2, HAF: 78,6%. EN 1149-5. ISO 11612 A1, B1, C1. ELIM - 6,2 cal\/cm\u00b2<\/p>\n<p>68% lana, 30% modacrilico, 2% antistatico, interlock merino, ritardante di fiamma, antistatico, 225 g\/m\u00b2<\/p>","protected":false},"excerpt":{"rendered":"<p>Flammschutz Unterhemd mit Half-Zip aus hochqualitativer Merinowolle. Die beste Qualit\u00e4t in Bezug auf Material und Verarbeitung garantiert alle Anforderungen von guter Unterw\u00e4sche. Dieses Modell hat einen verl\u00e4ngerten R\u00fccken und einen hohen Kragen f\u00fcr einen ausgezeichneten Schutz unter kalten und rauen Wetterbedingungen. Neben einer ergonomischen Passform und den Schutzeigenschaften hat diese Unterw\u00e4sche die einzigartige F\u00e4higkeit die [&hellip;]<\/p>\n","protected":false},"featured_media":597386,"template":"","meta":[],"product_brand":[],"product_cat":[4206],"product_tag":[],"class_list":{"0":"post-597344","1":"product","2":"type-product","3":"status-publish","4":"has-post-thumbnail","6":"product_cat-underwear","7":"pa_brand-blaklaeder","8":"pa_brand-type-workwear","9":"pa_filter-color-schwarz","11":"first","12":"instock","13":"sale","14":"taxable","15":"shipping-taxable","16":"purchasable","17":"product-type-variable","18":"add-to-wishlist-before_image"},"exclude_global_add_ons":[],"addons":[],"acf":[],"_links":{"self":[{"href":"https:\/\/shop.kustom.ch\/it\/wp-json\/wp\/v2\/product\/597344"}],"collection":[{"href":"https:\/\/shop.kustom.ch\/it\/wp-json\/wp\/v2\/product"}],"about":[{"href":"https:\/\/shop.kustom.ch\/it\/wp-json\/wp\/v2\/types\/product"}],"wp:featuredmedia":[{"embeddable":true,"href":"https:\/\/shop.kustom.ch\/it\/wp-json\/wp\/v2\/media\/597386"}],"wp:attachment":[{"href":"https:\/\/shop.kustom.ch\/it\/wp-json\/wp\/v2\/media?parent=597344"}],"wp:term":[{"taxonomy":"product_brand","embeddable":true,"href":"https:\/\/shop.kustom.ch\/it\/wp-json\/wp\/v2\/product_brand?post=597344"},{"taxonomy":"product_cat","embeddable":true,"href":"https:\/\/shop.kustom.ch\/it\/wp-json\/wp\/v2\/product_cat?post=597344"},{"taxonomy":"product_tag","embeddable":true,"href":"https:\/\/shop.kustom.ch\/it\/wp-json\/wp\/v2\/product_tag?post=597344"}],"curies":[{"name":"wp","href":"https:\/\/api.w.org\/{rel}","templated":true}]}}