{"id":597290,"date":"2025-03-05T01:23:48","date_gmt":"2025-03-05T00:23:48","guid":{"rendered":"https:\/\/shop.kustom.ch\/?post_type=product&#038;p=597290"},"modified":"2026-03-31T09:03:51","modified_gmt":"2026-03-31T08:03:51","slug":"damen-high-vis-softshell-jacke-2","status":"publish","type":"product","link":"https:\/\/shop.kustom.ch\/it\/prodotto\/damen-high-vis-softshell-jacke-2\/","title":{"rendered":"Giacca softshell da donna ad alta visibilit\u00e0"},"content":{"rendered":"<p>Giacca leggera dal taglio femminile. Il materiale softshell la rende estremamente morbida, elastica e confortevole. La giacca bicolore presenta colori a contrasto nelle aree esposte per una visibilit\u00e0 e una sicurezza ottimali quando ne avete pi\u00f9 bisogno. Questa giacca high vis di design \u00e8 certificata secondo gli standard di sicurezza e presenta la leggerezza, l'elasticit\u00e0 e la durata di un abbigliamento da lavoro ad alte prestazioni. Inoltre, il tessuto \u00e8 impermeabile e il cappuccio pu\u00f2 essere rimosso se necessario. Certificato secondo lo standard EN ISO 20471, abbigliamento protettivo ad alta visibilit\u00e0 di Classe 2.<\/p>\n<p>CHIUSURA: Vita regolabile con coulisse. Polsini regolabili con chiusura a velcro. DETTAGLI: Buone superfici per le rifiniture. Anello a D. Cappuccio staccabile. Collo alto. Spallacci in colore a contrasto. CHIUSURA ANTERIORE: robusta cerniera in plastica a due vie. FUNZIONALIT\u00c0: toppe di colore scuro nelle zone esposte allo sporco. Taglia da donna. PROPRIET\u00c0 PRINCIPALI: Lavoratori stradali e dell'edilizia. RIS-3279-TOM . REFLEX: Strisce riflettenti su corpo e maniche. TESSUTO: Disponibile per uomo e donna. Giallo alta visibilit\u00e0. Zip a 2 vie. Stretch. TASCHE: Tasca sul petto con zip. Tasche anteriori con cerniera. ISTRUZIONI DI LAVAGGIO: Numero di lavaggi: 25, non candeggiare. CERTIFICAZIONE: Gli indumenti di classe 2 e 3 in arancione sono conformi alla norma RIS-3279-TOM, edizione 2.<\/p>\n<p>92% poliestere, 8% elastan, softshell 3 strati, impermeabile 11.000 mm, antivento, traspirante Ret 20.0, elasticizzato, 255 g\/m\u00b2<\/p>","protected":false},"excerpt":{"rendered":"<p>Leichte Jacke mit femininem Schnitt. Das Softshell Material macht Sie extrem weich, geschmeidig und bequem. Die zweifarbige Jacke hat kontrastreiche Farben an exponierten Stellen f\u00fcr optimale Sichtbarkeit und Sicherheit wenn sie am dringensten gebraucht wird. Diese Designer High Vis Jacke ist nach Sicherheitsstandards zertifiziert und hat das leichte, elastische Tragegef\u00fchl und die Widerstandsf\u00e4higkeit von Hochleistungs-Arbeitskleidung. [&hellip;]<\/p>\n","protected":false},"featured_media":597340,"template":"","meta":[],"product_brand":[],"product_cat":[4186],"product_tag":[],"class_list":{"0":"post-597290","1":"product","2":"type-product","3":"status-publish","4":"has-post-thumbnail","6":"product_cat-jacken","7":"pa_brand-blaklaeder","8":"pa_brand-type-workwear","9":"pa_filter-color-blau","10":"pa_filter-color-gelb","11":"pa_filter-color-orange","12":"pa_filter-color-rot","13":"pa_filter-color-schwarz","15":"first","16":"instock","17":"sale","18":"taxable","19":"shipping-taxable","20":"purchasable","21":"product-type-variable","22":"add-to-wishlist-before_image"},"exclude_global_add_ons":[],"addons":[],"acf":[],"_links":{"self":[{"href":"https:\/\/shop.kustom.ch\/it\/wp-json\/wp\/v2\/product\/597290"}],"collection":[{"href":"https:\/\/shop.kustom.ch\/it\/wp-json\/wp\/v2\/product"}],"about":[{"href":"https:\/\/shop.kustom.ch\/it\/wp-json\/wp\/v2\/types\/product"}],"wp:featuredmedia":[{"embeddable":true,"href":"https:\/\/shop.kustom.ch\/it\/wp-json\/wp\/v2\/media\/597340"}],"wp:attachment":[{"href":"https:\/\/shop.kustom.ch\/it\/wp-json\/wp\/v2\/media?parent=597290"}],"wp:term":[{"taxonomy":"product_brand","embeddable":true,"href":"https:\/\/shop.kustom.ch\/it\/wp-json\/wp\/v2\/product_brand?post=597290"},{"taxonomy":"product_cat","embeddable":true,"href":"https:\/\/shop.kustom.ch\/it\/wp-json\/wp\/v2\/product_cat?post=597290"},{"taxonomy":"product_tag","embeddable":true,"href":"https:\/\/shop.kustom.ch\/it\/wp-json\/wp\/v2\/product_tag?post=597290"}],"curies":[{"name":"wp","href":"https:\/\/api.w.org\/{rel}","templated":true}]}}