{"id":597215,"date":"2025-03-05T01:17:21","date_gmt":"2025-03-05T00:17:21","guid":{"rendered":"https:\/\/shop.kustom.ch\/?post_type=product&#038;p=597215"},"modified":"2026-03-31T09:03:43","modified_gmt":"2026-03-31T08:03:43","slug":"shell-jacke-2","status":"publish","type":"product","link":"https:\/\/shop.kustom.ch\/it\/prodotto\/shell-jacke-2\/","title":{"rendered":"Giacca a guscio"},"content":{"rendered":"<p>Giacca a guscio con cuciture nastrate e materiale esterno antivento e impermeabile che protegge da vento, pioggia e usura esterna. La giacca shell si integra con gli altri strati di abbigliamento eliminando l'umidit\u00e0. Coulisse e stopper sull'orlo. Cappuccio staccabile con fodera in rete. Tasche funzionali, tra cui una tasca interna e una tasca interna per il cellulare. Schiena allungata per una buona vestibilit\u00e0. Certificato secondo la norma EN 343.<\/p>\n<p>CHIUSURA: vita regolabile con coulisse. Polsini regolabili. DETTAGLI: cerniera nella fodera per facilitare la rifinitura del tessuto. Stampa sul petto. Cappuccio staccabile e regolabile. CHIUSURA ANTERIORE: zip in plastica. FUNZIONALIT\u00c0: materiale antivento e impermeabile con traspirabilit\u00e0, cuciture nastrate. GAMMA TAGLIE: Il prodotto ha una gamma di taglie estesa in alcuni colori. CARATTERISTICHE PRINCIPALI: Rider. EN 343. REFLEX: Stampa riflettente su maniche e cappuccio. SIMBOLI: Cuciture nastrate. TASCHE: Tasca sul petto con zip. Tasca interna con zip. Tasche anteriori con cerniera. ISTRUZIONI DI LAVAGGIO: Non centrifugare. CERTIFICAZIONE: EN 343, classe 3.3. non certificato High Vis.<\/p>\n<p>100% poliestere, Oxford, rivestito, impermeabile 15.000 mm, antivento, traspirante Ret 8.5, 200g\/m\u00b2<\/p>","protected":false},"excerpt":{"rendered":"<p>Shell Jacke mit verschweissten N\u00e4hten und wind- und wasserdichtem Obermaterial, das vor Wind, Regen und \u00e4usserem Verschleiss sch\u00fctzt. Die Shell Jacke integriert sich mit anderen Kleidungslagen, indem sie Feuchtigkeit ableitet. Kordelzug und Stopper am Abschluss. Abnehmbare Kapuze mit Meshfutter. Funktionelle Taschen einschliesslich Innentasche und innenliegender Handytasche. Verl\u00e4ngerter R\u00fccken f\u00fcr guten Sitz. Zertifiziert nach EN 343. [&hellip;]<\/p>\n","protected":false},"featured_media":597245,"template":"","meta":[],"product_brand":[],"product_cat":[4186],"product_tag":[],"class_list":{"0":"post-597215","1":"product","2":"type-product","3":"status-publish","4":"has-post-thumbnail","6":"product_cat-jacken","7":"pa_brand-blaklaeder","8":"pa_brand-type-workwear","9":"pa_filter-color-blau","10":"pa_filter-color-braun","11":"pa_filter-color-gelb","12":"pa_filter-color-grau","13":"pa_filter-color-rot","14":"pa_filter-color-schwarz","16":"first","17":"instock","18":"sale","19":"taxable","20":"shipping-taxable","21":"purchasable","22":"product-type-variable","23":"add-to-wishlist-before_image"},"exclude_global_add_ons":[],"addons":[],"acf":[],"_links":{"self":[{"href":"https:\/\/shop.kustom.ch\/it\/wp-json\/wp\/v2\/product\/597215"}],"collection":[{"href":"https:\/\/shop.kustom.ch\/it\/wp-json\/wp\/v2\/product"}],"about":[{"href":"https:\/\/shop.kustom.ch\/it\/wp-json\/wp\/v2\/types\/product"}],"wp:featuredmedia":[{"embeddable":true,"href":"https:\/\/shop.kustom.ch\/it\/wp-json\/wp\/v2\/media\/597245"}],"wp:attachment":[{"href":"https:\/\/shop.kustom.ch\/it\/wp-json\/wp\/v2\/media?parent=597215"}],"wp:term":[{"taxonomy":"product_brand","embeddable":true,"href":"https:\/\/shop.kustom.ch\/it\/wp-json\/wp\/v2\/product_brand?post=597215"},{"taxonomy":"product_cat","embeddable":true,"href":"https:\/\/shop.kustom.ch\/it\/wp-json\/wp\/v2\/product_cat?post=597215"},{"taxonomy":"product_tag","embeddable":true,"href":"https:\/\/shop.kustom.ch\/it\/wp-json\/wp\/v2\/product_tag?post=597215"}],"curies":[{"name":"wp","href":"https:\/\/api.w.org\/{rel}","templated":true}]}}