{"id":597137,"date":"2025-03-05T01:15:35","date_gmt":"2025-03-05T00:15:35","guid":{"rendered":"https:\/\/shop.kustom.ch\/?post_type=product&#038;p=597137"},"modified":"2026-03-31T09:03:38","modified_gmt":"2026-03-31T08:03:38","slug":"high-vis-leichte-gefuetterte-winterjacke","status":"publish","type":"product","link":"https:\/\/shop.kustom.ch\/it\/prodotto\/high-vis-leichte-gefuetterte-winterjacke\/","title":{"rendered":"Giacca invernale leggera e foderata High Vis"},"content":{"rendered":"<p>Una giacca invernale leggera ad alta visibilit\u00e0 con ampia libert\u00e0 di movimento e buone propriet\u00e0 per le condizioni climatiche fredde. La giacca \u00e8 antivento e impermeabile con cuciture nastrate ed \u00e8 dotata di una leggera fodera in rete che aumenta la flessibilit\u00e0 e mantiene il calore. I dettagli riflettenti stampati sulle spalle offrono una buona visibilit\u00e0 anche dall'alto. \u00c8 inoltre possibile applicare un cappuccio in tessuto ad alta visibilit\u00e0 e bottoni a pressione (modello 2165 con fodera leggera o 2166 con fodera in rete). Certificato secondo le norme EN 343 e EN ISO 20471 XS-S classe 2, M-&gt; classe 3, abbigliamento protettivo ad alta visibilit\u00e0.<\/p>\n<p>CHIUSURA: Vita regolabile con coulisse. Polsini regolabili con chiusura a velcro. DETTAGLI: cerniera nella fodera per facilitare la rifinitura del tessuto. Anello a D. Stampa del logo sul petto. Cappuccio staccabile e regolabile (venduto separatamente, n. articolo 2165, 2166). CHIUSURA ANTERIORE: zip in plastica. FUNZIONALIT\u00c0: materiale antivento e impermeabile con traspirabilit\u00e0, cuciture nastrate. Maniche preformate. CARATTERISTICHE PRINCIPALI: Driver. EN ISO 20471. REFLEX: Dettagli riflettenti. TESSUTO: Uomo. Giallo alta visibilit\u00e0. Traspirabilit\u00e0. Alta visibilit\u00e0. TASCHE: Tasche sul petto con zip. Tasca interna con zip. Tasche laterali con zip. ISTRUZIONI DI LAVAGGIO: Numero di lavaggi: 25, non stirare. CERTIFICAZIONE: EN 342 insieme all'art. 1885. EN 343, classe 4.2. EN ISO 20471 XS-S classe 2, M classe 3.<\/p>\n<p>100% poliestere, Oxford, rivestito, impermeabile 15.000 mm, antivento, traspirante Ret 8.5, 200g\/m\u00b2<\/p>","protected":false},"excerpt":{"rendered":"<p>Eine leichte High Vis Winterjacke mit viel Bewegungsfreiheit und guten Eigenschaften f\u00fcr kalte Wetterbedingungen. Die Jacke ist wind- und wasserdicht mit verklebten N\u00e4hten und hat ein leichtes Mesh Futter, das die Flexibilit\u00e4t erh\u00f6ht und warm h\u00e4lt. Aufgedruckte Reflexdetails auf den Schultern bieten gute Sichtbarkeit sogar von oben. Eine Kapuze aus High Vis Stoff und Druckkn\u00f6pfen [&hellip;]<\/p>\n","protected":false},"featured_media":597206,"template":"","meta":[],"product_brand":[],"product_cat":[4186],"product_tag":[],"class_list":{"0":"post-597137","1":"product","2":"type-product","3":"status-publish","4":"has-post-thumbnail","6":"product_cat-jacken","7":"pa_brand-blaklaeder","8":"pa_brand-type-workwear","9":"pa_filter-color-blau","10":"pa_filter-color-gelb","11":"pa_filter-color-grau","12":"pa_filter-color-orange","13":"pa_filter-color-rot","14":"pa_filter-color-schwarz","16":"first","17":"instock","18":"sale","19":"taxable","20":"shipping-taxable","21":"purchasable","22":"product-type-variable","23":"add-to-wishlist-before_image"},"exclude_global_add_ons":[],"addons":[],"acf":[],"_links":{"self":[{"href":"https:\/\/shop.kustom.ch\/it\/wp-json\/wp\/v2\/product\/597137"}],"collection":[{"href":"https:\/\/shop.kustom.ch\/it\/wp-json\/wp\/v2\/product"}],"about":[{"href":"https:\/\/shop.kustom.ch\/it\/wp-json\/wp\/v2\/types\/product"}],"wp:featuredmedia":[{"embeddable":true,"href":"https:\/\/shop.kustom.ch\/it\/wp-json\/wp\/v2\/media\/597206"}],"wp:attachment":[{"href":"https:\/\/shop.kustom.ch\/it\/wp-json\/wp\/v2\/media?parent=597137"}],"wp:term":[{"taxonomy":"product_brand","embeddable":true,"href":"https:\/\/shop.kustom.ch\/it\/wp-json\/wp\/v2\/product_brand?post=597137"},{"taxonomy":"product_cat","embeddable":true,"href":"https:\/\/shop.kustom.ch\/it\/wp-json\/wp\/v2\/product_cat?post=597137"},{"taxonomy":"product_tag","embeddable":true,"href":"https:\/\/shop.kustom.ch\/it\/wp-json\/wp\/v2\/product_tag?post=597137"}],"curies":[{"name":"wp","href":"https:\/\/api.w.org\/{rel}","templated":true}]}}