{"id":597136,"date":"2025-03-05T01:15:35","date_gmt":"2025-03-05T00:15:35","guid":{"rendered":"https:\/\/shop.kustom.ch\/?post_type=product&#038;p=597136"},"modified":"2026-03-31T09:03:37","modified_gmt":"2026-03-31T08:03:37","slug":"flammschutz-jacke","status":"publish","type":"product","link":"https:\/\/shop.kustom.ch\/it\/prodotto\/flammschutz-jacke\/","title":{"rendered":"Giacca antifiamma"},"content":{"rendered":"<p>Giacca ignifuga con vita e polsini regolabili e piega di movimento sulla schiena per un comfort ottimale. La giacca \u00e8 robusta e idrorepellente e dispone di pratiche tasche con patta per facilitare il lavoro. Adatta al lavaggio industriale. Certificato secondo le norme EN 1149-5, EN ISO 11611, EN 13034, EN ISO 11612, IEC 61482-2. ATPV: 16,0 cal\/cm\u00b2.<\/p>\n<p>CHIUSURA: Vita regolabile con chiusura a velcro. Polsini regolabili con bottoni a pressione. DETTAGLI: Soffietti sul retro. Etichette di certificazione esterne. Passanti su entrambi i lati del petto per rilevatore di gas \/ analizzatore di ossigeno \/ microfono. CHIUSURA ANTERIORE: Cerniera metallica nascosta. FUNZIONALIT\u00c0: Repellente all'olio, allo sporco e all'acqua. PROPRIET\u00c0 PRINCIPALI: Saldatore. EN ISO 11612. TESSUTO: Uomo. blu. Ritardante di fiamma. TASCHE: Tasca sul petto con anello a D. Tasche anteriori con soffietto e patta. ISTRUZIONI DI LAVAGGIO: Non stirare. CERTIFICAZIONE: EN 1149-5. 20 lavaggi max. EN ISO 11611, classe 1 A1+A2. EN ISO 11612 A1, A2, B1, C1, E3, F1. ATPV - 16 cal\/cm\u00b2<\/p>\n<p>85% cotone, 14% poliestere, 1% antistatico, twill, ritardante la fiamma, antistatico, 350 g\/m\u00b2<\/p>","protected":false},"excerpt":{"rendered":"<p>Flammhemmende Jacke mit einstellbarem Bund- und Armabschluss und Bewegungsfalte am R\u00fccken f\u00fcr optimalen Tragekomfort. Die \u00f6l-, schmutz- und wasserabweisende Jacke ist robust und hat praktische Taschen mit Patte, um Ihre Arbeit zu erleichtern. Industriew\u00e4sche geeignet. Zertifiziert nach EN 1149-5, EN ISO 11611, EN 13034, EN ISO 11612, IEC 61482-2. ATPV: 16,0 cal\/cm\u00b2. ABSCHLUSS: Verstellbarer Bund [&hellip;]<\/p>\n","protected":false},"featured_media":597186,"template":"","meta":[],"product_brand":[],"product_cat":[4186],"product_tag":[],"class_list":{"0":"post-597136","1":"product","2":"type-product","3":"status-publish","4":"has-post-thumbnail","6":"product_cat-jacken","7":"pa_brand-blaklaeder","8":"pa_brand-type-workwear","9":"pa_filter-color-blau","11":"first","12":"instock","13":"sale","14":"taxable","15":"shipping-taxable","16":"purchasable","17":"product-type-variable","18":"add-to-wishlist-before_image"},"exclude_global_add_ons":[],"addons":[],"acf":[],"_links":{"self":[{"href":"https:\/\/shop.kustom.ch\/it\/wp-json\/wp\/v2\/product\/597136"}],"collection":[{"href":"https:\/\/shop.kustom.ch\/it\/wp-json\/wp\/v2\/product"}],"about":[{"href":"https:\/\/shop.kustom.ch\/it\/wp-json\/wp\/v2\/types\/product"}],"wp:featuredmedia":[{"embeddable":true,"href":"https:\/\/shop.kustom.ch\/it\/wp-json\/wp\/v2\/media\/597186"}],"wp:attachment":[{"href":"https:\/\/shop.kustom.ch\/it\/wp-json\/wp\/v2\/media?parent=597136"}],"wp:term":[{"taxonomy":"product_brand","embeddable":true,"href":"https:\/\/shop.kustom.ch\/it\/wp-json\/wp\/v2\/product_brand?post=597136"},{"taxonomy":"product_cat","embeddable":true,"href":"https:\/\/shop.kustom.ch\/it\/wp-json\/wp\/v2\/product_cat?post=597136"},{"taxonomy":"product_tag","embeddable":true,"href":"https:\/\/shop.kustom.ch\/it\/wp-json\/wp\/v2\/product_tag?post=597136"}],"curies":[{"name":"wp","href":"https:\/\/api.w.org\/{rel}","templated":true}]}}