{"id":597120,"date":"2025-03-05T01:15:32","date_gmt":"2025-03-05T00:15:32","guid":{"rendered":"https:\/\/shop.kustom.ch\/?post_type=product&#038;p=597120"},"modified":"2026-03-31T09:03:36","modified_gmt":"2026-03-31T08:03:36","slug":"faserpelzjacke","status":"publish","type":"product","link":"https:\/\/shop.kustom.ch\/it\/prodotto\/faserpelzjacke\/","title":{"rendered":"Giacca in pelliccia di fibra"},"content":{"rendered":"<p>Giacca in pelliccia di fibra in stile forestale per una piacevole sensazione di calore. Oltre ai fori per i pollici sulle maniche, la giacca \u00e8 dotata di una schiena allungata che trattiene il calore.<\/p>\n<p>CHIUSURA: dorso allungato. Polsini con apertura per il pollice. DETTAGLI: colletto rialzato. CHIUSURA ANTERIORE: zip in plastica. CARATTERISTICHE PRINCIPALI: Pescatore. TESSUTO: Uomo. blu. Vento\/umido\/freddo. ISTRUZIONI DI LAVAGGIO: Stiratura bassa.<\/p>\n<p>100% poliestere, pelliccia in fibra, 370g\/m\u00b2<\/p>","protected":false},"excerpt":{"rendered":"<p>Faserpelzjacke im Forststil f\u00fcr ein angenehmes W\u00e4rmegef\u00fchl. Neben Daumenl\u00f6chern an den \u00c4rmeln hat die Jacke einen verl\u00e4ngerten R\u00fccken, der die W\u00e4rme speichert. ABSCHLUSS: Verl\u00e4ngerter R\u00fccken. \u00c4rmelb\u00fcndchen mit Daumen\u00f6ffnung. DETAILS: Stehkragen. FRONTVERSCHLUSS: Reissverschluss aus Kunststoff. HAUPTEIGENSCHAFTEN: Fischer. STOFF: Herren. blau. Wind \/ N\u00e4sse \/ K\u00e4lte. WASCHANLEITUNG: B\u00fcgeln &#8211; niedrig 100% Polyester, Faserpelz, 370g\/m\u00b2<\/p>","protected":false},"featured_media":597184,"template":"","meta":[],"product_brand":[],"product_cat":[4186],"product_tag":[],"class_list":{"0":"post-597120","1":"product","2":"type-product","3":"status-publish","4":"has-post-thumbnail","6":"product_cat-jacken","7":"pa_brand-blaklaeder","8":"pa_brand-type-workwear","9":"pa_filter-color-blau","11":"first","12":"instock","13":"sale","14":"taxable","15":"shipping-taxable","16":"purchasable","17":"product-type-variable","18":"add-to-wishlist-before_image"},"exclude_global_add_ons":[],"addons":[],"acf":[],"_links":{"self":[{"href":"https:\/\/shop.kustom.ch\/it\/wp-json\/wp\/v2\/product\/597120"}],"collection":[{"href":"https:\/\/shop.kustom.ch\/it\/wp-json\/wp\/v2\/product"}],"about":[{"href":"https:\/\/shop.kustom.ch\/it\/wp-json\/wp\/v2\/types\/product"}],"wp:featuredmedia":[{"embeddable":true,"href":"https:\/\/shop.kustom.ch\/it\/wp-json\/wp\/v2\/media\/597184"}],"wp:attachment":[{"href":"https:\/\/shop.kustom.ch\/it\/wp-json\/wp\/v2\/media?parent=597120"}],"wp:term":[{"taxonomy":"product_brand","embeddable":true,"href":"https:\/\/shop.kustom.ch\/it\/wp-json\/wp\/v2\/product_brand?post=597120"},{"taxonomy":"product_cat","embeddable":true,"href":"https:\/\/shop.kustom.ch\/it\/wp-json\/wp\/v2\/product_cat?post=597120"},{"taxonomy":"product_tag","embeddable":true,"href":"https:\/\/shop.kustom.ch\/it\/wp-json\/wp\/v2\/product_tag?post=597120"}],"curies":[{"name":"wp","href":"https:\/\/api.w.org\/{rel}","templated":true}]}}