{"id":597044,"date":"2025-03-05T01:14:20","date_gmt":"2025-03-05T00:14:20","guid":{"rendered":"https:\/\/shop.kustom.ch\/?post_type=product&#038;p=597044"},"modified":"2026-03-31T09:03:13","modified_gmt":"2026-03-31T08:03:13","slug":"softshell-jacke-5","status":"publish","type":"product","link":"https:\/\/shop.kustom.ch\/it\/prodotto\/softshell-jacke-5\/","title":{"rendered":"Giacca softshell"},"content":{"rendered":"<p>Una giacca idrorepellente e antivento in morbido softshell, perfetta per dare risalto alla vostra azienda, in quanto presenta una buona superficie per le decorazioni. Questa giacca calda e confortevole \u00e8 dotata di taschino sul petto, tasche laterali, coulisse sul collo, coulisse sull'orlo e polsini regolabili.<\/p>\n<p>CHIUSURA: Vita regolabile con coulisse. Polsini regolabili con chiusura a velcro. DETTAGLI: Stampa sul petto. Colletto foderato in pile. CHIUSURA ANTERIORE: zip frontale con protezione per il mento in pile. CARATTERISTICHE PRINCIPALI: Idraulico. TESSUTO: Uomo. nero. Traspirabilit\u00e0. Vento\/umido\/freddo. TASCHE: Tasca sul petto con zip. Tasche anteriori con zip. ISTRUZIONI DI LAVAGGIO: Non lavare a secco.<\/p>\n<p>100% Poliestere, 2 strati, softshell, sigillato, idrorepellente 255 g\/m\u00b2<\/p>","protected":false},"excerpt":{"rendered":"<p>Eine wasser- und windabweisende Jacke aus weichem Softshell, die sich perfekt zur Profilierung Ihres Unternehmens eignet, da sie \u00fcber eine gute Oberfl\u00e4che f\u00fcr Veredelungen verf\u00fcgt. Die warme und komfortable Jacke hat eine Brusttasche, Seitentaschen, einen Kordelzug am Kragen, einen Kordelzug am Saum und der \u00c4rmelbund ist einstellbar. ABSCHLUSS: Verstellbarer Bund mit Kordelzug. Verstellbare \u00c4rmelb\u00fcndchen mit [&hellip;]<\/p>\n","protected":false},"featured_media":597073,"template":"","meta":[],"product_brand":[],"product_cat":[4186],"product_tag":[],"class_list":{"0":"post-597044","1":"product","2":"type-product","3":"status-publish","4":"has-post-thumbnail","6":"product_cat-jacken","7":"pa_brand-blaklaeder","8":"pa_brand-type-workwear","9":"pa_filter-color-schwarz","11":"first","12":"instock","13":"sale","14":"taxable","15":"shipping-taxable","16":"purchasable","17":"product-type-variable","18":"add-to-wishlist-before_image"},"exclude_global_add_ons":[],"addons":[],"acf":[],"_links":{"self":[{"href":"https:\/\/shop.kustom.ch\/it\/wp-json\/wp\/v2\/product\/597044"}],"collection":[{"href":"https:\/\/shop.kustom.ch\/it\/wp-json\/wp\/v2\/product"}],"about":[{"href":"https:\/\/shop.kustom.ch\/it\/wp-json\/wp\/v2\/types\/product"}],"wp:featuredmedia":[{"embeddable":true,"href":"https:\/\/shop.kustom.ch\/it\/wp-json\/wp\/v2\/media\/597073"}],"wp:attachment":[{"href":"https:\/\/shop.kustom.ch\/it\/wp-json\/wp\/v2\/media?parent=597044"}],"wp:term":[{"taxonomy":"product_brand","embeddable":true,"href":"https:\/\/shop.kustom.ch\/it\/wp-json\/wp\/v2\/product_brand?post=597044"},{"taxonomy":"product_cat","embeddable":true,"href":"https:\/\/shop.kustom.ch\/it\/wp-json\/wp\/v2\/product_cat?post=597044"},{"taxonomy":"product_tag","embeddable":true,"href":"https:\/\/shop.kustom.ch\/it\/wp-json\/wp\/v2\/product_tag?post=597044"}],"curies":[{"name":"wp","href":"https:\/\/api.w.org\/{rel}","templated":true}]}}