{"id":596985,"date":"2025-03-05T01:13:14","date_gmt":"2025-03-05T00:13:14","guid":{"rendered":"https:\/\/shop.kustom.ch\/?post_type=product&#038;p=596985"},"modified":"2026-03-31T09:03:04","modified_gmt":"2026-03-31T08:03:04","slug":"softshell-jacke-4","status":"publish","type":"product","link":"https:\/\/shop.kustom.ch\/it\/prodotto\/softshell-jacke-4\/","title":{"rendered":"Giacca softshell"},"content":{"rendered":"<p>Giacca softshell flessibile e versatile con cappuccio regolabile. Riflettori scuri su spalle e schiena e robuste cerniere. La giacca \u00e8 stata sviluppata per offrire la massima libert\u00e0 di movimento ed \u00e8 realizzata in tessuto elastico, antivento e impermeabile.<\/p>\n<p>CHIUSURA: Schiena allungata. Orlo delle maniche regolabile con bottoni a pressione in plastica nascosti. DETTAGLI: Cappuccio staccabile e regolabile. Bottone in metallo. Colletto foderato in pile. CHIUSURA ANTERIORE: zip frontale con protezione per il mento in pile. FUNZIONALIT\u00c0: elasticizzato a 2 vie. CARATTERISTICHE PRINCIPALI: Vestibilit\u00e0. REFLEX: strisce riflettenti di colore scuro su spalle e schiena. TESSUTO: Disponibile per uomo e donna. nero. idrorepellente. Stretch. TASCHE: Tasche sul petto con zip. Tasche interne. Tasche anteriori con cerniera. ISTRUZIONI DI LAVAGGIO: 40\u00b0 C<\/p>\n<p>92% poliestere, 8% elastan, softshell 3 strati, impermeabile 11.000 mm, antivento, traspirante Ret 20.0, elasticizzato, 255 g\/m\u00b2<\/p>","protected":false},"excerpt":{"rendered":"<p>Flexible und vielseitige Softshell Jacke mit verstellbarer Kapuze. Dunkle Reflektoren an Schultern und R\u00fccken sowie robuste Reissverschl\u00fcsse. Die Jacke wurde entwickelt, um maximale Bewegungsfreiheit zu bieten und sie besteht aus einem dehnbaren, wind- und wasserdichten Stoff. ABSCHLUSS: Verl\u00e4ngerter R\u00fccken. Einstellbarer \u00c4rmelsaum mit verdeckten Kunststoff-Druckkn\u00f6pfen. DETAILS: Abnehmbare, verstellbare Kapuze. Metallknopf. Fleecegef\u00fctterter Kragen. FRONTVERSCHLUSS: Reissverschluss vorne mit [&hellip;]<\/p>\n","protected":false},"featured_media":597039,"template":"","meta":[],"product_brand":[],"product_cat":[4186],"product_tag":[],"class_list":{"0":"post-596985","1":"product","2":"type-product","3":"status-publish","4":"has-post-thumbnail","6":"product_cat-jacken","7":"pa_brand-blaklaeder","8":"pa_brand-type-workwear","9":"pa_filter-color-schwarz","11":"first","12":"instock","13":"sale","14":"taxable","15":"shipping-taxable","16":"purchasable","17":"product-type-variable","18":"add-to-wishlist-before_image"},"exclude_global_add_ons":[],"addons":[],"acf":[],"_links":{"self":[{"href":"https:\/\/shop.kustom.ch\/it\/wp-json\/wp\/v2\/product\/596985"}],"collection":[{"href":"https:\/\/shop.kustom.ch\/it\/wp-json\/wp\/v2\/product"}],"about":[{"href":"https:\/\/shop.kustom.ch\/it\/wp-json\/wp\/v2\/types\/product"}],"wp:featuredmedia":[{"embeddable":true,"href":"https:\/\/shop.kustom.ch\/it\/wp-json\/wp\/v2\/media\/597039"}],"wp:attachment":[{"href":"https:\/\/shop.kustom.ch\/it\/wp-json\/wp\/v2\/media?parent=596985"}],"wp:term":[{"taxonomy":"product_brand","embeddable":true,"href":"https:\/\/shop.kustom.ch\/it\/wp-json\/wp\/v2\/product_brand?post=596985"},{"taxonomy":"product_cat","embeddable":true,"href":"https:\/\/shop.kustom.ch\/it\/wp-json\/wp\/v2\/product_cat?post=596985"},{"taxonomy":"product_tag","embeddable":true,"href":"https:\/\/shop.kustom.ch\/it\/wp-json\/wp\/v2\/product_tag?post=596985"}],"curies":[{"name":"wp","href":"https:\/\/api.w.org\/{rel}","templated":true}]}}