{"id":596911,"date":"2025-03-05T01:11:57","date_gmt":"2025-03-05T00:11:57","guid":{"rendered":"https:\/\/shop.kustom.ch\/?post_type=product&#038;p=596911"},"modified":"2026-03-31T09:02:36","modified_gmt":"2026-03-31T08:02:36","slug":"pile-jacke-2","status":"publish","type":"product","link":"https:\/\/shop.kustom.ch\/it\/prodotto\/pile-jacke-2\/","title":{"rendered":"Giacca in pile"},"content":{"rendered":"<p>Finalmente, in risposta a una lunga e popolare richiesta, siamo orgogliosi di presentare la nostra accogliente giacca in tessuto di pile, nuova per questa stagione e dal taglio classico. Realizzata in tessuto di pile di alta qualit\u00e0, questa giacca funge anche da accogliente maglione e non vi deluder\u00e0 se volete stare al caldo. Ha un collo alto, una schiena extra-lunga e fori per i pollici. Questa giacca \u00e8 un classico imbattibile dello stile Bl\u00e5kl\u00e4der. Se cercate calore e protezione in un unico capo, questa \u00e8 la scelta perfetta per voi.<\/p>\n<p>CHIUSURA: Fascia elastica sull'orlo inferiore. Polsini estesi con apertura per il pollice e orlo elasticizzato. CHIUSURA ANTERIORE: Patta antivento con fodera in pile all'interno. CARATTERISTICHE PRINCIPALI: Autista. TESSUTO: Uomo. verde. Vento\/umido\/freddo. TASCHE: Tasche interne. Tasche laterali con zip. ISTRUZIONI DI LAVAGGIO: Non lavare a secco.<\/p>\n<p>100% Velo di poliestere, 350g\/m\u00b2<\/p>","protected":false},"excerpt":{"rendered":"<p>Endlich, als Reaktion auf die lange und beliebte Nachfrage, sind wir stolz darauf, unsere kuschelige Pile-Stoff Jacke zu pr\u00e4sentieren, diese Saison neu und mit einem klassischen Schnitt. Die aus hochwertigem Pilegewebe gefertigte Jacke leistet als kuscheliger Sweater doppelte Arbeit und entt\u00e4uscht nicht, wenn Sie warm und gem\u00fctlich bleiben wollen. Sie hat einen hohen Kragen, einen [&hellip;]<\/p>\n","protected":false},"featured_media":596961,"template":"","meta":[],"product_brand":[],"product_cat":[4186],"product_tag":[],"class_list":{"0":"post-596911","1":"product","2":"type-product","3":"status-publish","4":"has-post-thumbnail","6":"product_cat-jacken","7":"pa_brand-blaklaeder","8":"pa_brand-type-workwear","9":"pa_filter-color-blau","10":"pa_filter-color-gruen","11":"pa_filter-color-orange","12":"pa_filter-color-schwarz","14":"first","15":"instock","16":"sale","17":"taxable","18":"shipping-taxable","19":"purchasable","20":"product-type-variable","21":"add-to-wishlist-before_image"},"exclude_global_add_ons":[],"addons":[],"acf":[],"_links":{"self":[{"href":"https:\/\/shop.kustom.ch\/it\/wp-json\/wp\/v2\/product\/596911"}],"collection":[{"href":"https:\/\/shop.kustom.ch\/it\/wp-json\/wp\/v2\/product"}],"about":[{"href":"https:\/\/shop.kustom.ch\/it\/wp-json\/wp\/v2\/types\/product"}],"wp:featuredmedia":[{"embeddable":true,"href":"https:\/\/shop.kustom.ch\/it\/wp-json\/wp\/v2\/media\/596961"}],"wp:attachment":[{"href":"https:\/\/shop.kustom.ch\/it\/wp-json\/wp\/v2\/media?parent=596911"}],"wp:term":[{"taxonomy":"product_brand","embeddable":true,"href":"https:\/\/shop.kustom.ch\/it\/wp-json\/wp\/v2\/product_brand?post=596911"},{"taxonomy":"product_cat","embeddable":true,"href":"https:\/\/shop.kustom.ch\/it\/wp-json\/wp\/v2\/product_cat?post=596911"},{"taxonomy":"product_tag","embeddable":true,"href":"https:\/\/shop.kustom.ch\/it\/wp-json\/wp\/v2\/product_tag?post=596911"}],"curies":[{"name":"wp","href":"https:\/\/api.w.org\/{rel}","templated":true}]}}