{"id":596815,"date":"2025-03-05T01:10:06","date_gmt":"2025-03-05T00:10:06","guid":{"rendered":"https:\/\/shop.kustom.ch\/?post_type=product&#038;p=596815"},"modified":"2026-03-31T09:02:21","modified_gmt":"2026-03-31T08:02:21","slug":"damen-softshell-jacke","status":"publish","type":"product","link":"https:\/\/shop.kustom.ch\/it\/prodotto\/damen-softshell-jacke\/","title":{"rendered":"Giacca softshell da donna"},"content":{"rendered":"<p>Giacca softshell flessibile e versatile con taglio femminile e cappuccio regolabile. Riflettori scuri su spalle e schiena e robuste cerniere. La giacca \u00e8 progettata per garantire la massima libert\u00e0 di movimento ed \u00e8 realizzata in tessuto elasticizzato, antivento e impermeabile.<\/p>\n<p>CHIUSURA: Vita regolabile con coulisse. Polsini regolabili con chiusura in velcro e polsini. DETTAGLI: Buone superfici per le rifiniture. Anello a D. Cappuccio staccabile e regolabile. Bottone in metallo. Collo alto. CHIUSURA ANTERIORE: Cerniera anteriore con mentoniera in pile. FUNZIONALIT\u00c0: Materiale antivento e idrorepellente, cuciture non saldate. Taglia donna. CARATTERISTICHE PRINCIPALI: Autista. REFLEX: strisce scure riflettenti su spalle e schiena. TESSUTO: Donna. nero. Zip a 2 vie. Stretch. TASCHE: Tasca sul petto con zip. Tasche interne. Tasche anteriori con cerniera. ISTRUZIONI DI LAVAGGIO: Non candeggiare.<\/p>\n<p>92% poliestere, 8% elastan, softshell 3 strati, impermeabile 11.000 mm, antivento, traspirante Ret 20.0, elasticizzato, 255 g\/m\u00b2<\/p>","protected":false},"excerpt":{"rendered":"<p>Flexible und vielseitige Softshell Jacke mit femininem Schnitt und verstellbarer Kapuze. Dunkle Reflektoren an Schultern und R\u00fccken sowie robuste Reissverschl\u00fcsse. Die Jacke ist auf maximale Bewegungsfreiheit ausgelegt und besteht aus einem dehnbaren, wind- und wasserdichten Gewebe. ABSCHLUSS: Verstellbarer Bund mit Kordelzug. Einstellbarer Armabschluss mit Klettverschluss und B\u00fcndchen. DETAILS: Gute Oberfl\u00e4chen f\u00fcr Veredelung. D-Ring. Abnehmbare, verstellbare [&hellip;]<\/p>\n","protected":false},"featured_media":596862,"template":"","meta":[],"product_brand":[],"product_cat":[4186],"product_tag":[],"class_list":{"0":"post-596815","1":"product","2":"type-product","3":"status-publish","4":"has-post-thumbnail","6":"product_cat-jacken","7":"pa_brand-blaklaeder","8":"pa_brand-type-workwear","9":"pa_filter-color-blau","10":"pa_filter-color-gelb","11":"pa_filter-color-rot","12":"pa_filter-color-schwarz","14":"first","15":"instock","16":"sale","17":"taxable","18":"shipping-taxable","19":"purchasable","20":"product-type-variable","21":"add-to-wishlist-before_image"},"exclude_global_add_ons":[],"addons":[],"acf":[],"_links":{"self":[{"href":"https:\/\/shop.kustom.ch\/it\/wp-json\/wp\/v2\/product\/596815"}],"collection":[{"href":"https:\/\/shop.kustom.ch\/it\/wp-json\/wp\/v2\/product"}],"about":[{"href":"https:\/\/shop.kustom.ch\/it\/wp-json\/wp\/v2\/types\/product"}],"wp:featuredmedia":[{"embeddable":true,"href":"https:\/\/shop.kustom.ch\/it\/wp-json\/wp\/v2\/media\/596862"}],"wp:attachment":[{"href":"https:\/\/shop.kustom.ch\/it\/wp-json\/wp\/v2\/media?parent=596815"}],"wp:term":[{"taxonomy":"product_brand","embeddable":true,"href":"https:\/\/shop.kustom.ch\/it\/wp-json\/wp\/v2\/product_brand?post=596815"},{"taxonomy":"product_cat","embeddable":true,"href":"https:\/\/shop.kustom.ch\/it\/wp-json\/wp\/v2\/product_cat?post=596815"},{"taxonomy":"product_tag","embeddable":true,"href":"https:\/\/shop.kustom.ch\/it\/wp-json\/wp\/v2\/product_tag?post=596815"}],"curies":[{"name":"wp","href":"https:\/\/api.w.org\/{rel}","templated":true}]}}