{"id":596782,"date":"2025-03-05T01:09:24","date_gmt":"2025-03-05T00:09:24","guid":{"rendered":"https:\/\/shop.kustom.ch\/?post_type=product&#038;p=596782"},"modified":"2026-03-31T09:02:08","modified_gmt":"2026-03-31T08:02:08","slug":"jacke-warm-gefuettert","status":"publish","type":"product","link":"https:\/\/shop.kustom.ch\/it\/prodotto\/jacke-warm-gefuettert\/","title":{"rendered":"Giacca con fodera calda"},"content":{"rendered":"<p>Una giacca trapuntata perfetta come secondo strato o da sola contro il freddo, il vento e il bagnato. Presenta buone aree non trapuntate per la profilatura aziendale. Disponibile anche come modello 4715 da donna.<\/p>\n<p>CHIUSURA: Vita elastica. Polsini elasticizzati. DETTAGLI: Buone superfici per le rifiniture. CHIUSURA ANTERIORE: Patta antivento interna. FUNZIONALIT\u00c0: Parte superiore del corpo e maniche foderate in modo caldo. CARATTERISTICHE PRINCIPALI: potere pulente. TESSUTO: Uomo. nero. Profilo. TASCHE: Tasche anteriori con cerniera. ISTRUZIONI DI LAVAGGIO: 40\u00b0 C<\/p>\n<p>100% poliammide, ratiera, idrorepellente, 52 g\/m\u00b2<\/p>","protected":false},"excerpt":{"rendered":"<p>Eine gesteppte Jacke, die sich perfekt als zweite Schicht oder allein gegen K\u00e4lte, Wind und N\u00e4sse eignet. Sie hat gute ungesteppte Bereiche f\u00fcr die Unternehmensprofilierung. Auch als Damenmodell 4715 erh\u00e4ltlich. ABSCHLUSS: Elastischer Bund. \u00c4rmelb\u00fcndchen mit Gummizug. DETAILS: Gute Oberfl\u00e4chen f\u00fcr Veredelung. FRONTVERSCHLUSS: Windleiste innen. FUNKTIONALIT\u00c4T: Oberk\u00f6rper und \u00c4rmel warm gef\u00fcttert. HAUPTEIGENSCHAFTEN: Reinigungskraft. STOFF: Herren. schwarz. [&hellip;]<\/p>\n","protected":false},"featured_media":596829,"template":"","meta":[],"product_brand":[],"product_cat":[4186],"product_tag":[],"class_list":{"0":"post-596782","1":"product","2":"type-product","3":"status-publish","4":"has-post-thumbnail","6":"product_cat-jacken","7":"pa_brand-blaklaeder","8":"pa_brand-type-workwear","9":"pa_filter-color-blau","10":"pa_filter-color-rot","11":"pa_filter-color-schwarz","13":"first","14":"instock","15":"sale","16":"taxable","17":"shipping-taxable","18":"purchasable","19":"product-type-variable","20":"add-to-wishlist-before_image"},"exclude_global_add_ons":[],"addons":[],"acf":[],"_links":{"self":[{"href":"https:\/\/shop.kustom.ch\/it\/wp-json\/wp\/v2\/product\/596782"}],"collection":[{"href":"https:\/\/shop.kustom.ch\/it\/wp-json\/wp\/v2\/product"}],"about":[{"href":"https:\/\/shop.kustom.ch\/it\/wp-json\/wp\/v2\/types\/product"}],"wp:featuredmedia":[{"embeddable":true,"href":"https:\/\/shop.kustom.ch\/it\/wp-json\/wp\/v2\/media\/596829"}],"wp:attachment":[{"href":"https:\/\/shop.kustom.ch\/it\/wp-json\/wp\/v2\/media?parent=596782"}],"wp:term":[{"taxonomy":"product_brand","embeddable":true,"href":"https:\/\/shop.kustom.ch\/it\/wp-json\/wp\/v2\/product_brand?post=596782"},{"taxonomy":"product_cat","embeddable":true,"href":"https:\/\/shop.kustom.ch\/it\/wp-json\/wp\/v2\/product_cat?post=596782"},{"taxonomy":"product_tag","embeddable":true,"href":"https:\/\/shop.kustom.ch\/it\/wp-json\/wp\/v2\/product_tag?post=596782"}],"curies":[{"name":"wp","href":"https:\/\/api.w.org\/{rel}","templated":true}]}}