{"id":596719,"date":"2025-03-05T01:07:35","date_gmt":"2025-03-05T00:07:35","guid":{"rendered":"https:\/\/shop.kustom.ch\/?post_type=product&#038;p=596719"},"modified":"2026-03-31T09:01:47","modified_gmt":"2026-03-31T08:01:47","slug":"winterjacke-inhaerent-stahl","status":"publish","type":"product","link":"https:\/\/shop.kustom.ch\/it\/prodotto\/winterjacke-inhaerent-stahl\/","title":{"rendered":"Giacca invernale Acciaio intrinseco"},"content":{"rendered":"<p>Una giacca ignifuga e foderata in qualit\u00e0 1519 con tessuto di classe E3 specificamente progettata per i lavori nell'industria metallurgica in cui si maneggia ferro fuso. La giacca invernale, visibile a 360 gradi ma non certificata highvis, protegge dagli spruzzi di metallo fuso e dal calore radiante, mentre la fodera mantiene il calore negli ambienti freddi. \u00c8 dotata di dettagli riflettenti cuciti e posizionati in modo ottimale, maniche preformate, schiena allungata, tasca interna, tasche a scorrimento e supporti per rilevatore di gas, rilevatore di ossigeno e microfono. La giacca \u00e8 inoltre repellente all'olio, allo sporco e all'acqua. Certificato secondo le norme EN 1149-5, EN13034, EN ISO 11612, EN ISO 11611, IEC 61482-2, ATPV: 40cal\/cm\u00b2, ELIM: 37cal\/cm\u00b2.<\/p>\n<p>CHIUSURA: Vita regolabile con bottoni a pressione. Polsini regolabili con bottoni a pressione. DETTAGLI: Etichette di certificazione esterne. Collo alto con cerniera nascosta. Passanti su entrambi i lati del petto per rilevatore di gas \/ analizzatore di ossigeno \/ microfono. CHIUSURA ANTERIORE: Cerniera metallica nascosta e rinforzata. FUNZIONALIT\u00c0: Repellente agli oli, allo sporco e all'acqua. CARATTERISTICHE PRINCIPALI: Impiegato di servizio. EN 13034. REFLEX: strisce riflettenti ignifughe larghe 20 mm. TESSUTO: Uomo. blu. Ritardante di fiamma. TASCHE: Tasche sul petto con zip e anello a D. Tasca interna. Tasche laterali a scomparsa con bottoni metallici nascosti. ISTRUZIONI DI LAVAGGIO: 60\u00b0 C. CERTIFICAZIONE: EN 1149-5. EN 13034 PB (6). EN 342 insieme a 1869-1514. ATPV - 40 cal\/cm\u00b2. EN ISO 11611, classe 1 A1+A2. EN ISO 11612 A1, A2, B1, C1, E3, F1. Non certificato High Vis<\/p>\n<p>44% modacrilico, 30% cotone, 20% poliammide, 5% aramide, 1% antistatico, twill, ritardante di fiamma, antistatico, 320 g\/m\u00b2<\/p>","protected":false},"excerpt":{"rendered":"<p>Eine flammhemmende, gef\u00fctterte Jacke in der Qualit\u00e4t 1519 mit einem inh\u00e4renten Stoff der Klasse E3, der speziell f\u00fcr Arbeiten in der Metallindustrie entwickelt wurde bei denen mit geschmolzenem Eisen gearbeitet wird. Die 360-Grad sichtbare, aber nicht highvis-zertifizierte Winterjacke sch\u00fctzt vor Spritzern von geschmolzenem Metall und vor Strahlungshitze, w\u00e4hrend das Futter in kalten Umgebungen warm h\u00e4lt. [&hellip;]<\/p>\n","protected":false},"featured_media":596773,"template":"","meta":[],"product_brand":[],"product_cat":[4186],"product_tag":[],"class_list":{"0":"post-596719","1":"product","2":"type-product","3":"status-publish","4":"has-post-thumbnail","6":"product_cat-jacken","7":"pa_brand-blaklaeder","8":"pa_brand-type-workwear","9":"pa_filter-color-blau","10":"pa_filter-color-gelb","12":"first","13":"instock","14":"sale","15":"taxable","16":"shipping-taxable","17":"purchasable","18":"product-type-variable","19":"add-to-wishlist-before_image"},"exclude_global_add_ons":[],"addons":[],"acf":[],"_links":{"self":[{"href":"https:\/\/shop.kustom.ch\/it\/wp-json\/wp\/v2\/product\/596719"}],"collection":[{"href":"https:\/\/shop.kustom.ch\/it\/wp-json\/wp\/v2\/product"}],"about":[{"href":"https:\/\/shop.kustom.ch\/it\/wp-json\/wp\/v2\/types\/product"}],"wp:featuredmedia":[{"embeddable":true,"href":"https:\/\/shop.kustom.ch\/it\/wp-json\/wp\/v2\/media\/596773"}],"wp:attachment":[{"href":"https:\/\/shop.kustom.ch\/it\/wp-json\/wp\/v2\/media?parent=596719"}],"wp:term":[{"taxonomy":"product_brand","embeddable":true,"href":"https:\/\/shop.kustom.ch\/it\/wp-json\/wp\/v2\/product_brand?post=596719"},{"taxonomy":"product_cat","embeddable":true,"href":"https:\/\/shop.kustom.ch\/it\/wp-json\/wp\/v2\/product_cat?post=596719"},{"taxonomy":"product_tag","embeddable":true,"href":"https:\/\/shop.kustom.ch\/it\/wp-json\/wp\/v2\/product_tag?post=596719"}],"curies":[{"name":"wp","href":"https:\/\/api.w.org\/{rel}","templated":true}]}}