{"id":596682,"date":"2025-03-05T01:07:26","date_gmt":"2025-03-05T00:07:26","guid":{"rendered":"https:\/\/shop.kustom.ch\/?post_type=product&#038;p=596682"},"modified":"2026-03-31T09:01:38","modified_gmt":"2026-03-31T08:01:38","slug":"high-vis-softshell-jacke-3","status":"publish","type":"product","link":"https:\/\/shop.kustom.ch\/it\/prodotto\/high-vis-softshell-jacke-3\/","title":{"rendered":"Giacca Softshell High Vis"},"content":{"rendered":"<p>Una giacca ad alta visibilit\u00e0 realizzata in materiale softshell antivento e impermeabile. Questa giacca trapuntata super confortevole \u00e8 un sogno da indossare e offre un comfort imbattibile quando ne avete pi\u00f9 bisogno. L'eccellente traspirabilit\u00e0, le strisce catarifrangenti, le maniche preformate in tessuto rinforzato e le spalle rinforzate sono alcune delle caratteristiche di alta qualit\u00e0 della giacca. La giacca softshell \u00e8 dotata di un'ampia tasca sul petto e di una tasca interna, di polsini aderenti e di una chiusura regolabile con velcro. Ampio spazio per il logo. Certificato secondo lo standard EN ISO 20471, classe 1. XS-L classe 1, XL-&gt; classe 2.<\/p>\n<p>CHIUSURA: Schiena allungata. Polsini regolabili con chiusura in velcro. DETTAGLI: Buone superfici per le rifiniture. Anello a D. Collo alto. CHIUSURA ANTERIORE: Robusta cerniera in plastica. FUNZIONALIT\u00c0: Parte anteriore imbottita. Maniche preformate. CARATTERISTICHE PRINCIPALI: Lavoratore da giardino. EN ISO 20471. REFLEX: strisce riflettenti larghe 50 mm. TESSUTO: Uomo. giallo. idrorepellente. Stretch. TASCHE: Tasche sul petto con cerniera e anello a D. Tasca interna. Tasche anteriori con cerniera. ISTRUZIONI DI LAVAGGIO: Numero di lavaggi: 25, non centrifugare. RINFORZO: Rinforzato su spalle e maniche. CERTIFICAZIONE: gruppo di certificazione B XL - &gt;;<\/p>\n<p>92% poliestere, 8% elastan, softshell 3 strati, impermeabile 11.000 mm, antivento, traspirante Ret 20.0, elasticizzato, 255 g\/m\u00b2<\/p>","protected":false},"excerpt":{"rendered":"<p>Eine High Vis Jacke aus einem wind- und wasserdichten Softshell Material. Diese super bequeme Steppjacke ist ein Traum zum Tragen und bietet unschlagbaren Komfort, wenn Sie ihn am dringensten ben\u00f6tigen. Hervorragende Atmungsaktivit\u00e4t, Transferreflexstreifen, vorgeformte \u00c4rmel aus verst\u00e4rktem Stoff und verst\u00e4rkte Schultern sind einige der vielen hochwertigen Eigenschaften der Jacke. Die Softshell Jacke hat eine grossz\u00fcgige [&hellip;]<\/p>\n","protected":false},"featured_media":596723,"template":"","meta":[],"product_brand":[],"product_cat":[4186],"product_tag":[],"class_list":{"0":"post-596682","1":"product","2":"type-product","3":"status-publish","4":"has-post-thumbnail","6":"product_cat-jacken","7":"pa_brand-blaklaeder","8":"pa_brand-type-workwear","9":"pa_filter-color-blau","10":"pa_filter-color-gelb","11":"pa_filter-color-schwarz","13":"first","14":"instock","15":"sale","16":"taxable","17":"shipping-taxable","18":"purchasable","19":"product-type-variable","20":"add-to-wishlist-before_image"},"exclude_global_add_ons":[],"addons":[],"acf":[],"_links":{"self":[{"href":"https:\/\/shop.kustom.ch\/it\/wp-json\/wp\/v2\/product\/596682"}],"collection":[{"href":"https:\/\/shop.kustom.ch\/it\/wp-json\/wp\/v2\/product"}],"about":[{"href":"https:\/\/shop.kustom.ch\/it\/wp-json\/wp\/v2\/types\/product"}],"wp:featuredmedia":[{"embeddable":true,"href":"https:\/\/shop.kustom.ch\/it\/wp-json\/wp\/v2\/media\/596723"}],"wp:attachment":[{"href":"https:\/\/shop.kustom.ch\/it\/wp-json\/wp\/v2\/media?parent=596682"}],"wp:term":[{"taxonomy":"product_brand","embeddable":true,"href":"https:\/\/shop.kustom.ch\/it\/wp-json\/wp\/v2\/product_brand?post=596682"},{"taxonomy":"product_cat","embeddable":true,"href":"https:\/\/shop.kustom.ch\/it\/wp-json\/wp\/v2\/product_cat?post=596682"},{"taxonomy":"product_tag","embeddable":true,"href":"https:\/\/shop.kustom.ch\/it\/wp-json\/wp\/v2\/product_tag?post=596682"}],"curies":[{"name":"wp","href":"https:\/\/api.w.org\/{rel}","templated":true}]}}