{"id":596659,"date":"2025-03-05T01:06:51","date_gmt":"2025-03-05T00:06:51","guid":{"rendered":"https:\/\/shop.kustom.ch\/?post_type=product&#038;p=596659"},"modified":"2026-03-31T09:01:38","modified_gmt":"2026-03-31T08:01:38","slug":"high-vis-shell-jacke-4","status":"publish","type":"product","link":"https:\/\/shop.kustom.ch\/it\/prodotto\/high-vis-shell-jacke-4\/","title":{"rendered":"Giacca a conchiglia ad alta visibilit\u00e0"},"content":{"rendered":"<p>Giacca High Vis Shell in tessuto ripstop spalmato ed elasticizzato che offre un'eccellente resistenza agli strappi. La giacca presenta cuciture nastrate, maniche allungate con polsini rinforzati e strisce riflettenti accuratamente posizionate che, insieme al materiale High Vis, garantiscono che chi la indossa sia visibile da tutte le direzioni. Tasca per carte d'identit\u00e0 sulla manica sinistra. La giacca \u00e8 dotata di cerniera a due vie, doppia patta sul davanti, ampia tasca Napoleone con spazio per un tablet, tasca frontale con due aperture, di cui una con cerniera, e tasche sul petto con cerniera. Tasca interna in rete, ampia tasca interna con chiusura in lycra e tasca interna per cellulare con cerniera e apertura per il cavo delle cuffie. Il cappuccio staccabile ha una visiera imbottita e pu\u00f2 essere regolato su tre livelli diversi. L'interno della giacca \u00e8 dotato di una fodera in rete spazzolata e di una stampa camo elasticizzata per il massimo comfort e libert\u00e0 di movimento. Certificato secondo la norma EN ISO 20471 classe 3, EN 343.<\/p>\n<p>CHIUSURA: Vita regolabile con coulisse. Polsini regolabili con chiusura a velcro. DETTAGLI: cerniera nella fodera per facilitare la rifinitura del tessuto. Tasca per carte d'identit\u00e0. Cappuccio staccabile e regolabile. Bottoni in metallo rivestiti in gomma. Collo alto. Spallacci in colore a contrasto. CHIUSURA ANTERIORE: Doppia patta antivento con chiusura a velcro. FUNZIONALIT\u00c0: materiale antivento e impermeabile con traspirabilit\u00e0, cuciture nastrate. Maniche preformate. CARATTERISTICHE PRINCIPALI: Conducente. EN 343. REFLEX: Materiale riflettente su busto, maniche e spalle. TESSUTO: Uomo. Giallo alta visibilit\u00e0. impermeabile. Alta visibilit\u00e0. TASCHE: Tasche sul petto con cerniera e anello a D. Tasca interna in rete. Tasca interna per iPad. Tasca sulla manica con tasca per carte d'identit\u00e0. ISTRUZIONI DI LAVAGGIO: Lavare in casa X 50, non lavare a secco. RINFORZI: spalle e maniche rinforzate. CERTIFICAZIONE: EN 343, classe 4.4. EN ISO 20471, XS-M classe 2, L-&gt; classe 3.<\/p>\n<p>100% poliestere, ripstop, elasticizzato, rivestito, impermeabile 15.000 mm, antivento, traspirante Ret 11.9, 195 g\/m\u00b2<\/p>","protected":false},"excerpt":{"rendered":"<p>High Vis Shell Jacke aus beschichtetem, elastischen Ripstop-Gewebe, das eine hervorragende Reissfestigkeit bietet. Die Jacke hat verschweisste N\u00e4hte, verl\u00e4ngerte \u00c4rmel mit verst\u00e4rkten B\u00fcndchen und sorgf\u00e4ltig platzierte Reflexstreifen, die zusammen mit dem High Vis Material garantieren, dass der Tr\u00e4ger aus allen Richtungen sichtbar ist. Ausweistasche am linken \u00c4rmel. Die Jacke verf\u00fcgt \u00fcber einen Zwei-Wege-Reissverschluss, doppelte Patten [&hellip;]<\/p>\n","protected":false},"featured_media":596721,"template":"","meta":[],"product_brand":[],"product_cat":[4186],"product_tag":[],"class_list":{"0":"post-596659","1":"product","2":"type-product","3":"status-publish","4":"has-post-thumbnail","6":"product_cat-jacken","7":"pa_brand-blaklaeder","8":"pa_brand-type-workwear","9":"pa_filter-color-blau","10":"pa_filter-color-gelb","11":"pa_filter-color-schwarz","13":"first","14":"instock","15":"sale","16":"taxable","17":"shipping-taxable","18":"purchasable","19":"product-type-variable","20":"add-to-wishlist-before_image"},"exclude_global_add_ons":[],"addons":[],"acf":[],"_links":{"self":[{"href":"https:\/\/shop.kustom.ch\/it\/wp-json\/wp\/v2\/product\/596659"}],"collection":[{"href":"https:\/\/shop.kustom.ch\/it\/wp-json\/wp\/v2\/product"}],"about":[{"href":"https:\/\/shop.kustom.ch\/it\/wp-json\/wp\/v2\/types\/product"}],"wp:featuredmedia":[{"embeddable":true,"href":"https:\/\/shop.kustom.ch\/it\/wp-json\/wp\/v2\/media\/596721"}],"wp:attachment":[{"href":"https:\/\/shop.kustom.ch\/it\/wp-json\/wp\/v2\/media?parent=596659"}],"wp:term":[{"taxonomy":"product_brand","embeddable":true,"href":"https:\/\/shop.kustom.ch\/it\/wp-json\/wp\/v2\/product_brand?post=596659"},{"taxonomy":"product_cat","embeddable":true,"href":"https:\/\/shop.kustom.ch\/it\/wp-json\/wp\/v2\/product_cat?post=596659"},{"taxonomy":"product_tag","embeddable":true,"href":"https:\/\/shop.kustom.ch\/it\/wp-json\/wp\/v2\/product_tag?post=596659"}],"curies":[{"name":"wp","href":"https:\/\/api.w.org\/{rel}","templated":true}]}}