{"id":596602,"date":"2025-03-05T01:06:12","date_gmt":"2025-03-05T00:06:12","guid":{"rendered":"https:\/\/shop.kustom.ch\/?post_type=product&#038;p=596602"},"modified":"2026-03-31T09:01:36","modified_gmt":"2026-03-31T08:01:36","slug":"high-vis-winterparka-3","status":"publish","type":"product","link":"https:\/\/shop.kustom.ch\/it\/prodotto\/high-vis-winterparka-3\/","title":{"rendered":"Parka invernale High Vis"},"content":{"rendered":"<p>Un caldo indumento invernale per ambienti di lavoro difficili in cui \u00e8 importante essere visibili. Il parka \u00e8 realizzato in un robusto materiale antivento e impermeabile con cuciture nastrate e una calda fodera trapuntata che \u00e8 confortevole e protegge dal freddo e dal vento. Ha un materiale esterno resistente in un colore pi\u00f9 scuro nelle aree pi\u00f9 esposte allo sporco. La giacca ha una cerniera a due vie sul davanti e maniche preformate per un miglior comfort. La vita pu\u00f2 essere regolata con una coulisse sul retro per una migliore vestibilit\u00e0. Le strisce riflettenti sono stampate a caldo per una maggiore flessibilit\u00e0 e il cappuccio protettivo \u00e8 dotato di bottoni a pressione per poter essere facilmente attaccato e rimosso. Certificato secondo le norme EN 342 combinata con 1885; EN 343; EN ISO 20471 classe 3, abbigliamento protettivo ad alta visibilit\u00e0.<\/p>\n<p>CHIUSURA: polsini regolabili con chiusura a velcro. DETTAGLI: cerniera nella fodera per facilitare la rifinitura del tessuto. Tasca per carte d'identit\u00e0 incassata. Cappuccio staccabile e regolabile con fodera calda. Collo alto. Cuciture nastrate. Coulisse regolabile in vita. CHIUSURA ANTERIORE: Zip bidirezionale nascosta in plastica. FUNZIONALIT\u00c0: Inserto in rete nel giromanica. Maniche preformate. CARATTERISTICHE PRINCIPALI: Artigianale. RIS-3279-TOM . REFLEX: Materiale riflettente su busto, maniche e spalle. TESSUTO: Disponibile per uomo e donna. Giallo alta visibilit\u00e0. Impermeabile. Alta visibilit\u00e0. TASCHE: Tasche sul petto con zip. Tasche interne, di cui una in rete. Tasche anteriori con pattina. ISTRUZIONI DI LAVAGGIO: Numero di lavaggi: 20. 40\u00b0 C. CERTIFICAZIONE: EN 342 insieme all'Art. 1885. EN 343, Classe 3.1. Gli indumenti di classe 2 e 3 in arancione sono conformi alla norma RIS-3279-TOM Edizione 2.<\/p>\n<p>100% poliestere, twill, elasticizzato, spalmato, impermeabile 11.000 mm, antivento, traspirante Ret 6.3, 150 g\/m\u00b2<\/p>","protected":false},"excerpt":{"rendered":"<p>Ein warmes Winter Kleidungsst\u00fcck f\u00fcr harte Arbeitsumgebungen wo es wichtig ist, gesehen zu werden. Der Parka besteht aus einem starken wind- und wasserfesten Material mit verschweissten N\u00e4hten und einem warmen Steppfutter, das komfortabel ist und vor K\u00e4lte und Wind sch\u00fctzt. Er hat ein strapazierf\u00e4higes Aussenmaterial in einem dunkleren Farbton an Stellen, die dem meisten Schmutz [&hellip;]<\/p>\n","protected":false},"featured_media":596628,"template":"","meta":[],"product_brand":[],"product_cat":[4186],"product_tag":[],"class_list":{"0":"post-596602","1":"product","2":"type-product","3":"status-publish","4":"has-post-thumbnail","6":"product_cat-jacken","7":"pa_brand-blaklaeder","8":"pa_brand-type-workwear","9":"pa_filter-color-blau","10":"pa_filter-color-gelb","11":"pa_filter-color-grau","12":"pa_filter-color-orange","13":"pa_filter-color-rot","14":"pa_filter-color-schwarz","16":"first","17":"instock","18":"sale","19":"taxable","20":"shipping-taxable","21":"purchasable","22":"product-type-variable","23":"add-to-wishlist-before_image"},"exclude_global_add_ons":[],"addons":[],"acf":[],"_links":{"self":[{"href":"https:\/\/shop.kustom.ch\/it\/wp-json\/wp\/v2\/product\/596602"}],"collection":[{"href":"https:\/\/shop.kustom.ch\/it\/wp-json\/wp\/v2\/product"}],"about":[{"href":"https:\/\/shop.kustom.ch\/it\/wp-json\/wp\/v2\/types\/product"}],"wp:featuredmedia":[{"embeddable":true,"href":"https:\/\/shop.kustom.ch\/it\/wp-json\/wp\/v2\/media\/596628"}],"wp:attachment":[{"href":"https:\/\/shop.kustom.ch\/it\/wp-json\/wp\/v2\/media?parent=596602"}],"wp:term":[{"taxonomy":"product_brand","embeddable":true,"href":"https:\/\/shop.kustom.ch\/it\/wp-json\/wp\/v2\/product_brand?post=596602"},{"taxonomy":"product_cat","embeddable":true,"href":"https:\/\/shop.kustom.ch\/it\/wp-json\/wp\/v2\/product_cat?post=596602"},{"taxonomy":"product_tag","embeddable":true,"href":"https:\/\/shop.kustom.ch\/it\/wp-json\/wp\/v2\/product_tag?post=596602"}],"curies":[{"name":"wp","href":"https:\/\/api.w.org\/{rel}","templated":true}]}}