{"id":596556,"date":"2025-03-05T01:05:10","date_gmt":"2025-03-05T00:05:10","guid":{"rendered":"https:\/\/shop.kustom.ch\/?post_type=product&#038;p=596556"},"modified":"2026-03-31T09:01:31","modified_gmt":"2026-03-31T08:01:31","slug":"high-vis-softshell-jacke-2","status":"publish","type":"product","link":"https:\/\/shop.kustom.ch\/it\/prodotto\/high-vis-softshell-jacke-2\/","title":{"rendered":"Giacca Softshell High Vis"},"content":{"rendered":"<p>Una giacca softshell leggera, estremamente morbida, confortevole e flessibile grazie al suo materiale. La giacca \u00e8 bicolore con colori a contrasto sulle aree esposte allo sporco per una visibilit\u00e0 e una sicurezza ottimali quando serve. Pertanto, resiste molto bene allo sporco e offre una visibilit\u00e0 e una sicurezza ottimali quando \u00e8 pi\u00f9 necessario. Questa giacca certificata High Vis offre sia la sensazione di leggerezza e agilit\u00e0 che la resistenza che l'abbigliamento da lavoro deve avere. Inoltre, il materiale \u00e8 impermeabile e il cappuccio \u00e8 staccabile se necessario. Il 4494 \u00e8 un modello gemello del popolare 4491 ed \u00e8 ideale per coloro che non hanno bisogno della Classe 2 e possono lavorare con la Classe 1. Certificato secondo la norma EN ISO 20471 classe 1, gruppo di certificazione combinato D.<\/p>\n<p>CHIUSURA: Vita regolabile con coulisse. Polsini regolabili con chiusura a velcro. DETTAGLI: Buone superfici per le rifiniture. Anello a D. Cappuccio staccabile. Collo alto. CHIUSURA ANTERIORE: Robusta cerniera in plastica. FUNZIONALIT\u00c0: Antivento e impermeabile, cuciture non sigillate, traspirante. PROPRIET\u00c0 PRINCIPALI: Lavoratori stradali ed edili. EN ISO 20471. REFLEX: strisce riflettenti su corpo e maniche. TESSUTO: Uomo. giallo. impermeabile. Alta visibilit\u00e0. TASCHE: Tasca sul petto con cerniera e anello a D. Tasche anteriori con cerniera. ISTRUZIONI DI LAVAGGIO: Numero di lavaggi: 25, non stirare. CERTIFICAZIONE: Gruppo di certificazione D<\/p>\n<p>92% poliestere, 8% elastan, softshell 3 strati, impermeabile 11.000 mm, antivento, traspirante Ret 20.0, elasticizzato, 255 g\/m\u00b2<\/p>","protected":false},"excerpt":{"rendered":"<p>Eine leichte Softshell Jacke, die dank ihres Materials extrem weich, bequem und flexibel ist. Die Jacke ist zweifarbig mit Kontrastfarben an Schmutz-ausgesetzten Stellen f\u00fcr optimale Sichtbarkeit und Sicherheit, wenn sie am meisten ben\u00f6tigt wird. Daher kann sie Schmutz sehr gut widerstehen und bietet optimale Sichtbarkeit und Sicherheit, wenn sie am meisten ben\u00f6tigt wird. Diese zertifizierte [&hellip;]<\/p>\n","protected":false},"featured_media":596589,"template":"","meta":[],"product_brand":[],"product_cat":[4186],"product_tag":[],"class_list":{"0":"post-596556","1":"product","2":"type-product","3":"status-publish","4":"has-post-thumbnail","6":"product_cat-jacken","7":"pa_brand-blaklaeder","8":"pa_brand-type-workwear","9":"pa_filter-color-blau","10":"pa_filter-color-gelb","11":"pa_filter-color-orange","12":"pa_filter-color-rot","13":"pa_filter-color-schwarz","15":"first","16":"instock","17":"sale","18":"taxable","19":"shipping-taxable","20":"purchasable","21":"product-type-variable","22":"add-to-wishlist-before_image"},"exclude_global_add_ons":[],"addons":[],"acf":[],"_links":{"self":[{"href":"https:\/\/shop.kustom.ch\/it\/wp-json\/wp\/v2\/product\/596556"}],"collection":[{"href":"https:\/\/shop.kustom.ch\/it\/wp-json\/wp\/v2\/product"}],"about":[{"href":"https:\/\/shop.kustom.ch\/it\/wp-json\/wp\/v2\/types\/product"}],"wp:featuredmedia":[{"embeddable":true,"href":"https:\/\/shop.kustom.ch\/it\/wp-json\/wp\/v2\/media\/596589"}],"wp:attachment":[{"href":"https:\/\/shop.kustom.ch\/it\/wp-json\/wp\/v2\/media?parent=596556"}],"wp:term":[{"taxonomy":"product_brand","embeddable":true,"href":"https:\/\/shop.kustom.ch\/it\/wp-json\/wp\/v2\/product_brand?post=596556"},{"taxonomy":"product_cat","embeddable":true,"href":"https:\/\/shop.kustom.ch\/it\/wp-json\/wp\/v2\/product_cat?post=596556"},{"taxonomy":"product_tag","embeddable":true,"href":"https:\/\/shop.kustom.ch\/it\/wp-json\/wp\/v2\/product_tag?post=596556"}],"curies":[{"name":"wp","href":"https:\/\/api.w.org\/{rel}","templated":true}]}}