{"id":596497,"date":"2025-03-05T01:04:27","date_gmt":"2025-03-05T00:04:27","guid":{"rendered":"https:\/\/shop.kustom.ch\/?post_type=product&#038;p=596497"},"modified":"2026-03-31T09:01:29","modified_gmt":"2026-03-31T08:01:29","slug":"high-vis-softshell-jacke","status":"publish","type":"product","link":"https:\/\/shop.kustom.ch\/it\/prodotto\/high-vis-softshell-jacke\/","title":{"rendered":"Giacca Softshell High Vis"},"content":{"rendered":"<p>Una giacca softshell leggera, estremamente morbida, confortevole e flessibile grazie al suo materiale. La giacca \u00e8 bicolore con colori a contrasto in alcune aree per una visibilit\u00e0 e una sicurezza ottimali quando serve. Questa giacca certificata High Vis \u00e8 leggera ed elastica e ha la resistenza di una giacca da lavoro. Inoltre, il tessuto \u00e8 impermeabile e antivento e il cappuccio \u00e8 staccabile se necessario. Certificato secondo la norma EN ISO 20471, classe 2, certificazione classe C.<\/p>\n<p>CHIUSURA: Vita regolabile con coulisse. Polsini regolabili con chiusura a velcro. DETTAGLI: Buone superfici per le rifiniture. Anello a D. Cappuccio staccabile. Collo alto. Spallacci in colore a contrasto. CHIUSURA ANTERIORE: Robusta cerniera in plastica. FUNZIONALIT\u00c0: Antivento e impermeabile, cuciture non sigillate, traspirante. CARATTERISTICHE PRINCIPALI: Driver. EN ISO 20471. REFLEX: Dettagli riflettenti. TESSUTO: Uomo. Giallo alta visibilit\u00e0. antivento. Alta visibilit\u00e0. TASCHE: Tasca sul petto con zip e anello a D. Tasche anteriori con cerniera. ISTRUZIONI DI LAVAGGIO: Numero di lavaggi: 25, non candeggiare. CERTIFICAZIONE: Gli indumenti di classe 2 e 3 in arancione sono conformi alla norma RIS-3279-TOM, edizione 2.<\/p>\n<p>92% poliestere, 8% elastan, softshell 3 strati, impermeabile 11.000 mm, antivento, traspirante Ret 20.0, elasticizzato, 255 g\/m\u00b2<\/p>","protected":false},"excerpt":{"rendered":"<p>Eine leichte Softshell Jacke, die dank ihres Materials extrem weich, komfortabel und flexibel ist. Die Jacke ist zweifarbig mit Kontrastfarben in einigen Bereichen f\u00fcr optimale Sichtbarkeit und Sicherheit, wenn sie am meisten ben\u00f6tigt werden. Diese zertifizierte High Vis Jacke f\u00fchlt sich leicht und dehnbar an und hat die St\u00e4rke einer Arbeitsjacke. Zus\u00e4tzlich ist der Stoff [&hellip;]<\/p>\n","protected":false},"featured_media":596558,"template":"","meta":[],"product_brand":[],"product_cat":[4186],"product_tag":[],"class_list":{"0":"post-596497","1":"product","2":"type-product","3":"status-publish","4":"has-post-thumbnail","6":"product_cat-jacken","7":"pa_brand-blaklaeder","8":"pa_brand-type-workwear","9":"pa_filter-color-blau","10":"pa_filter-color-gelb","11":"pa_filter-color-grau","12":"pa_filter-color-orange","13":"pa_filter-color-rot","14":"pa_filter-color-schwarz","16":"first","17":"instock","18":"sale","19":"taxable","20":"shipping-taxable","21":"purchasable","22":"product-type-variable","23":"add-to-wishlist-before_image"},"exclude_global_add_ons":[],"addons":[],"acf":[],"_links":{"self":[{"href":"https:\/\/shop.kustom.ch\/it\/wp-json\/wp\/v2\/product\/596497"}],"collection":[{"href":"https:\/\/shop.kustom.ch\/it\/wp-json\/wp\/v2\/product"}],"about":[{"href":"https:\/\/shop.kustom.ch\/it\/wp-json\/wp\/v2\/types\/product"}],"wp:featuredmedia":[{"embeddable":true,"href":"https:\/\/shop.kustom.ch\/it\/wp-json\/wp\/v2\/media\/596558"}],"wp:attachment":[{"href":"https:\/\/shop.kustom.ch\/it\/wp-json\/wp\/v2\/media?parent=596497"}],"wp:term":[{"taxonomy":"product_brand","embeddable":true,"href":"https:\/\/shop.kustom.ch\/it\/wp-json\/wp\/v2\/product_brand?post=596497"},{"taxonomy":"product_cat","embeddable":true,"href":"https:\/\/shop.kustom.ch\/it\/wp-json\/wp\/v2\/product_cat?post=596497"},{"taxonomy":"product_tag","embeddable":true,"href":"https:\/\/shop.kustom.ch\/it\/wp-json\/wp\/v2\/product_tag?post=596497"}],"curies":[{"name":"wp","href":"https:\/\/api.w.org\/{rel}","templated":true}]}}