{"id":596430,"date":"2025-03-05T01:02:45","date_gmt":"2025-03-05T00:02:45","guid":{"rendered":"https:\/\/shop.kustom.ch\/?post_type=product&#038;p=596430"},"modified":"2026-03-31T09:01:15","modified_gmt":"2026-03-31T08:01:15","slug":"high-vis-winterjacke-2","status":"publish","type":"product","link":"https:\/\/shop.kustom.ch\/it\/prodotto\/high-vis-winterjacke-2\/","title":{"rendered":"Giacca invernale High Vis"},"content":{"rendered":"<p>Una giacca invernale molto resistente in High Vis Classe 1. La giacca ha una fodera trapuntata, \u00e8 antivento e impermeabile con cuciture nastrate e ha una vestibilit\u00e0 comoda e ampia per un maggiore comfort. Il cappuccio \u00e8 staccabile e adatto a caschi e protezioni auricolari. Disponibile anche come modello 4470 da donna.<\/p>\n<p>CHIUSURA: Schiena allungata. Polsini regolabili con chiusura in velcro. DETTAGLI: Zip nella fodera per facilitare la rifinitura del tessuto. Tasca per carte d'identit\u00e0 staccabile. Stampa riflettente sul retro del cappuccio. Cappuccio per casco e paraorecchie. Moschettoni in metallo. Bottoni in metallo. Collo alto con zip. Cuciture nastrate. Passanti su entrambi i lati del petto per microfoni e altre attrezzature. Maniche raglan. CHIUSURA ANTERIORE: Patta antivento con fodera in pile all'interno. FUNZIONALIT\u00c0: Inserto in rete nel giromanica. Maniche preformate. CARATTERISTICHE PRINCIPALI: Artigianale. EN ISO 20471. REFLEX: Strisce riflettenti su corpo e maniche. TESSUTO: Disponibile per uomo e donna. giallo. impermeabile. Alta visibilit\u00e0. TASCHE: Tasca sul petto con zip e anello a D. Tasca Napoleone all'interno della patta antivento. Tasche a fessura con zip e fodera in pile. Tasca sulla manica per penne. ISTRUZIONI DI LAVAGGIO: Numero di lavaggi: 25, non lavare a secco. CERTIFICAZIONE: Insieme all'articolo 1875 certificato secondo la norma EN 342. EN 343, classe 4.1. gruppo di certificazione D<\/p>\n<p>100% poliestere, Oxford, rivestito, impermeabile 15.000 mm, antivento, traspirante Ret 8.5, 200g\/m\u00b2<\/p>","protected":false},"excerpt":{"rendered":"<p>Eine sehr strapazierf\u00e4hige Winterjacke in High Vis Klasse 1. Die Jacke hat ein gestepptes Futter, ist wind- und wasserdicht mit versiegelten N\u00e4hten und hat eine bequeme, weitere Passform f\u00fcr zus\u00e4tzlichen Komfort. Die Kapuze ist abnehmbar und f\u00fcr Helme und Ohrensch\u00fctzer geeignet. Auch als Damenmodell 4470 erh\u00e4ltlich. ABSCHLUSS: Verl\u00e4ngerter R\u00fccken. Verstellbare \u00c4rmelb\u00fcndchen mit Klettverschluss. DETAILS: Reissverschluss [&hellip;]<\/p>\n","protected":false},"featured_media":596490,"template":"","meta":[],"product_brand":[],"product_cat":[4186],"product_tag":[],"class_list":{"0":"post-596430","1":"product","2":"type-product","3":"status-publish","4":"has-post-thumbnail","6":"product_cat-jacken","7":"pa_brand-blaklaeder","8":"pa_brand-type-workwear","9":"pa_filter-color-blau","10":"pa_filter-color-gelb","12":"first","13":"instock","14":"sale","15":"taxable","16":"shipping-taxable","17":"purchasable","18":"product-type-variable","19":"add-to-wishlist-before_image"},"exclude_global_add_ons":[],"addons":[],"acf":[],"_links":{"self":[{"href":"https:\/\/shop.kustom.ch\/it\/wp-json\/wp\/v2\/product\/596430"}],"collection":[{"href":"https:\/\/shop.kustom.ch\/it\/wp-json\/wp\/v2\/product"}],"about":[{"href":"https:\/\/shop.kustom.ch\/it\/wp-json\/wp\/v2\/types\/product"}],"wp:featuredmedia":[{"embeddable":true,"href":"https:\/\/shop.kustom.ch\/it\/wp-json\/wp\/v2\/media\/596490"}],"wp:attachment":[{"href":"https:\/\/shop.kustom.ch\/it\/wp-json\/wp\/v2\/media?parent=596430"}],"wp:term":[{"taxonomy":"product_brand","embeddable":true,"href":"https:\/\/shop.kustom.ch\/it\/wp-json\/wp\/v2\/product_brand?post=596430"},{"taxonomy":"product_cat","embeddable":true,"href":"https:\/\/shop.kustom.ch\/it\/wp-json\/wp\/v2\/product_cat?post=596430"},{"taxonomy":"product_tag","embeddable":true,"href":"https:\/\/shop.kustom.ch\/it\/wp-json\/wp\/v2\/product_tag?post=596430"}],"curies":[{"name":"wp","href":"https:\/\/api.w.org\/{rel}","templated":true}]}}