{"id":596412,"date":"2025-03-05T01:02:42","date_gmt":"2025-03-05T00:02:42","guid":{"rendered":"https:\/\/shop.kustom.ch\/?post_type=product&#038;p=596412"},"modified":"2026-03-31T09:01:11","modified_gmt":"2026-03-31T08:01:11","slug":"damen-high-vis-winterparka","status":"publish","type":"product","link":"https:\/\/shop.kustom.ch\/it\/prodotto\/damen-high-vis-winterparka\/","title":{"rendered":"Parka invernale da donna ad alta visibilit\u00e0"},"content":{"rendered":"<p>Parka invernale in tessuto antivento e impermeabile con cuciture nastrate. La giacca \u00e8 dotata di una fodera trapuntata e di un robusto tessuto a guscio con aree scure che sono maggiormente esposte allo sporco. Vita regolabile con coulisse sul retro. Per una migliore libert\u00e0 di movimento, la giacca \u00e8 dotata di una zip a due vie e di maniche preformate. Certificato secondo EN 342 se abbinato all'articolo 7885, EN 343, EN ISO 20471, classe 2, EN ISO 20471 classe 3 se abbinato all'articolo 7885.<\/p>\n<p>CHIUSURA: polsini regolabili. DETTAGLI: cerniera nella fodera per facilitare la rifinitura del tessuto. Tasca per carte d'identit\u00e0 incassata. Cappuccio staccabile e regolabile con fodera calda. Collo alto. Cuciture nastrate. Coulisse regolabile in vita. CHIUSURA ANTERIORE: zip nascosta in plastica a due vie. FUNZIONALIT\u00c0: materiale antivento e impermeabile con traspirabilit\u00e0, cuciture nastrate. Taglia donna. PROPRIET\u00c0 PRINCIPALI: Lavoratori stradali ed edili. EN 342. REFLEX: strisce riflettenti larghe 50 mm. TESSUTO: Disponibile per uomo e donna. Giallo alta visibilit\u00e0. Antivento. Alta visibilit\u00e0. TASCHE: Tasca sul petto con patta. Tasche interne, una con rete. Tasca interna per iPad. ISTRUZIONI DI LAVAGGIO: Numero di lavaggi: 20, non stirare. CERTIFICAZIONE: EN 342 insieme all'art. 7885. EN 343, classe 4.1. EN ISO 20471 XS-S classe 2, M classe 3.<\/p>\n<p>100% poliestere, twill, elasticizzato, spalmato, impermeabile 11.000 mm, antivento, traspirante Ret 6.3, 150 g\/m\u00b2<\/p>","protected":false},"excerpt":{"rendered":"<p>Winterparka aus einem wind- und wasserdichten Stoff mit verschweissten N\u00e4hten. Die Jacke hat ein Steppfutter und einen robusten Shellstoff mit dunklen Bereichen, die dem meisten Schmutz ausgesetzt sind. Verstellbare Taille mit Kordelzug hinten. F\u00fcr bessere Bewegungsfreiheit hat die Jacke einen Zwei-Wege-Reissverschluss und vorgeformte \u00c4rmel. Zertifiziert nach EN 342 wenn sie mit Artikel 7885 kombiniert wird, [&hellip;]<\/p>\n","protected":false},"featured_media":596461,"template":"","meta":[],"product_brand":[],"product_cat":[4186],"product_tag":[],"class_list":{"0":"post-596412","1":"product","2":"type-product","3":"status-publish","4":"has-post-thumbnail","6":"product_cat-jacken","7":"pa_brand-blaklaeder","8":"pa_brand-type-workwear","9":"pa_filter-color-blau","10":"pa_filter-color-gelb","11":"pa_filter-color-orange","12":"pa_filter-color-schwarz","14":"first","15":"instock","16":"sale","17":"taxable","18":"shipping-taxable","19":"purchasable","20":"product-type-variable","21":"add-to-wishlist-before_image"},"exclude_global_add_ons":[],"addons":[],"acf":[],"_links":{"self":[{"href":"https:\/\/shop.kustom.ch\/it\/wp-json\/wp\/v2\/product\/596412"}],"collection":[{"href":"https:\/\/shop.kustom.ch\/it\/wp-json\/wp\/v2\/product"}],"about":[{"href":"https:\/\/shop.kustom.ch\/it\/wp-json\/wp\/v2\/types\/product"}],"wp:featuredmedia":[{"embeddable":true,"href":"https:\/\/shop.kustom.ch\/it\/wp-json\/wp\/v2\/media\/596461"}],"wp:attachment":[{"href":"https:\/\/shop.kustom.ch\/it\/wp-json\/wp\/v2\/media?parent=596412"}],"wp:term":[{"taxonomy":"product_brand","embeddable":true,"href":"https:\/\/shop.kustom.ch\/it\/wp-json\/wp\/v2\/product_brand?post=596412"},{"taxonomy":"product_cat","embeddable":true,"href":"https:\/\/shop.kustom.ch\/it\/wp-json\/wp\/v2\/product_cat?post=596412"},{"taxonomy":"product_tag","embeddable":true,"href":"https:\/\/shop.kustom.ch\/it\/wp-json\/wp\/v2\/product_tag?post=596412"}],"curies":[{"name":"wp","href":"https:\/\/api.w.org\/{rel}","templated":true}]}}