{"id":596391,"date":"2025-03-05T01:02:07","date_gmt":"2025-03-05T00:02:07","guid":{"rendered":"https:\/\/shop.kustom.ch\/?post_type=product&#038;p=596391"},"modified":"2026-03-31T09:01:10","modified_gmt":"2026-03-31T08:01:10","slug":"damen-high-vis-winterjacke-2","status":"publish","type":"product","link":"https:\/\/shop.kustom.ch\/it\/prodotto\/damen-high-vis-winterjacke-2\/","title":{"rendered":"Giacca invernale da donna ad alta visibilit\u00e0"},"content":{"rendered":"<p>Una giacca invernale molto resistente in classe 1 ad alta visibilit\u00e0 e con taglio femminile. La giacca ha una fodera trapuntata, \u00e8 antivento e impermeabile con cuciture nastrate e ha una vestibilit\u00e0 comoda, pi\u00f9 ampia e regolabile per un maggiore comfort. Il cappuccio \u00e8 staccabile e adatto a caschi e protezioni auricolari. Disponibile anche come modello 4480 da uomo.<\/p>\n<p>CHIUSURA: Schiena allungata. Polsini regolabili con chiusura in velcro. DETTAGLI: Zip nella fodera per facilitare la rifinitura del tessuto. Tasca per carte d'identit\u00e0 staccabile. Stampa riflettente sul retro del cappuccio. Cappuccio per casco e paraorecchie. Moschettoni in metallo. Bottoni in metallo. Collo alto con zip. Cuciture nastrate. Passanti su entrambi i lati del petto per microfoni e altre attrezzature. Maniche raglan. CHIUSURA ANTERIORE: Doppia patta antivento con chiusura a velcro, maniglia in Hypalon con trasferimento riflettente. FUNZIONALIT\u00c0: Inserto in rete sullo scapolare. Maniche preformate. PROPRIET\u00c0 PRINCIPALI: Lavoratori stradali ed edili. EN 342. REFLEX: strisce riflettenti a trasferimento larghe 50 mm. TESSUTO: Disponibile per uomo e donna. blu. antivento. Alta visibilit\u00e0. TASCHE: Tasca sul petto con cerniera e anello a D. Tasca interna con zip. Tasche a fessura con zip e fodera in pile. Tasca sulla manica per penne. ISTRUZIONI DI LAVAGGIO: Numero di lavaggi: 25, non candeggiare. CERTIFICAZIONE: insieme all'articolo 1875 certificato secondo la norma EN 342. EN 343, classe 4.1. EN ISO 20471, classe 1.<\/p>\n<p>100% poliestere, Oxford, rivestito, impermeabile 15.000 mm, antivento, traspirante Ret 8.5, 200g\/m\u00b2<\/p>","protected":false},"excerpt":{"rendered":"<p>Eine sehr strapazierf\u00e4hige Winterjacke in High Vis Klasse 1 und Damenschnitt. Die Jacke hat ein gestepptes Futter, ist wind- und wasserdicht mit versiegelten N\u00e4hten und hat eine bequeme, weitere und verstellbare Passform f\u00fcr zus\u00e4tzlichen Komfort. Die Kapuze ist abnehmbar und f\u00fcr Helme und Ohrensch\u00fctzer geeignet. Auch als Herrenmodell 4480 erh\u00e4ltlich. ABSCHLUSS: Verl\u00e4ngerter R\u00fccken. Verstellbare \u00c4rmelb\u00fcndchen [&hellip;]<\/p>\n","protected":false},"featured_media":596438,"template":"","meta":[],"product_brand":[],"product_cat":[4186],"product_tag":[],"class_list":{"0":"post-596391","1":"product","2":"type-product","3":"status-publish","4":"has-post-thumbnail","6":"product_cat-jacken","7":"pa_brand-blaklaeder","8":"pa_brand-type-workwear","9":"pa_filter-color-blau","10":"pa_filter-color-gelb","12":"first","13":"instock","14":"sale","15":"taxable","16":"shipping-taxable","17":"purchasable","18":"product-type-variable","19":"add-to-wishlist-before_image"},"exclude_global_add_ons":[],"addons":[],"acf":[],"_links":{"self":[{"href":"https:\/\/shop.kustom.ch\/it\/wp-json\/wp\/v2\/product\/596391"}],"collection":[{"href":"https:\/\/shop.kustom.ch\/it\/wp-json\/wp\/v2\/product"}],"about":[{"href":"https:\/\/shop.kustom.ch\/it\/wp-json\/wp\/v2\/types\/product"}],"wp:featuredmedia":[{"embeddable":true,"href":"https:\/\/shop.kustom.ch\/it\/wp-json\/wp\/v2\/media\/596438"}],"wp:attachment":[{"href":"https:\/\/shop.kustom.ch\/it\/wp-json\/wp\/v2\/media?parent=596391"}],"wp:term":[{"taxonomy":"product_brand","embeddable":true,"href":"https:\/\/shop.kustom.ch\/it\/wp-json\/wp\/v2\/product_brand?post=596391"},{"taxonomy":"product_cat","embeddable":true,"href":"https:\/\/shop.kustom.ch\/it\/wp-json\/wp\/v2\/product_cat?post=596391"},{"taxonomy":"product_tag","embeddable":true,"href":"https:\/\/shop.kustom.ch\/it\/wp-json\/wp\/v2\/product_tag?post=596391"}],"curies":[{"name":"wp","href":"https:\/\/api.w.org\/{rel}","templated":true}]}}