{"id":596372,"date":"2025-03-05T01:02:04","date_gmt":"2025-03-05T00:02:04","guid":{"rendered":"https:\/\/shop.kustom.ch\/?post_type=product&#038;p=596372"},"modified":"2026-03-31T09:01:09","modified_gmt":"2026-03-31T08:01:09","slug":"high-vis-parka-evolution","status":"publish","type":"product","link":"https:\/\/shop.kustom.ch\/it\/prodotto\/high-vis-parka-evolution\/","title":{"rendered":"Parka High Vis Evolution"},"content":{"rendered":"<p>Parka invernale ad alta visibilit\u00e0 termofoderato, realizzato in tessuto antivento e impermeabile di alta qualit\u00e0 con un'eccellente traspirabilit\u00e0. La giacca \u00e8 dotata di una fodera calda e leggera realizzata con bottiglie in PET riciclate. Per una migliore vestibilit\u00e0 e comfort, la giacca \u00e8 dotata di maniche preformate, ventilazione sotto le braccia e zip a due vie. Ha molte caratteristiche tecniche come le cuciture nastrate, la patta antivento, la protezione antivento intorno al collo, i polsini con fori per i pollici, il cappuccio staccabile e regolabile, la stampa rinforzata, le strisce riflettenti e le tasche foderate in pile con soffietti e protezione dalla neve. In altre parole, ha tutto. Traspirabilit\u00e0 di 20.000 g\/m\u00b2\/24h e impermeabilit\u00e0 di 20.000 mm. Certificato secondo la norma EN ISO 20471 classe 3, EN 342 se combinato con l'articolo 1885, EN 343.<\/p>\n<p>CHIUSURA: Parte inferiore della schiena allungata, apribile ai lati con cerniere nascoste. Polsini regolabili con fascia interna in vita. DETTAGLI: Cappuccio staccabile e regolabile con fodera calda. Collo extra alto sul retro. Cuciture nastrate. Coulisse regolabile in vita. CHIUSURA ANTERIORE: Doppia patta antivento con chiusura a velcro. FUNZIONALIT\u00c0: Materiale antivento e impermeabile con traspirabilit\u00e0, cuciture nastrate. CARATTERISTICHE PRINCIPALI: Driver. EN 343. REFLEX: strisce elastiche riflettenti larghe 50 mm. TESSUTO: Uomo. Giallo alta visibilit\u00e0. Traspirabilit\u00e0. Alta visibilit\u00e0. TASCHE: Tasche sul petto con zip. Tasca frontale per documenti. Tasca interna in rete. Doppie tasche anteriori con patta, la tasca esterna con zip nascosta e fodera in pile, la tasca sottostante con protezione antineve. ISTRUZIONI DI LAVAGGIO: Numero di lavaggi: 20, non candeggiare. RINFORZO: Rinforzato su spalle, maniche, orlo e aperture delle tasche. CERTIFICAZIONE: EN 342 insieme all'art. 1885. EN 343, classe 3.1. EN ISO 20471, classe 3.<\/p>\n<p>100% poliestere, ratiera, spalmato, Dermizax\u00ae, impermeabile 20.000 mm, antivento, traspirante 20.000 g\/m\u00b2\/24h, 200 g\/m\u00b2<\/p>","protected":false},"excerpt":{"rendered":"<p>Thermogef\u00fctterter High Vis Winterparka aus einem hochqualitativen wind- und wasserdichten Stoff mit exzellenter Atmungsaktivit\u00e4t. Die Jacke hat ein warmes und leichtes Futter bestehend aus recycelten PET Flaschen. F\u00fcr bessere Passform und Komfort hat die Jacke vorgeformte \u00c4rmel, Bel\u00fcftung unter den Armen und einen Zwei-Wege-Reissverschluss. Sie besitzt viele technische Funktionen wie verschweisste N\u00e4hte, eine Windleiste, Windschutz [&hellip;]<\/p>\n","protected":false},"featured_media":596436,"template":"","meta":[],"product_brand":[],"product_cat":[4186],"product_tag":[],"class_list":{"0":"post-596372","1":"product","2":"type-product","3":"status-publish","4":"has-post-thumbnail","6":"product_cat-jacken","7":"pa_brand-blaklaeder","8":"pa_brand-type-workwear","9":"pa_filter-color-blau","10":"pa_filter-color-gelb","12":"first","13":"instock","14":"sale","15":"taxable","16":"shipping-taxable","17":"purchasable","18":"product-type-variable","19":"add-to-wishlist-before_image"},"exclude_global_add_ons":[],"addons":[],"acf":[],"_links":{"self":[{"href":"https:\/\/shop.kustom.ch\/it\/wp-json\/wp\/v2\/product\/596372"}],"collection":[{"href":"https:\/\/shop.kustom.ch\/it\/wp-json\/wp\/v2\/product"}],"about":[{"href":"https:\/\/shop.kustom.ch\/it\/wp-json\/wp\/v2\/types\/product"}],"wp:featuredmedia":[{"embeddable":true,"href":"https:\/\/shop.kustom.ch\/it\/wp-json\/wp\/v2\/media\/596436"}],"wp:attachment":[{"href":"https:\/\/shop.kustom.ch\/it\/wp-json\/wp\/v2\/media?parent=596372"}],"wp:term":[{"taxonomy":"product_brand","embeddable":true,"href":"https:\/\/shop.kustom.ch\/it\/wp-json\/wp\/v2\/product_brand?post=596372"},{"taxonomy":"product_cat","embeddable":true,"href":"https:\/\/shop.kustom.ch\/it\/wp-json\/wp\/v2\/product_cat?post=596372"},{"taxonomy":"product_tag","embeddable":true,"href":"https:\/\/shop.kustom.ch\/it\/wp-json\/wp\/v2\/product_tag?post=596372"}],"curies":[{"name":"wp","href":"https:\/\/api.w.org\/{rel}","templated":true}]}}