{"id":596329,"date":"2025-03-05T01:01:23","date_gmt":"2025-03-05T00:01:23","guid":{"rendered":"https:\/\/shop.kustom.ch\/?post_type=product&#038;p=596329"},"modified":"2026-03-31T09:01:02","modified_gmt":"2026-03-31T08:01:02","slug":"industrie-jacke-stretch-2","status":"publish","type":"product","link":"https:\/\/shop.kustom.ch\/it\/prodotto\/industrie-jacke-stretch-2\/","title":{"rendered":"Giacca industriale stretch"},"content":{"rendered":"<p>Una giacca lavabile industrialmente e priva di graffi, realizzata in tela di cotone flessibile ed elasticizzata in due direzioni. La giacca \u00e8 dotata di dettagli riflettenti che consentono di essere visibili in caso di necessit\u00e0.<\/p>\n<p>CHIUSURA: polsini regolabili con bottoni metallici nascosti. DETTAGLI: Anello a D. Bottoni a pressione in metallo. Colletto rialzato. Vita regolabile. CHIUSURA ANTERIORE: Chiusura anteriore con bottoni a pressione metallici nascosti. FUNZIONALIT\u00c0: Non graffia. Maniche preformate. CARATTERISTICHE PRINCIPALI: Artigianale. REFLEX: Dettagli riflettenti sulle maniche. TESSUTO: Uomo. blu. Stretch. Industria \/ Servizio. TASCHE: Tasche sul petto con soffietto e patta. Tasca interna con zip nascosta. Tasca sulla manica con portapenne. ISTRUZIONI DI LAVAGGIO: Stiratura - media. LAVAGGIO: Lavanderia industriale EN ISO 15797.<\/p>\n<p>98% cotone, 2% elastolefina, tela, 285 g\/m\u00b2<\/p>","protected":false},"excerpt":{"rendered":"<p>Eine industriell waschbare und kratzfreie Jacke aus gem\u00fctlichem, flexiblen Baumwoll-Canvas mit Zwei-Wege-Stretch. Die Jacke hat reflektierende Details, damit Sie bei Bedarf gesehen werden. ABSCHLUSS: Verstellbarer Armabschluss mit versteckten Metallkn\u00f6pfen. DETAILS: D-Ring. Metall-Druckkn\u00f6pfe. Stehkragen. Verstellbare Taille. FRONTVERSCHLUSS: Frontverschluss mit verdeckten Metall-Druckkn\u00f6pfen. FUNKTIONALIT\u00c4T: Kratzfrei. Vorgeformte \u00c4rmel. HAUPTEIGENSCHAFTEN: Handwerker. REFLEX: Reflektierende Details an den \u00c4rmeln. STOFF: Herren. blau. [&hellip;]<\/p>\n","protected":false},"featured_media":596359,"template":"","meta":[],"product_brand":[],"product_cat":[4186],"product_tag":[],"class_list":{"0":"post-596329","1":"product","2":"type-product","3":"status-publish","4":"has-post-thumbnail","6":"product_cat-jacken","7":"pa_brand-blaklaeder","8":"pa_brand-type-workwear","9":"pa_filter-color-blau","10":"pa_filter-color-grau","11":"pa_filter-color-schwarz","13":"first","14":"instock","15":"sale","16":"taxable","17":"shipping-taxable","18":"purchasable","19":"product-type-variable","20":"add-to-wishlist-before_image"},"exclude_global_add_ons":[],"addons":[],"acf":[],"_links":{"self":[{"href":"https:\/\/shop.kustom.ch\/it\/wp-json\/wp\/v2\/product\/596329"}],"collection":[{"href":"https:\/\/shop.kustom.ch\/it\/wp-json\/wp\/v2\/product"}],"about":[{"href":"https:\/\/shop.kustom.ch\/it\/wp-json\/wp\/v2\/types\/product"}],"wp:featuredmedia":[{"embeddable":true,"href":"https:\/\/shop.kustom.ch\/it\/wp-json\/wp\/v2\/media\/596359"}],"wp:attachment":[{"href":"https:\/\/shop.kustom.ch\/it\/wp-json\/wp\/v2\/media?parent=596329"}],"wp:term":[{"taxonomy":"product_brand","embeddable":true,"href":"https:\/\/shop.kustom.ch\/it\/wp-json\/wp\/v2\/product_brand?post=596329"},{"taxonomy":"product_cat","embeddable":true,"href":"https:\/\/shop.kustom.ch\/it\/wp-json\/wp\/v2\/product_cat?post=596329"},{"taxonomy":"product_tag","embeddable":true,"href":"https:\/\/shop.kustom.ch\/it\/wp-json\/wp\/v2\/product_tag?post=596329"}],"curies":[{"name":"wp","href":"https:\/\/api.w.org\/{rel}","templated":true}]}}