{"id":596288,"date":"2025-03-05T00:40:17","date_gmt":"2025-03-04T23:40:17","guid":{"rendered":"https:\/\/shop.kustom.ch\/?post_type=product&#038;p=596288"},"modified":"2026-03-31T09:01:01","modified_gmt":"2026-03-31T08:01:01","slug":"high-vis-winterparka","status":"publish","type":"product","link":"https:\/\/shop.kustom.ch\/it\/prodotto\/high-vis-winterparka\/","title":{"rendered":"Parka invernale High Vis"},"content":{"rendered":"<p>Parka invernale di classe 3 ad alta visibilit\u00e0 con fodera trapuntata per tenervi al caldo e sostenervi sul lavoro. Il parka \u00e8 antivento e impermeabile con cuciture nastrate e il cappuccio \u00e8 staccabile e adatto a caschi e protezioni auricolari. \u00c8 regolabile in vita per un comfort personalizzato e le cerniere laterali consentono di accedere alle tasche interne senza dover aprire la parte anteriore e congelare.<\/p>\n<p>CHIUSURA: Schiena allungata. Polsini regolabili con chiusura in velcro. DETTAGLI: Zip nella fodera per facilitare la rifinitura del tessuto. Tasca per carte d'identit\u00e0 staccabile. Stampa riflettente sul retro del cappuccio. Cappuccio per casco e paraorecchie. Moschettoni in metallo. Bottoni in metallo. Colletto foderato in pile. Cuciture nastrate. Zip sui lati, coperta da una striscia. Passanti su entrambi i lati del petto per microfoni e altre attrezzature. Coulisse regolabile in vita. Maniche raglan. CHIUSURA ANTERIORE: Patta antivento con fodera in pile all'interno. FUNZIONALIT\u00c0: Toppe di colore scuro nelle zone esposte allo sporco. Maniche preformate. CARATTERISTICHE PRINCIPALI: Artigianale. RIS-3279-TOM . REFLEX: Strisce riflettenti su corpo e maniche. TESSUTO: Uomo. blu. impermeabile. Alta visibilit\u00e0. TASCHE: Tasche interne con zip e fodera in pile. Tasca interna in rete. Tasche a fessura con zip e fodera in pile. Tasca sulla manica per penne. ISTRUZIONI DI LAVAGGIO: Numero di lavaggi: 20. 40\u00b0 C. CERTIFICAZIONE: Insieme all'articolo 1875 certificato secondo la norma EN 342. EN 343, classe 4.1. gruppo di certificazione B -&gt;M<\/p>\n<p>100% poliestere, twill, elasticizzato, spalmato, impermeabile 11.000 mm, antivento, traspirante Ret 6.3, 150 g\/m\u00b2<\/p>","protected":false},"excerpt":{"rendered":"<p>Ein High Vis Winterparka der Klasse 3, der Sie mit seiner Ausf\u00fchrung und einem gesteppten Futter warm h\u00e4lt und Sie bei der Arbeit unterst\u00fctzt. Der Parka ist wind- und wasserdicht mit versiegelten N\u00e4hten und die Kapuze ist abnehmbar und f\u00fcr Helme und Geh\u00f6rschutz geeignet. Er ist in der Taille verstellbar f\u00fcr individuellen Komfort und Reissverschl\u00fcsse [&hellip;]<\/p>\n","protected":false},"featured_media":596324,"template":"","meta":[],"product_brand":[],"product_cat":[4186],"product_tag":[],"class_list":{"0":"post-596288","1":"product","2":"type-product","3":"status-publish","4":"has-post-thumbnail","6":"product_cat-jacken","7":"pa_brand-blaklaeder","8":"pa_brand-type-workwear","9":"pa_filter-color-blau","10":"pa_filter-color-gelb","11":"pa_filter-color-orange","12":"pa_filter-color-rot","13":"pa_filter-color-schwarz","15":"first","16":"instock","17":"sale","18":"taxable","19":"shipping-taxable","20":"purchasable","21":"product-type-variable","22":"add-to-wishlist-before_image"},"exclude_global_add_ons":[],"addons":[],"acf":[],"_links":{"self":[{"href":"https:\/\/shop.kustom.ch\/it\/wp-json\/wp\/v2\/product\/596288"}],"collection":[{"href":"https:\/\/shop.kustom.ch\/it\/wp-json\/wp\/v2\/product"}],"about":[{"href":"https:\/\/shop.kustom.ch\/it\/wp-json\/wp\/v2\/types\/product"}],"wp:featuredmedia":[{"embeddable":true,"href":"https:\/\/shop.kustom.ch\/it\/wp-json\/wp\/v2\/media\/596324"}],"wp:attachment":[{"href":"https:\/\/shop.kustom.ch\/it\/wp-json\/wp\/v2\/media?parent=596288"}],"wp:term":[{"taxonomy":"product_brand","embeddable":true,"href":"https:\/\/shop.kustom.ch\/it\/wp-json\/wp\/v2\/product_brand?post=596288"},{"taxonomy":"product_cat","embeddable":true,"href":"https:\/\/shop.kustom.ch\/it\/wp-json\/wp\/v2\/product_cat?post=596288"},{"taxonomy":"product_tag","embeddable":true,"href":"https:\/\/shop.kustom.ch\/it\/wp-json\/wp\/v2\/product_tag?post=596288"}],"curies":[{"name":"wp","href":"https:\/\/api.w.org\/{rel}","templated":true}]}}