{"id":596264,"date":"2025-03-05T00:39:44","date_gmt":"2025-03-04T23:39:44","guid":{"rendered":"https:\/\/shop.kustom.ch\/?post_type=product&#038;p=596264"},"modified":"2026-03-31T09:00:56","modified_gmt":"2026-03-31T08:00:56","slug":"damen-high-vis-winterjacke","status":"publish","type":"product","link":"https:\/\/shop.kustom.ch\/it\/prodotto\/damen-high-vis-winterjacke\/","title":{"rendered":"Giacca invernale da donna ad alta visibilit\u00e0"},"content":{"rendered":"<p>Una giacca invernale dal taglio femminile, classe 2 ad alta visibilit\u00e0, che offre una maggiore visibilit\u00e0 quando ne avete pi\u00f9 bisogno. La giacca ha una fodera trapuntata, \u00e8 antivento e impermeabile con cuciture nastrate e ha una vestibilit\u00e0 comoda, pi\u00f9 ampia e regolabile per un maggiore comfort. Il cappuccio \u00e8 staccabile e adatto a caschi e paraorecchie. Disponibile anche come modello da uomo 4455.<\/p>\n<p>CHIUSURA: Vita regolabile con coulisse. Polsino interno con foro per il pollice. DETTAGLI: Buone superfici per le rifiniture. Anello a D. Stampa riflettente sul retro del cappuccio. Cappuccio staccabile e regolabile con fodera calda. Moschettoni in metallo. Bottoni in metallo. Collo foderato in pile. Cuciture nastrate. Passanti su entrambi i lati del petto per microfoni e altre attrezzature. Maniche raglan. CHIUSURA ANTERIORE: Doppia patta antivento con chiusura a velcro, maniglia in Hypalon con trasferimento riflettente. FUNZIONALIT\u00c0: materiale antivento e impermeabile con traspirabilit\u00e0, cuciture nastrate. Maniche preformate. PROPRIET\u00c0 PRINCIPALI: Lavoratori stradali ed edili. EN 342. REFLEX: strisce riflettenti a trasferimento larghe 50 mm. TESSUTO: Disponibile per uomo e donna. blu. antivento. Alta visibilit\u00e0. TASCHE: Tasca sul petto con cerniera e anello a D. Tasca interna con zip. Tasche a fessura con zip e fodera in pile. Tasca sulla manica per penne. ISTRUZIONI DI LAVAGGIO: Numero di lavaggi: 20, non candeggiare. CERTIFICAZIONE: insieme all'articolo 1875 certificato secondo la norma EN 342. EN 343, classe 4.1. EN ISO 20471, classe 2.<\/p>\n<p>100% poliestere, twill, elasticizzato, spalmato, impermeabile 11.000 mm, antivento, traspirante Ret 6.3, 150 g\/m\u00b2<\/p>","protected":false},"excerpt":{"rendered":"<p>Eine Winterjacke im Damenschnitt, Klasse 2 High Vis, die f\u00fcr zus\u00e4tzliche Sichtbarkeit sorgt, wenn Sie sie am meisten brauchen. Die Jacke hat ein gestepptes Futter, ist wind- und wasserdicht mit versiegelten N\u00e4hten und hat eine bequeme, weitere und verstellbare Passform f\u00fcr zus\u00e4tzlichen Komfort. Die Kapuze ist abnehmbar und f\u00fcr Helme und Ohrensch\u00fctzer geeignet. Auch als [&hellip;]<\/p>\n","protected":false},"featured_media":596322,"template":"","meta":[],"product_brand":[],"product_cat":[4186],"product_tag":[],"class_list":{"0":"post-596264","1":"product","2":"type-product","3":"status-publish","4":"has-post-thumbnail","6":"product_cat-jacken","7":"pa_brand-blaklaeder","8":"pa_brand-type-workwear","9":"pa_filter-color-blau","10":"pa_filter-color-gelb","11":"pa_filter-color-orange","12":"pa_filter-color-rot","13":"pa_filter-color-schwarz","15":"first","16":"instock","17":"sale","18":"taxable","19":"shipping-taxable","20":"purchasable","21":"product-type-variable","22":"add-to-wishlist-before_image"},"exclude_global_add_ons":[],"addons":[],"acf":[],"_links":{"self":[{"href":"https:\/\/shop.kustom.ch\/it\/wp-json\/wp\/v2\/product\/596264"}],"collection":[{"href":"https:\/\/shop.kustom.ch\/it\/wp-json\/wp\/v2\/product"}],"about":[{"href":"https:\/\/shop.kustom.ch\/it\/wp-json\/wp\/v2\/types\/product"}],"wp:featuredmedia":[{"embeddable":true,"href":"https:\/\/shop.kustom.ch\/it\/wp-json\/wp\/v2\/media\/596322"}],"wp:attachment":[{"href":"https:\/\/shop.kustom.ch\/it\/wp-json\/wp\/v2\/media?parent=596264"}],"wp:term":[{"taxonomy":"product_brand","embeddable":true,"href":"https:\/\/shop.kustom.ch\/it\/wp-json\/wp\/v2\/product_brand?post=596264"},{"taxonomy":"product_cat","embeddable":true,"href":"https:\/\/shop.kustom.ch\/it\/wp-json\/wp\/v2\/product_cat?post=596264"},{"taxonomy":"product_tag","embeddable":true,"href":"https:\/\/shop.kustom.ch\/it\/wp-json\/wp\/v2\/product_tag?post=596264"}],"curies":[{"name":"wp","href":"https:\/\/api.w.org\/{rel}","templated":true}]}}