{"id":596140,"date":"2025-03-05T00:37:58","date_gmt":"2025-03-04T23:37:58","guid":{"rendered":"https:\/\/shop.kustom.ch\/?post_type=product&#038;p=596140"},"modified":"2026-03-31T09:00:40","modified_gmt":"2026-03-31T08:00:40","slug":"industrie-jacke-stretch","status":"publish","type":"product","link":"https:\/\/shop.kustom.ch\/it\/prodotto\/industrie-jacke-stretch\/","title":{"rendered":"Giacca industriale stretch"},"content":{"rendered":"<p>Questa giacca fa parte della nuova collezione industriale elasticizzata di Bl\u00e5kl\u00e4der. Questa giacca antigraffio, adatta al lavaggio industriale, \u00e8 realizzata interamente in materiale elasticizzato a 2 vie e offre comfort e libert\u00e0 di movimento. Le caratteristiche nascoste riducono il rischio di graffiare le superfici sensibili. La giacca \u00e8 dotata di eleganti strisce riflettenti che forniscono ulteriore visibilit\u00e0 quando necessario.<\/p>\n<p>CHIUSURA: polsini regolabili con bottoni metallici nascosti. DETTAGLI: Anello a D. Bottoni nascosti. Colletto rialzato. Vita regolabile. CHIUSURA ANTERIORE: Chiusura anteriore con bottoni a pressione metallici nascosti. FUNZIONALIT\u00c0: Non graffia. Maniche preformate. CARATTERISTICHE PRINCIPALI: Potere pulente. REFLEX: Dettagli riflettenti sulle maniche. TESSUTO: Uomo. Nero. Antigraffio. Elasticizzato. TASCHE: Tasche sul petto con soffietto e patta. Tasca interna con zip nascosta. Tasca sulla manica con portapenne. ISTRUZIONI DI LAVAGGIO: PRO: adatto all'asciugatura in tamburo. LAVAGGIO: lavanderia industriale EN ISO 15797.<\/p>\n<p>63% poliestere, 33% cotone, 4% elastofin, twill, elasticizzato, 260 g\/m\u00b2<\/p>","protected":false},"excerpt":{"rendered":"<p>Diese Jacke ist Teil der neuen Industriekollektion mit Stretch von Bl\u00e5kl\u00e4der. Diese kratzerresistente Jacke, die sich f\u00fcr die Industriew\u00e4sche eignet, ist komplett aus 2-Wege-Stretch Material gefertigt und bietet Komfort und Bewegungsfreiheit. Verdeckte Eigenschaften reduzieren die Gefahr, dass empfindliche Oberfl\u00e4chen verkratzt werden. Die Jacke hat geschmackvolle Reflexstreifen, die bei Bedarf f\u00fcr zus\u00e4tzliche Sichtbarkeit sorgen. ABSCHLUSS: Verstellbarer [&hellip;]<\/p>\n","protected":false},"featured_media":596191,"template":"","meta":[],"product_brand":[],"product_cat":[4186],"product_tag":[],"class_list":{"0":"post-596140","1":"product","2":"type-product","3":"status-publish","4":"has-post-thumbnail","6":"product_cat-jacken","7":"pa_brand-blaklaeder","8":"pa_brand-type-workwear","9":"pa_filter-color-blau","10":"pa_filter-color-gelb","11":"pa_filter-color-grau","12":"pa_filter-color-rot","13":"pa_filter-color-schwarz","15":"first","16":"instock","17":"sale","18":"taxable","19":"shipping-taxable","20":"purchasable","21":"product-type-variable","22":"add-to-wishlist-before_image"},"exclude_global_add_ons":[],"addons":[],"acf":[],"_links":{"self":[{"href":"https:\/\/shop.kustom.ch\/it\/wp-json\/wp\/v2\/product\/596140"}],"collection":[{"href":"https:\/\/shop.kustom.ch\/it\/wp-json\/wp\/v2\/product"}],"about":[{"href":"https:\/\/shop.kustom.ch\/it\/wp-json\/wp\/v2\/types\/product"}],"wp:featuredmedia":[{"embeddable":true,"href":"https:\/\/shop.kustom.ch\/it\/wp-json\/wp\/v2\/media\/596191"}],"wp:attachment":[{"href":"https:\/\/shop.kustom.ch\/it\/wp-json\/wp\/v2\/media?parent=596140"}],"wp:term":[{"taxonomy":"product_brand","embeddable":true,"href":"https:\/\/shop.kustom.ch\/it\/wp-json\/wp\/v2\/product_brand?post=596140"},{"taxonomy":"product_cat","embeddable":true,"href":"https:\/\/shop.kustom.ch\/it\/wp-json\/wp\/v2\/product_cat?post=596140"},{"taxonomy":"product_tag","embeddable":true,"href":"https:\/\/shop.kustom.ch\/it\/wp-json\/wp\/v2\/product_tag?post=596140"}],"curies":[{"name":"wp","href":"https:\/\/api.w.org\/{rel}","templated":true}]}}