{"id":596116,"date":"2025-03-05T00:37:27","date_gmt":"2025-03-04T23:37:27","guid":{"rendered":"https:\/\/shop.kustom.ch\/?post_type=product&#038;p=596116"},"modified":"2026-03-31T09:00:31","modified_gmt":"2026-03-31T08:00:31","slug":"damen-high-vis-shell-jacke-2","status":"publish","type":"product","link":"https:\/\/shop.kustom.ch\/it\/prodotto\/damen-high-vis-shell-jacke-2\/","title":{"rendered":"Giacca a conchiglia da donna ad alta visibilit\u00e0"},"content":{"rendered":"<p>Una giacca shell dal taglio femminile, classe 2 high vis, che vi rende visibili quando ne avete pi\u00f9 bisogno. La giacca \u00e8 antivento e impermeabile e ha cuciture nastrate. Il cappuccio \u00e8 staccabile e adatto a caschi e protezioni auricolari. La giacca \u00e8 dotata di una zip a due vie sul davanti e di ventilazione sul retro. Disponibile anche come modello 4435 da uomo.<\/p>\n<p>CHIUSURA: Vita regolabile con coulisse. Polsino interno con foro per il pollice. DETTAGLI: Buone superfici per le rifiniture. Anello a D. Cappuccio staccabile e regolabile con fodera in rete. Moschettoni in metallo. Bottoni in metallo. Collo alto con cerniera. Cuciture nastrate. Passanti su entrambi i lati del petto per microfoni e altre attrezzature. Maniche raglan. CHIUSURA ANTERIORE: Patta antivento con chiusura a velcro, maniglia in Hypalon con trasferimento riflettente. FUNZIONALIT\u00c0: Ventilazione sul retro. Maniche preformate. CARATTERISTICHE PRINCIPALI: Artigiano. RIS-3279-TOM . REFLEX: Strisce riflettenti su corpo e maniche. TESSUTO: Disponibile per uomo e donna. blu. antivento. Alta visibilit\u00e0. TASCHE: Tasca sul petto con zip e anello a D. Tasca Napoleone all'interno della patta antivento. Tasche a fessura con zip e fodera in pile. Tasca sulla manica per penne. ISTRUZIONI DI LAVAGGIO: Numero di lavaggi: 20, non stirare. CERTIFICAZIONE: EN 343, classe 4.4. Gli indumenti di classe 2 e 3 in arancione sono conformi alla norma RIS-3279-TOM, edizione 2.<\/p>\n<p>100% poliestere, twill, elasticizzato, spalmato, impermeabile 11.000 mm, antivento, traspirante Ret 6.3, 150 g\/m\u00b2<\/p>","protected":false},"excerpt":{"rendered":"<p>Eine Shell Jacke im Damenschnitt, Klasse 2 High Vis, die Sie sichtbar macht, wenn Sie es am meisten brauchen. Die Jacke ist wind- und wasserdicht und hat versiegelte N\u00e4hte. Die Kapuze ist abnehmbar und f\u00fcr Helme und Ohrensch\u00fctzer geeignet. Die Jacke besitzt einen Zwei-Wege-Reissverschluss an der Vorderseite und Bel\u00fcftung an der R\u00fcckseite. Auch als Herrenmodell [&hellip;]<\/p>\n","protected":false},"featured_media":596154,"template":"","meta":[],"product_brand":[],"product_cat":[4186],"product_tag":[],"class_list":{"0":"post-596116","1":"product","2":"type-product","3":"status-publish","4":"has-post-thumbnail","6":"product_cat-jacken","7":"pa_brand-blaklaeder","8":"pa_brand-type-workwear","9":"pa_filter-color-blau","10":"pa_filter-color-gelb","11":"pa_filter-color-orange","12":"pa_filter-color-rot","13":"pa_filter-color-schwarz","15":"first","16":"instock","17":"sale","18":"taxable","19":"shipping-taxable","20":"purchasable","21":"product-type-variable","22":"add-to-wishlist-before_image"},"exclude_global_add_ons":[],"addons":[],"acf":[],"_links":{"self":[{"href":"https:\/\/shop.kustom.ch\/it\/wp-json\/wp\/v2\/product\/596116"}],"collection":[{"href":"https:\/\/shop.kustom.ch\/it\/wp-json\/wp\/v2\/product"}],"about":[{"href":"https:\/\/shop.kustom.ch\/it\/wp-json\/wp\/v2\/types\/product"}],"wp:featuredmedia":[{"embeddable":true,"href":"https:\/\/shop.kustom.ch\/it\/wp-json\/wp\/v2\/media\/596154"}],"wp:attachment":[{"href":"https:\/\/shop.kustom.ch\/it\/wp-json\/wp\/v2\/media?parent=596116"}],"wp:term":[{"taxonomy":"product_brand","embeddable":true,"href":"https:\/\/shop.kustom.ch\/it\/wp-json\/wp\/v2\/product_brand?post=596116"},{"taxonomy":"product_cat","embeddable":true,"href":"https:\/\/shop.kustom.ch\/it\/wp-json\/wp\/v2\/product_cat?post=596116"},{"taxonomy":"product_tag","embeddable":true,"href":"https:\/\/shop.kustom.ch\/it\/wp-json\/wp\/v2\/product_tag?post=596116"}],"curies":[{"name":"wp","href":"https:\/\/api.w.org\/{rel}","templated":true}]}}