{"id":596054,"date":"2025-03-05T00:36:11","date_gmt":"2025-03-04T23:36:11","guid":{"rendered":"https:\/\/shop.kustom.ch\/?post_type=product&#038;p=596054"},"modified":"2026-03-31T09:00:30","modified_gmt":"2026-03-31T08:00:30","slug":"high-vis-shell-jacke-3","status":"publish","type":"product","link":"https:\/\/shop.kustom.ch\/it\/prodotto\/high-vis-shell-jacke-3\/","title":{"rendered":"Giacca a conchiglia ad alta visibilit\u00e0"},"content":{"rendered":"<p>Una giacca a guscio ad alta visibilit\u00e0 di classe 3 che vi mantiene visibili quando ne avete pi\u00f9 bisogno. La giacca \u00e8 antivento e impermeabile, con cuciture nastrate, e il cappuccio \u00e8 staccabile e adatto a caschi e protezioni auricolari. \u00c8 dotata di ventilazione sul retro. Disponibile anche nel modello 4436 da donna.<\/p>\n<p>CHIUSURA: Vita regolabile con coulisse. Polsino interno con foro per il pollice. DETTAGLI: Buone superfici per le rifiniture. Anello a D. Stampa riflettente sul retro del cappuccio. Cappuccio staccabile e regolabile con fodera in rete. Moschettoni in metallo. Bottoni in metallo. Colletto foderato in pile. Cuciture nastrate. Passanti su entrambi i lati del petto per microfoni e altre attrezzature. Maniche raglan. CHIUSURA ANTERIORE: Patta antivento con fodera in pile all'interno. FUNZIONALIT\u00c0: materiale antivento e impermeabile con traspirabilit\u00e0, cuciture nastrate. Maniche preformate. CARATTERISTICHE PRINCIPALI: Autista. RIS-3279-TOM . REFLEX: Strisce riflettenti su corpo e maniche. TESSUTO: Disponibile per uomo e donna. Giallo alta visibilit\u00e0. Impermeabile. Alta visibilit\u00e0. TASCHE: Tasca sul petto con zip e anello a D. Tasca interna in rete. Tasche a fessura con zip e fodera in pile. Tasca sulla manica per penne. ISTRUZIONI DI LAVAGGIO: Numero di lavaggi: 20. 40\u00b0 C. CERTIFICAZIONE: EN 343, classe 4.4. gruppo di certificazione B<\/p>\n<p>100% poliestere, twill, elasticizzato, spalmato, impermeabile 11.000 mm, antivento, traspirante Ret 6.3, 150 g\/m\u00b2<\/p>","protected":false},"excerpt":{"rendered":"<p>Eine Shell Jacke in Klasse 3 High Vis, die Sie sichtbar h\u00e4lt, wenn Sie es am meisten brauchen. Die Jacke ist wind- und wasserdicht mit versiegelten N\u00e4hten, und die Kapuze ist abnehmbar und f\u00fcr Helme und Ohrensch\u00fctzer geeignet. Sie hat eine Bel\u00fcftung an der R\u00fcckseite. Auch als Damenmodell 4436 erh\u00e4ltlich. ABSCHLUSS: Verstellbarer Bund mit Kordelzug. [&hellip;]<\/p>\n","protected":false},"featured_media":596121,"template":"","meta":[],"product_brand":[],"product_cat":[4186],"product_tag":[],"class_list":{"0":"post-596054","1":"product","2":"type-product","3":"status-publish","4":"has-post-thumbnail","6":"product_cat-jacken","7":"pa_brand-blaklaeder","8":"pa_brand-type-workwear","9":"pa_filter-color-blau","10":"pa_filter-color-gelb","11":"pa_filter-color-orange","12":"pa_filter-color-rot","13":"pa_filter-color-schwarz","15":"first","16":"instock","17":"sale","18":"taxable","19":"shipping-taxable","20":"purchasable","21":"product-type-variable","22":"add-to-wishlist-before_image"},"exclude_global_add_ons":[],"addons":[],"acf":[],"_links":{"self":[{"href":"https:\/\/shop.kustom.ch\/it\/wp-json\/wp\/v2\/product\/596054"}],"collection":[{"href":"https:\/\/shop.kustom.ch\/it\/wp-json\/wp\/v2\/product"}],"about":[{"href":"https:\/\/shop.kustom.ch\/it\/wp-json\/wp\/v2\/types\/product"}],"wp:featuredmedia":[{"embeddable":true,"href":"https:\/\/shop.kustom.ch\/it\/wp-json\/wp\/v2\/media\/596121"}],"wp:attachment":[{"href":"https:\/\/shop.kustom.ch\/it\/wp-json\/wp\/v2\/media?parent=596054"}],"wp:term":[{"taxonomy":"product_brand","embeddable":true,"href":"https:\/\/shop.kustom.ch\/it\/wp-json\/wp\/v2\/product_brand?post=596054"},{"taxonomy":"product_cat","embeddable":true,"href":"https:\/\/shop.kustom.ch\/it\/wp-json\/wp\/v2\/product_cat?post=596054"},{"taxonomy":"product_tag","embeddable":true,"href":"https:\/\/shop.kustom.ch\/it\/wp-json\/wp\/v2\/product_tag?post=596054"}],"curies":[{"name":"wp","href":"https:\/\/api.w.org\/{rel}","templated":true}]}}