{"id":596031,"date":"2025-03-05T00:35:36","date_gmt":"2025-03-04T23:35:36","guid":{"rendered":"https:\/\/shop.kustom.ch\/?post_type=product&#038;p=596031"},"modified":"2026-03-31T09:00:24","modified_gmt":"2026-03-31T08:00:24","slug":"damen-high-vis-shell-jacke","status":"publish","type":"product","link":"https:\/\/shop.kustom.ch\/it\/prodotto\/damen-high-vis-shell-jacke\/","title":{"rendered":"Giacca a conchiglia da donna ad alta visibilit\u00e0"},"content":{"rendered":"<p>Giacca di classe 1 ad alta visibilit\u00e0 con taglio femminile. La giacca \u00e8 antivento e impermeabile con cuciture nastrate e il cappuccio \u00e8 staccabile e adatto a caschi e protezioni auricolari. La fodera in rete spazzolata offre ulteriore comfort e regolazione della temperatura. Disponibile anche come modello 4420 da uomo.<\/p>\n<p>CHIUSURA: Schiena allungata. Polsini regolabili con chiusura in velcro. DETTAGLI: Zip nella fodera per facilitare la rifinitura del tessuto. Tasca per carte d'identit\u00e0 staccabile. Stampa riflettente sul retro del cappuccio. Cappuccio per casco e paraorecchie. Moschettoni in metallo. Bottoni in metallo. Collo alto con zip. Cuciture nastrate. Passanti su entrambi i lati del petto per microfoni e altre attrezzature. Maniche raglan. CHIUSURA ANTERIORE: Patta antivento con chiusura a velcro, maniglia in Hypalon con trasferimento riflettente. FUNZIONALIT\u00c0: Ventilazione sul retro. Maniche preformate. PROPRIET\u00c0 PRINCIPALI: Lavoratori stradali ed edili. EN 343. REFLEX: strisce riflettenti sulle spalle. TESSUTO: Disponibile per uomo e donna. giallo. Traspirabilit\u00e0. Alta visibilit\u00e0. TASCHE: Tasca sul petto con cerniera e anello a D. Tasca interna in rete. Tasche a fessura con zip e fodera in pile. Tasca sulla manica per penne. ISTRUZIONI DI LAVAGGIO: Numero di lavaggi: 25, non centrifugare. CERTIFICAZIONE: EN 343, classe 4.4. gruppo di certificazione D<\/p>\n<p>100% poliestere, Oxford, rivestito, impermeabile 15.000 mm, antivento, traspirante Ret 8.5, 200g\/m\u00b2<\/p>","protected":false},"excerpt":{"rendered":"<p>Eine High Vis Jacke der Klasse 1 mit Damenschnitt. Die Jacke ist wind- und wasserdicht mit versiegelten N\u00e4hten und die Kapuze ist abnehmbar und f\u00fcr Helme und Ohrensch\u00fctzer geeignet. Das Futter aus geb\u00fcrstetem Mesh sorgt f\u00fcr zus\u00e4tzlichen Komfort und Temperaturregulierung. Auch als Herrenmodell 4420 erh\u00e4ltlich. ABSCHLUSS: Verl\u00e4ngerter R\u00fccken. Verstellbare \u00c4rmelb\u00fcndchen mit Klettverschluss. DETAILS: Reissverschluss im [&hellip;]<\/p>\n","protected":false},"featured_media":596095,"template":"","meta":[],"product_brand":[],"product_cat":[4186],"product_tag":[],"class_list":{"0":"post-596031","1":"product","2":"type-product","3":"status-publish","4":"has-post-thumbnail","6":"product_cat-jacken","7":"pa_brand-blaklaeder","8":"pa_brand-type-workwear","9":"pa_filter-color-blau","10":"pa_filter-color-gelb","12":"first","13":"instock","14":"sale","15":"taxable","16":"shipping-taxable","17":"purchasable","18":"product-type-variable","19":"add-to-wishlist-before_image"},"exclude_global_add_ons":[],"addons":[],"acf":[],"_links":{"self":[{"href":"https:\/\/shop.kustom.ch\/it\/wp-json\/wp\/v2\/product\/596031"}],"collection":[{"href":"https:\/\/shop.kustom.ch\/it\/wp-json\/wp\/v2\/product"}],"about":[{"href":"https:\/\/shop.kustom.ch\/it\/wp-json\/wp\/v2\/types\/product"}],"wp:featuredmedia":[{"embeddable":true,"href":"https:\/\/shop.kustom.ch\/it\/wp-json\/wp\/v2\/media\/596095"}],"wp:attachment":[{"href":"https:\/\/shop.kustom.ch\/it\/wp-json\/wp\/v2\/media?parent=596031"}],"wp:term":[{"taxonomy":"product_brand","embeddable":true,"href":"https:\/\/shop.kustom.ch\/it\/wp-json\/wp\/v2\/product_brand?post=596031"},{"taxonomy":"product_cat","embeddable":true,"href":"https:\/\/shop.kustom.ch\/it\/wp-json\/wp\/v2\/product_cat?post=596031"},{"taxonomy":"product_tag","embeddable":true,"href":"https:\/\/shop.kustom.ch\/it\/wp-json\/wp\/v2\/product_tag?post=596031"}],"curies":[{"name":"wp","href":"https:\/\/api.w.org\/{rel}","templated":true}]}}