{"id":596003,"date":"2025-03-05T00:35:30","date_gmt":"2025-03-04T23:35:30","guid":{"rendered":"https:\/\/shop.kustom.ch\/?post_type=product&#038;p=596003"},"modified":"2026-03-31T09:00:00","modified_gmt":"2026-03-31T08:00:00","slug":"damen-high-vis-softshell-jacke","status":"publish","type":"product","link":"https:\/\/shop.kustom.ch\/it\/prodotto\/damen-high-vis-softshell-jacke\/","title":{"rendered":"Giacca softshell da donna ad alta visibilit\u00e0"},"content":{"rendered":"<p>Una giacca softshell leggera dal taglio femminile, realizzata con un materiale che la rende estremamente morbida, elastica e confortevole. Questa giacca ad alta visibilit\u00e0 \u00e8 dotata di una tasca sul petto e di una zip a due vie sul davanti e offre sia la sensazione di leggerezza ed elasticit\u00e0 che la durata di un buon capo da lavoro. \u00c8 inoltre antivento, impermeabile e traspirante. \u00c8 dotata di cappuccio staccabile. Disponibile anche come modello da uomo 4494.<\/p>\n<p>CHIUSURA: Vita regolabile con coulisse. Polsini regolabili con chiusura a velcro. DETTAGLI: Buone superfici per le rifiniture. Anello a D. Cappuccio staccabile. Collo alto. CHIUSURA ANTERIORE: Robusta cerniera in plastica a due vie. FUNZIONALIT\u00c0: Antivento e impermeabile, cuciture non sigillate, traspirante. CARATTERISTICHE PRINCIPALI: Artigianale. EN ISO 20471. REFLEX: strisce riflettenti a trasferimento larghe 50 mm. TESSUTO: Disponibile per uomo e donna. blu. antivento. Alta visibilit\u00e0. TASCHE: Tasca sul petto con zip e anello a D. Tasche anteriori con cerniera. ISTRUZIONI DI LAVAGGIO: Numero di lavaggi: 25. 40\u00b0 C. CERTIFICAZIONE: EN ISO 20471, Classe 1.<\/p>\n<p>92% poliestere, 8% elastan, softshell 3 strati, impermeabile 11.000 mm, antivento, traspirante Ret 20.0, elasticizzato, 255 g\/m\u00b2<\/p>","protected":false},"excerpt":{"rendered":"<p>Eine leichte Softshell-Jacke im Damenschnitt aus einem Material, das sie extrem weich, geschmeidig und bequem macht. Diese High Vis Jacke hat eine Brusttasche und einen Zwei-Wege-Reissverschluss auf der Vorderseite und bietet sowohl das leichte, elastische Gef\u00fchl als auch die Strapazierf\u00e4higkeit eines guten Arbeits-Kleidungsst\u00fccks. Ausserdem ist sie winddicht, wasserdicht und atmungsaktiv. Sie hat eine abnehmbare Kapuze. [&hellip;]<\/p>\n","protected":false},"featured_media":530666,"template":"","meta":[],"product_brand":[],"product_cat":[4186],"product_tag":[],"class_list":{"0":"post-596003","1":"product","2":"type-product","3":"status-publish","4":"has-post-thumbnail","6":"product_cat-jacken","7":"pa_brand-blaklaeder","8":"pa_brand-type-workwear","9":"pa_filter-color-blau","10":"pa_filter-color-gelb","11":"pa_filter-color-orange","12":"pa_filter-color-rot","13":"pa_filter-color-schwarz","15":"first","16":"instock","17":"sale","18":"taxable","19":"shipping-taxable","20":"purchasable","21":"product-type-variable","22":"add-to-wishlist-before_image"},"exclude_global_add_ons":[],"addons":[],"acf":[],"_links":{"self":[{"href":"https:\/\/shop.kustom.ch\/it\/wp-json\/wp\/v2\/product\/596003"}],"collection":[{"href":"https:\/\/shop.kustom.ch\/it\/wp-json\/wp\/v2\/product"}],"about":[{"href":"https:\/\/shop.kustom.ch\/it\/wp-json\/wp\/v2\/types\/product"}],"wp:featuredmedia":[{"embeddable":true,"href":"https:\/\/shop.kustom.ch\/it\/wp-json\/wp\/v2\/media\/530666"}],"wp:attachment":[{"href":"https:\/\/shop.kustom.ch\/it\/wp-json\/wp\/v2\/media?parent=596003"}],"wp:term":[{"taxonomy":"product_brand","embeddable":true,"href":"https:\/\/shop.kustom.ch\/it\/wp-json\/wp\/v2\/product_brand?post=596003"},{"taxonomy":"product_cat","embeddable":true,"href":"https:\/\/shop.kustom.ch\/it\/wp-json\/wp\/v2\/product_cat?post=596003"},{"taxonomy":"product_tag","embeddable":true,"href":"https:\/\/shop.kustom.ch\/it\/wp-json\/wp\/v2\/product_tag?post=596003"}],"curies":[{"name":"wp","href":"https:\/\/api.w.org\/{rel}","templated":true}]}}