{"id":595802,"date":"2025-03-05T00:31:20","date_gmt":"2025-03-04T23:31:20","guid":{"rendered":"https:\/\/shop.kustom.ch\/?post_type=product&#038;p=595802"},"modified":"2026-03-31T08:59:34","modified_gmt":"2026-03-31T07:59:34","slug":"flammschutz-regenmantel-level-2","status":"publish","type":"product","link":"https:\/\/shop.kustom.ch\/it\/prodotto\/flammschutz-regenmantel-level-2\/","title":{"rendered":"Protezione dalle fiamme Mackintosh livello 2"},"content":{"rendered":"<p>Questo mackintosh ha tutto ci\u00f2 che serve per lavorare in ambienti esposti. Il cappotto ignifugo in materiale ad alta visibilit\u00e0 e resistenza con un elevato fattore di protezione presenta, oltre alle caratteristiche di impermeabilit\u00e0 al vento e all'acqua con cuciture nastrate, molte caratteristiche appositamente adattate che vi aiuteranno nel lavoro. \u00c8 dotato di un cappuccio staccabile e regolabile e di un colletto morbido e foderato in pile. Il cappotto \u00e8 dotato di tasche anteriori facilmente accessibili con pattine e bottoni a pressione, una tasca Napoleone all'interno della chiusura anteriore e una tasca staccabile per carte d'identit\u00e0. La cerniera bidirezionale nascosta e resistente fino al colletto, i bottoni nascosti e l'abbottonatura a tempesta tengono lontano il bagnato. Buona vestibilit\u00e0 e polsini regolabili con chiusura a velcro. Certificato secondo le norme EN 1149-5, EN ISO 20471, EN 343, EN ISO 14116, IEC 61482-2.<\/p>\n<p>CHIUSURA: Polsini regolabili con chiusura in velcro. DETTAGLI: anello a D. Strisce riflettenti stampate. Cappuccio staccabile e regolabile. Bottoni nascosti. Collo alto con cerniera. Cuciture nastrate. CHIUSURA ANTERIORE: Patta antivento con bottoni. FUNZIONALIT\u00c0: Antivento e impermeabile con cuciture nastrate. CARATTERISTICHE PRINCIPALI: Artigianale. EN 1149-5. REFLEX: Strisce riflettenti stampate. TESSUTO: Uomo. blu. impermeabile. Ritardante di fiamma. TASCHE: Tasca Napoleone all'interno della patta antivento. Tasche anteriori con pattina. ISTRUZIONI DI LAVAGGIO: Non stirare. CERTIFICAZIONE: EN 1149-5. EN 343, classe 4.1. EN ISO 14116, indice 3. EN ISO 20471, classe 3. IEC 61482-2, APC 1.<\/p>\n<p>67% poliestere, 33% cotone, rivestito in PVC, antivento e impermeabile, ignifugo, antistatico, 390 g\/m\u00b2.<\/p>","protected":false},"excerpt":{"rendered":"<p>Dieser Regenmantel hat alles, was Sie f\u00fcr die Arbeit in exponierten Umgebungen brauchen. Der flammhemmende Mantel in High Vis und starkem Material mit hohem Schutzfaktor hat, neben den gegebenen Eigenschaften Wind- und Wasserdichtigkeit mit verschweissten N\u00e4hten, viele speziell angepasste Merkmale, die Ihnen bei der Arbeit helfen werden. Er hat eine abnehmbare, verstellbare Kapuze und einen [&hellip;]<\/p>\n","protected":false},"featured_media":595870,"template":"","meta":[],"product_brand":[],"product_cat":[4186],"product_tag":[],"class_list":{"0":"post-595802","1":"product","2":"type-product","3":"status-publish","4":"has-post-thumbnail","6":"product_cat-jacken","7":"pa_brand-blaklaeder","8":"pa_brand-type-workwear","9":"pa_filter-color-blau","10":"pa_filter-color-gelb","12":"first","13":"instock","14":"sale","15":"taxable","16":"shipping-taxable","17":"purchasable","18":"product-type-variable","19":"add-to-wishlist-before_image"},"exclude_global_add_ons":[],"addons":[],"acf":[],"_links":{"self":[{"href":"https:\/\/shop.kustom.ch\/it\/wp-json\/wp\/v2\/product\/595802"}],"collection":[{"href":"https:\/\/shop.kustom.ch\/it\/wp-json\/wp\/v2\/product"}],"about":[{"href":"https:\/\/shop.kustom.ch\/it\/wp-json\/wp\/v2\/types\/product"}],"wp:featuredmedia":[{"embeddable":true,"href":"https:\/\/shop.kustom.ch\/it\/wp-json\/wp\/v2\/media\/595870"}],"wp:attachment":[{"href":"https:\/\/shop.kustom.ch\/it\/wp-json\/wp\/v2\/media?parent=595802"}],"wp:term":[{"taxonomy":"product_brand","embeddable":true,"href":"https:\/\/shop.kustom.ch\/it\/wp-json\/wp\/v2\/product_brand?post=595802"},{"taxonomy":"product_cat","embeddable":true,"href":"https:\/\/shop.kustom.ch\/it\/wp-json\/wp\/v2\/product_cat?post=595802"},{"taxonomy":"product_tag","embeddable":true,"href":"https:\/\/shop.kustom.ch\/it\/wp-json\/wp\/v2\/product_tag?post=595802"}],"curies":[{"name":"wp","href":"https:\/\/api.w.org\/{rel}","templated":true}]}}