{"id":595706,"date":"2025-03-05T00:29:38","date_gmt":"2025-03-04T23:29:38","guid":{"rendered":"https:\/\/shop.kustom.ch\/?post_type=product&#038;p=595706"},"modified":"2026-03-31T08:59:31","modified_gmt":"2026-03-31T07:59:31","slug":"regenjacke-level-2","status":"publish","type":"product","link":"https:\/\/shop.kustom.ch\/it\/prodotto\/regenjacke-level-2\/","title":{"rendered":"Giacca antipioggia di livello 2"},"content":{"rendered":"<p>Una giacca antipioggia ad alta visibilit\u00e0 per tutti coloro che svolgono attivit\u00e0 lavorative che richiedono un abbigliamento antipioggia robusto ma versatile. \u00c8 antivento e impermeabile, con cuciture nastrate e ventilazione sul retro. La giacca \u00e8 dotata di un cappuccio staccabile e regolabile e di un colletto foderato in morbido pile. \u00c8 dotata di tasche facilmente accessibili, nonch\u00e9 di una tasca staccabile per carte d'identit\u00e0, di tasche anteriori con patta e bottoni a pressione e della tasca Napoleone all'interno della patta antivento. Robusta cerniera a due vie che si estende fino al colletto e chiusura anteriore con bottoni a pressione e bottone automatico per tenere fuori i liquidi. Buona vestibilit\u00e0 grazie alla vita regolabile con cordoncino e alle maniche regolabili con chiusura a velcro e polsini interni in neoprene che trattengono il calore corporeo anche quando sono bagnati. Certificato secondo la norma EN 343, indumenti protettivi contro le intemperie e la norma EN ISO 20471, classe 3, indumenti protettivi ad alta visibilit\u00e0. I colori 4600 e 9900 non sono certificati secondo la norma EN ISO 20471. I colori 4600, 5300 e 9900 sono stati aggiornati. Il vecchio modello sar\u00e0 consegnato fino a esaurimento scorte. Per il modello aggiornato nei colori 4600 e 9900, consultare l'articolo 4305.<\/p>\n<p>CHIUSURA: Dorso allungato. Polsini regolabili con polsini interni in neoprene. DETTAGLI: anello a D. Cappuccio staccabile e regolabile. Colletto foderato in pile. CHIUSURA ANTERIORE: Patta antivento con bottoni. FUNZIONALIT\u00c0: Ventilazione sul retro. PROPRIET\u00c0 PRINCIPALI: Lavoratori stradali ed edili. EN 343. REFLEX: strisce riflettenti larghe 65 mm. TESSUTO: Uomo. blu. antivento. Pioggia. TASCHE: Tasca Napoleone all'interno della patta antivento. Tasche anteriori con patta e bottoni a pressione. ISTRUZIONI DI LAVAGGIO: Numero di lavaggi: x 5 - si applica al colore 5500. non candeggiare. CERTIFICAZIONE: EN 343, classe 3.1. EN ISO 20471, classe 3. I colori 4600 e 9900 non sono certificati secondo la norma EN ISO 20471.<\/p>\n<p>Poliestere 100%, rivestito in PU, antivento e impermeabile, 240g\/m\u00b2.<\/p>","protected":false},"excerpt":{"rendered":"<p>Eine Regenjacke in High Vis f\u00fcr all jene mit Arbeitsaufgaben, die robuste aber wandelbare Regenkleidung erfordern. Sie ist wind- und wasserdicht mit verschweissten N\u00e4hten und hat eine Bel\u00fcftung am R\u00fccken. Die Jacke hat eine abnehmbare und einstellbare Kapuze und einen weichen Fleece-gef\u00fctterten Kragen. Sie besitzt leicht zug\u00e4ngliche Taschen, sowie eine abnehmbare Ausweistasche, Vordertaschen mit Patte [&hellip;]<\/p>\n","protected":false},"featured_media":595753,"template":"","meta":[],"product_brand":[],"product_cat":[4186],"product_tag":[],"class_list":{"0":"post-595706","1":"product","2":"type-product","3":"status-publish","4":"has-post-thumbnail","6":"product_cat-jacken","7":"pa_brand-blaklaeder","8":"pa_brand-type-workwear","9":"pa_filter-color-blau","10":"pa_filter-color-gelb","11":"pa_filter-color-gruen","12":"pa_filter-color-orange","13":"pa_filter-color-rot","14":"pa_filter-color-schwarz","16":"first","17":"instock","18":"sale","19":"taxable","20":"shipping-taxable","21":"purchasable","22":"product-type-variable","23":"add-to-wishlist-before_image"},"exclude_global_add_ons":[],"addons":[],"acf":[],"_links":{"self":[{"href":"https:\/\/shop.kustom.ch\/it\/wp-json\/wp\/v2\/product\/595706"}],"collection":[{"href":"https:\/\/shop.kustom.ch\/it\/wp-json\/wp\/v2\/product"}],"about":[{"href":"https:\/\/shop.kustom.ch\/it\/wp-json\/wp\/v2\/types\/product"}],"wp:featuredmedia":[{"embeddable":true,"href":"https:\/\/shop.kustom.ch\/it\/wp-json\/wp\/v2\/media\/595753"}],"wp:attachment":[{"href":"https:\/\/shop.kustom.ch\/it\/wp-json\/wp\/v2\/media?parent=595706"}],"wp:term":[{"taxonomy":"product_brand","embeddable":true,"href":"https:\/\/shop.kustom.ch\/it\/wp-json\/wp\/v2\/product_brand?post=595706"},{"taxonomy":"product_cat","embeddable":true,"href":"https:\/\/shop.kustom.ch\/it\/wp-json\/wp\/v2\/product_cat?post=595706"},{"taxonomy":"product_tag","embeddable":true,"href":"https:\/\/shop.kustom.ch\/it\/wp-json\/wp\/v2\/product_tag?post=595706"}],"curies":[{"name":"wp","href":"https:\/\/api.w.org\/{rel}","templated":true}]}}