{"id":595669,"date":"2025-03-05T00:28:56","date_gmt":"2025-03-04T23:28:56","guid":{"rendered":"https:\/\/shop.kustom.ch\/?post_type=product&#038;p=595669"},"modified":"2026-03-31T08:59:24","modified_gmt":"2026-03-31T07:59:24","slug":"handwerker-jacke-2","status":"publish","type":"product","link":"https:\/\/shop.kustom.ch\/it\/prodotto\/handwerker-jacke-2\/","title":{"rendered":"Giacca da artigiano"},"content":{"rendered":"<p>Giacca sfoderata con dettagli intelligenti ad alta visibilit\u00e0 e strisce riflettenti discrete per una migliore visibilit\u00e0. La giacca \u00e8 dotata di gomiti preformati, pieghe di movimento sulla schiena e vita e polsini regolabili per un comfort ottimale sul lavoro.<\/p>\n<p>CHIUSURA: Vita regolabile con bottone. Polsini regolabili con bottoni a pressione. DETTAGLI: Collo alto. Inserti high vis per una maggiore visibilit\u00e0. CHIUSURA ANTERIORE: Protezione dal vento con chiusura a bottone. FUNZIONALIT\u00c0: Maniche preformate. CARATTERISTICHE PRINCIPALI: Artigianale. RIFLESSIONE: Riflettori su spalle, maniche e orlo posteriore. TESSUTO: Uomo. blu. Visibile. TASCHE: Tasche sul petto con patta e bottoni a pressione. Tasche interne con tasca per cellulare. Tasche a fessura foderate. ISTRUZIONI DI LAVAGGIO: Lavaggio a secco - P normale. CERTIFICAZIONE: Non certificato High Vis.<\/p>\n<p>100% Cotone, twill, 370 g\/m\u00b2<\/p>","protected":false},"excerpt":{"rendered":"<p>Ungef\u00fctterte Jacke mit intelligenten High-Vis Details und diskreten Reflexstreifen f\u00fcr bessere Sichtbarkeit. Die Jacke hat vorgeformte Ellb\u00f6gen, Bewegungsfalten am R\u00fccken und einstellbaren Bund und Armabschl\u00fcsse f\u00fcr optimalen Komfort bei der Arbeit. ABSCHLUSS: Verstellbarer Bund mit Knopf. Verstellbare \u00c4rmelb\u00fcndchen mit Druckknopf. DETAILS: Hoher Kragen. Eins\u00e4tze in High Vis, f\u00fcr h\u00f6here Sichtbarkeit. FRONTVERSCHLUSS: Windschutz mit einer Knopfbefestigung. [&hellip;]<\/p>\n","protected":false},"featured_media":595733,"template":"","meta":[],"product_brand":[],"product_cat":[4186],"product_tag":[],"class_list":{"0":"post-595669","1":"product","2":"type-product","3":"status-publish","4":"has-post-thumbnail","6":"product_cat-jacken","7":"pa_brand-blaklaeder","8":"pa_brand-type-workwear","9":"pa_filter-color-blau","10":"pa_filter-color-gelb","11":"pa_filter-color-schwarz","13":"first","14":"instock","15":"sale","16":"taxable","17":"shipping-taxable","18":"purchasable","19":"product-type-variable","20":"add-to-wishlist-before_image"},"exclude_global_add_ons":[],"addons":[],"acf":[],"_links":{"self":[{"href":"https:\/\/shop.kustom.ch\/it\/wp-json\/wp\/v2\/product\/595669"}],"collection":[{"href":"https:\/\/shop.kustom.ch\/it\/wp-json\/wp\/v2\/product"}],"about":[{"href":"https:\/\/shop.kustom.ch\/it\/wp-json\/wp\/v2\/types\/product"}],"wp:featuredmedia":[{"embeddable":true,"href":"https:\/\/shop.kustom.ch\/it\/wp-json\/wp\/v2\/media\/595733"}],"wp:attachment":[{"href":"https:\/\/shop.kustom.ch\/it\/wp-json\/wp\/v2\/media?parent=595669"}],"wp:term":[{"taxonomy":"product_brand","embeddable":true,"href":"https:\/\/shop.kustom.ch\/it\/wp-json\/wp\/v2\/product_brand?post=595669"},{"taxonomy":"product_cat","embeddable":true,"href":"https:\/\/shop.kustom.ch\/it\/wp-json\/wp\/v2\/product_cat?post=595669"},{"taxonomy":"product_tag","embeddable":true,"href":"https:\/\/shop.kustom.ch\/it\/wp-json\/wp\/v2\/product_tag?post=595669"}],"curies":[{"name":"wp","href":"https:\/\/api.w.org\/{rel}","templated":true}]}}