{"id":595667,"date":"2025-03-05T00:28:55","date_gmt":"2025-03-04T23:28:55","guid":{"rendered":"https:\/\/shop.kustom.ch\/?post_type=product&#038;p=595667"},"modified":"2026-03-31T08:59:23","modified_gmt":"2026-03-31T07:59:23","slug":"damen-multinorm-jacke","status":"publish","type":"product","link":"https:\/\/shop.kustom.ch\/it\/prodotto\/damen-multinorm-jacke\/","title":{"rendered":"Giacca multinorm da donna"},"content":{"rendered":"<p>Giacca multi-norma oleorepellente e idrorepellente dal taglio femminile, realizzata in materiale resistente e progettata per essere visibile da tutti i lati. \u00c8 pi\u00f9 corta sul davanti per la massima libert\u00e0 di movimento e ha un orlo allungato sul retro per la protezione. La giacca \u00e8 dotata di tasche sul petto su entrambi i lati e presenta dettagli intelligenti come la tasca interna con scomparto per il cellulare e il tessuto scuro nelle aree soggette a sporcizia. Testata per il lavaggio industriale. Protegge dagli spruzzi di sostanze chimiche liquide. Certificato secondo le norme EN 1149-5, EN 13034, EN ISO 20471, EN ISO 11611, EN ISO 11612, IEC 61482-2, ATPV: 11,0 cal\/cm\u00b2.<\/p>\n<p>CHIUSURA: Vita regolabile con chiusura a velcro. Polsini regolabili con bottoni a pressione. DETTAGLI: Etichette di certificazione esterne. Collo alto con cerniera nascosta. CHIUSURA ANTERIORE: Cerniera metallica nascosta e rinforzata. FUNZIONALIT\u00c0: Repellente all'olio, allo sporco e all'acqua. PROPRIET\u00c0 PRINCIPALI: Artigianale. EN ISO 11612. REFLEX: strisce riflettenti ignifughe con doppie cuciture. TESSUTO: Donna. Giallo alta visibilit\u00e0. Ritardante di fiamma. TASCHE: Tasche sul petto con cerniera e anello a D. Tasca interna con chiusura a velcro. Tasche anteriori con patta e bottone a pressione. ISTRUZIONI DI LAVAGGIO: Non stirare. CERTIFICAZIONE: EN 1149-5. EN 13034 PB (6). EN ISO 11611, classe 1 A1+A2. EN ISO 11612 A1, A2, B1, C1, E3, F1. EN ISO 20471 XS-S classe 2, M classe 3. ATPV - 11 cal\/cm\u00b2.<\/p>\n<p>75% cotone, 24% poliestere, 1% antistatico, twill, ritardante di fiamma, antistatico, 350 g\/m\u00b2<\/p>","protected":false},"excerpt":{"rendered":"<p>Eine \u00f6l-, schmutz- und wasserabweisende Multinorm Jacke im Damenschnitt, aus strapazierf\u00e4higem Material und so konzipiert, dass sie von allen Seiten sichtbar ist. Sie ist vorne k\u00fcrzer f\u00fcr maximale Bewegungsfreiheit und hat hinten ein verl\u00e4ngerten Saum zum Schutz. Die Jacke hat beidseitige Brusttaschen und verf\u00fcgt \u00fcber clevere Details wie eine Innentasche mit Handyfach und dunkles Gewebe [&hellip;]<\/p>\n","protected":false},"featured_media":595697,"template":"","meta":[],"product_brand":[],"product_cat":[4186],"product_tag":[],"class_list":{"0":"post-595667","1":"product","2":"type-product","3":"status-publish","4":"has-post-thumbnail","6":"product_cat-jacken","7":"pa_brand-blaklaeder","8":"pa_brand-type-workwear","9":"pa_filter-color-blau","10":"pa_filter-color-gelb","12":"first","13":"instock","14":"sale","15":"taxable","16":"shipping-taxable","17":"purchasable","18":"product-type-variable","19":"add-to-wishlist-before_image"},"exclude_global_add_ons":[],"addons":[],"acf":[],"_links":{"self":[{"href":"https:\/\/shop.kustom.ch\/it\/wp-json\/wp\/v2\/product\/595667"}],"collection":[{"href":"https:\/\/shop.kustom.ch\/it\/wp-json\/wp\/v2\/product"}],"about":[{"href":"https:\/\/shop.kustom.ch\/it\/wp-json\/wp\/v2\/types\/product"}],"wp:featuredmedia":[{"embeddable":true,"href":"https:\/\/shop.kustom.ch\/it\/wp-json\/wp\/v2\/media\/595697"}],"wp:attachment":[{"href":"https:\/\/shop.kustom.ch\/it\/wp-json\/wp\/v2\/media?parent=595667"}],"wp:term":[{"taxonomy":"product_brand","embeddable":true,"href":"https:\/\/shop.kustom.ch\/it\/wp-json\/wp\/v2\/product_brand?post=595667"},{"taxonomy":"product_cat","embeddable":true,"href":"https:\/\/shop.kustom.ch\/it\/wp-json\/wp\/v2\/product_cat?post=595667"},{"taxonomy":"product_tag","embeddable":true,"href":"https:\/\/shop.kustom.ch\/it\/wp-json\/wp\/v2\/product_tag?post=595667"}],"curies":[{"name":"wp","href":"https:\/\/api.w.org\/{rel}","templated":true}]}}