{"id":595626,"date":"2025-03-05T00:27:44","date_gmt":"2025-03-04T23:27:44","guid":{"rendered":"https:\/\/shop.kustom.ch\/?post_type=product&#038;p=595626"},"modified":"2026-03-31T08:59:21","modified_gmt":"2026-03-31T07:59:21","slug":"multinorm-jacke-inhaerent","status":"publish","type":"product","link":"https:\/\/shop.kustom.ch\/it\/prodotto\/multinorm-jacke-inhaerent\/","title":{"rendered":"Giacca multinormale inerente"},"content":{"rendered":"<p>La giacca Multinorm, repellente all'olio, allo sporco e all'acqua, \u00e8 realizzata con un materiale ignifugo intrinseco, il che significa che le propriet\u00e0 ignifughe sono naturalmente contenute nelle fibre. Una giacca all'avanguardia con un eccellente rapporto resistenza-peso. Ha soluzioni intelligenti per le tasche, come le doppie tasche sul petto con cerniera nascosta. Maniche preformate, schiena pi\u00f9 lunga e cintura regolabile per una buona vestibilit\u00e0. Il tessuto ripstop garantisce un'eccellente resistenza agli strappi. Testato e approvato per 50 lavaggi. Certificato secondo le norme EN 1149-5, EN ISO 11611, EN 13034, EN ISO 20471, EN ISO 11612, IEC 61482-2. ATPV: 11 cal\/cm\u00b2. Soddisfa i requisiti della norma EN ISO 15797 per il lavaggio industriale. Ottiene la certificazione di Classe 3 se abbinato ai pantaloni 1488, 1489, 1588, 1589 e alla salopette 2889 secondo la norma EN ISO 20471.<\/p>\n<p>CHIUSURA: Vita regolabile con chiusura a velcro. Polsini regolabili con bottoni a pressione. DETTAGLI: Etichette di certificazione esterne. Collo alto con cerniera. Passanti su entrambi i lati del petto per rilevatore di gas \/ analizzatore di ossigeno \/ microfono. Spallacci in colore a contrasto. CHIUSURA ANTERIORE: Cerniera nascosta in plastica rinforzata. FUNZIONALIT\u00c0: Senza metallo. CARATTERISTICHE PRINCIPALI: Impiegato di servizio. EN ISO 11612. REFLEX: strisce riflettenti sulle spalle. TESSUTO: Disponibile per uomo e donna. Giallo alta visibilit\u00e0. Senza metallo. Ritardante di fiamma. TASCHE: Tasche sul petto con zip nascosta. Tasca interna. Tasche anteriori con patta e bottoni a pressione. ISTRUZIONI DI LAVAGGIO: PRO: adatto all'asciugatura in tamburo. LAVAGGIO: lavanderia industriale EN ISO 15797. CERTIFICAZIONE: Max 50 lavaggi. EN 13034 PB (6). Max. 50 lavaggi. EN ISO 11611, classe 1 A1+A2. Max. 50 lavaggi. EN ISO 20471, XS-S classe 2, M e oltre classe 3.<\/p>\n<p>44% modacrilico, 30% cotone, 20% poliammide FR, 5% aramide, 1% antistatico, ripstop, ignifugo, antistatico, 260 g\/m\u00b2<\/p>","protected":false},"excerpt":{"rendered":"<p>Die \u00f6l-, schmutz- und wasserabweisende Multinorm Jacke besteht aus einem inherenten flammfesten Material, was bedeutet, dass die Flammschutz-Eigenschaften nat\u00fcrlich in den Fasern enthalten sind. Eine hochmoderne Jacke mit ausgezeichnetem St\u00e4rke-Gewichts-Verh\u00e4ltnis. Sie besitzt clevere Taschenl\u00f6sungen, wie doppelte Brusttaschen mit verdecktem Reissverschluss. Vorgeformte \u00c4rmel, l\u00e4ngerer R\u00fccken und einstellbarer Bund f\u00fcr eine gute Passform. Der Ripstop-Stoff liefert hervorragende [&hellip;]<\/p>\n","protected":false},"featured_media":595664,"template":"","meta":[],"product_brand":[],"product_cat":[4186],"product_tag":[],"class_list":{"0":"post-595626","1":"product","2":"type-product","3":"status-publish","4":"has-post-thumbnail","6":"product_cat-jacken","7":"pa_brand-blaklaeder","8":"pa_brand-type-workwear","9":"pa_filter-color-blau","10":"pa_filter-color-gelb","11":"pa_filter-color-orange","13":"first","14":"instock","15":"sale","16":"taxable","17":"shipping-taxable","18":"purchasable","19":"product-type-variable","20":"add-to-wishlist-before_image"},"exclude_global_add_ons":[],"addons":[],"acf":[],"_links":{"self":[{"href":"https:\/\/shop.kustom.ch\/it\/wp-json\/wp\/v2\/product\/595626"}],"collection":[{"href":"https:\/\/shop.kustom.ch\/it\/wp-json\/wp\/v2\/product"}],"about":[{"href":"https:\/\/shop.kustom.ch\/it\/wp-json\/wp\/v2\/types\/product"}],"wp:featuredmedia":[{"embeddable":true,"href":"https:\/\/shop.kustom.ch\/it\/wp-json\/wp\/v2\/media\/595664"}],"wp:attachment":[{"href":"https:\/\/shop.kustom.ch\/it\/wp-json\/wp\/v2\/media?parent=595626"}],"wp:term":[{"taxonomy":"product_brand","embeddable":true,"href":"https:\/\/shop.kustom.ch\/it\/wp-json\/wp\/v2\/product_brand?post=595626"},{"taxonomy":"product_cat","embeddable":true,"href":"https:\/\/shop.kustom.ch\/it\/wp-json\/wp\/v2\/product_cat?post=595626"},{"taxonomy":"product_tag","embeddable":true,"href":"https:\/\/shop.kustom.ch\/it\/wp-json\/wp\/v2\/product_tag?post=595626"}],"curies":[{"name":"wp","href":"https:\/\/api.w.org\/{rel}","templated":true}]}}