{"id":595625,"date":"2025-03-05T00:27:43","date_gmt":"2025-03-04T23:27:43","guid":{"rendered":"https:\/\/shop.kustom.ch\/?post_type=product&#038;p=595625"},"modified":"2026-03-31T08:59:13","modified_gmt":"2026-03-31T07:59:13","slug":"multinorm-shell-jacke","status":"publish","type":"product","link":"https:\/\/shop.kustom.ch\/it\/prodotto\/multinorm-shell-jacke\/","title":{"rendered":"Giacca in shell multinorm"},"content":{"rendered":"<p>Una giacca shell sottile e molto flessibile, realizzata in materiale intrinsecamente ignifugo. Questa giacca antivento e impermeabile, priva di poliestere e metallo, \u00e8 molto richiesta. \u00c8 la prima giacca di Bl\u00e5kl\u00e4der in questo genere ed \u00e8 stata sviluppata con il nostro gusto per la qualit\u00e0. La giacca \u00e8 dotata di strisce riflettenti morbide e flessibili, di un'eccellente traspirabilit\u00e0 e di aree scure nelle zone esposte. La giacca \u00e8 dotata di passanti sul petto per il fissaggio di analizzatori di gas e ossigeno. Il cappuccio, leggermente pi\u00f9 alto e regolabile, pu\u00f2 essere regolato in modo da poter indossare un casco sotto di esso. Certificata secondo le norme EN 1149-5, EN 13034, EN ISO 20471, EN 343, EN ISO 11611, EN ISO 11612, IEC 61482-2.<\/p>\n<p>CHIUSURA: Schiena allungata. Polsini regolabili con chiusura in velcro. DETTAGLI: Pu\u00f2 essere abbottonato all'anello a D. Etichette di certificazione esterne. Cappuccio staccabile e regolabile. Bottoni nascosti. Collo alto con cerniera. Passanti su entrambi i lati del petto per rilevatore di gas \/ analizzatore di ossigeno \/ microfono. CHIUSURA ANTERIORE: zip nascosta in plastica a due vie. FUNZIONALIT\u00c0: repellente all'olio, allo sporco e all'acqua. PROPRIET\u00c0 PRINCIPALI: Lavoratori stradali ed edili. EN ISO 11612. RIFLESSIONE: strisce riflettenti a trasferimento ignifugo interrotto. TESSUTO: Uomo. blu. antivento. Ritardante di fiamma. TASCHE: Tasca sul petto con zip. Tasca interna. Tasche laterali con zip. ISTRUZIONI DI LAVAGGIO: Non candeggiare. CERTIFICAZIONE: EN 1149-5. EN 13034 PB (6). EN 343, classe 4.3. EN 61482-2, APC 2. EN ISO 11611 classe 2, A1+A2. EN ISO 11612 A1, A2, B1, C1, D1, E3, F1. Gruppo di certificazione C -&gt;S<\/p>\n<p>59% viscosa, 40% modacrilico, 1% antistatico, spalmato, impermeabile 16.000mm, antivento, traspirante Ret 12.6, 250 g\/m\u00b2<\/p>","protected":false},"excerpt":{"rendered":"<p>Eine d\u00fcnne und sehr flexible Shell Jacke aus inh\u00e4rentem, flammhemmenden Material. Diese wind- und wasserdichte Shell Jacke, welche frei von Polyester und Metall ist, ist sehr gefragt. Es ist Bl\u00e5kl\u00e4ders erste Jacke in diesem Genre und sie wurde mit unserem Gesp\u00fcr f\u00fcr Qualit\u00e4t entwickelt. Die Jacke besitzt weiche, flexible Transfer-Reflexstreifen, hervorragende Atmungsaktivit\u00e4t und dunkle Bereiche [&hellip;]<\/p>\n","protected":false},"featured_media":595663,"template":"","meta":[],"product_brand":[],"product_cat":[4186],"product_tag":[],"class_list":{"0":"post-595625","1":"product","2":"type-product","3":"status-publish","4":"has-post-thumbnail","6":"product_cat-jacken","7":"pa_brand-blaklaeder","8":"pa_brand-type-workwear","9":"pa_filter-color-blau","10":"pa_filter-color-gelb","12":"first","13":"instock","14":"sale","15":"taxable","16":"shipping-taxable","17":"purchasable","18":"product-type-variable","19":"add-to-wishlist-before_image"},"exclude_global_add_ons":[],"addons":[],"acf":[],"_links":{"self":[{"href":"https:\/\/shop.kustom.ch\/it\/wp-json\/wp\/v2\/product\/595625"}],"collection":[{"href":"https:\/\/shop.kustom.ch\/it\/wp-json\/wp\/v2\/product"}],"about":[{"href":"https:\/\/shop.kustom.ch\/it\/wp-json\/wp\/v2\/types\/product"}],"wp:featuredmedia":[{"embeddable":true,"href":"https:\/\/shop.kustom.ch\/it\/wp-json\/wp\/v2\/media\/595663"}],"wp:attachment":[{"href":"https:\/\/shop.kustom.ch\/it\/wp-json\/wp\/v2\/media?parent=595625"}],"wp:term":[{"taxonomy":"product_brand","embeddable":true,"href":"https:\/\/shop.kustom.ch\/it\/wp-json\/wp\/v2\/product_brand?post=595625"},{"taxonomy":"product_cat","embeddable":true,"href":"https:\/\/shop.kustom.ch\/it\/wp-json\/wp\/v2\/product_cat?post=595625"},{"taxonomy":"product_tag","embeddable":true,"href":"https:\/\/shop.kustom.ch\/it\/wp-json\/wp\/v2\/product_tag?post=595625"}],"curies":[{"name":"wp","href":"https:\/\/api.w.org\/{rel}","templated":true}]}}