{"id":595609,"date":"2025-03-05T00:27:40","date_gmt":"2025-03-04T23:27:40","guid":{"rendered":"https:\/\/shop.kustom.ch\/?post_type=product&#038;p=595609"},"modified":"2026-03-31T08:59:12","modified_gmt":"2026-03-31T07:59:12","slug":"multinorm-jacke","status":"publish","type":"product","link":"https:\/\/shop.kustom.ch\/it\/prodotto\/multinorm-jacke\/","title":{"rendered":"Giacca multinorm"},"content":{"rendered":"<p>Giacca multinorm in materiale robusto, progettata per essere visibile da ogni direzione. La giacca \u00e8 pi\u00f9 corta sul davanti per la massima libert\u00e0 di movimento e ha la schiena allungata per una maggiore protezione. \u00c8 dotata di tasche sul petto su entrambi i lati e di dettagli intelligenti come la tasca interna con portacellulare e il tessuto pi\u00f9 scuro nelle aree pi\u00f9 esposte allo sporco. Adatto al lavaggio industriale. Protegge dai prodotti chimici liquidi. Certificato secondo le norme EN 1149-5, EN 1149-5, EN ISO 11611, EN 13034, EN ISO 20471, EN ISO 11612, IEC 61482-2. ATPV: 11,0 cal\/cm\u00b2.<\/p>\n<p>CHIUSURA: Vita regolabile con chiusura a velcro. Polsini regolabili con bottoni a pressione. DETTAGLI: Tasca portadocumenti staccabile per indumenti ignifughi. Soffietti sul retro. Etichette di certificazione esterne. Collo alto con cerniera. CHIUSURA ANTERIORE: Cerniera metallica nascosta e rinforzata. FUNZIONALIT\u00c0: Repellente all'olio, allo sporco e all'acqua. PROPRIET\u00c0 PRINCIPALI: Elettrica. EN 13034. REFLEX: Strisce riflettenti ignifughe con doppia cucitura. TESSUTO: Disponibile per uomo e donna. Giallo alta visibilit\u00e0. Ritardante di fiamma. TASCHE: Tasche sul petto con patta. Tasca interna per cellulare. Tasca interna con chiusura a velcro. Tasche interne con pattina. ISTRUZIONI DI LAVAGGIO: Non lavare a secco. LAVAGGIO: lavanderia industriale EN ISO 15797. CERTIFICAZIONE: EN 1149-5. EN 13034 PB (6). EN ISO 11611, classe 1 A1+A2. EN ISO 11612 A1, A2, B1, C1, E3, F1. Massimo 50 cicli di lavaggio. IEC 61482-2, APC 1<\/p>\n<p>75% cotone, 24% poliestere, 1% antistatico, twill, ritardante di fiamma, antistatico, 350 g\/m\u00b2<\/p>","protected":false},"excerpt":{"rendered":"<p>Multinorm Jacke aus einem robusten Material, entwickelt, um aus jeder Richtung sichtbar zu sein. Die Jacke ist vorne k\u00fcrzer f\u00fcr maximale Bewegungsfreiheit und hat einen verl\u00e4ngerten R\u00fccken f\u00fcr h\u00f6heren Schutz. Sie hat Brusttaschen auf beiden Seiten und besitzt intelligente Details, wie eine Innentasche mit Handyinnentasche und dunklerem Stoff an Stellen, die dem meisten Schmutz ausgesetzt [&hellip;]<\/p>\n","protected":false},"featured_media":595661,"template":"","meta":[],"product_brand":[],"product_cat":[4186],"product_tag":[],"class_list":{"0":"post-595609","1":"product","2":"type-product","3":"status-publish","4":"has-post-thumbnail","6":"product_cat-jacken","7":"pa_brand-blaklaeder","8":"pa_brand-type-workwear","9":"pa_filter-color-blau","10":"pa_filter-color-gelb","12":"first","13":"instock","14":"sale","15":"taxable","16":"shipping-taxable","17":"purchasable","18":"product-type-variable","19":"add-to-wishlist-before_image"},"exclude_global_add_ons":[],"addons":[],"acf":[],"_links":{"self":[{"href":"https:\/\/shop.kustom.ch\/it\/wp-json\/wp\/v2\/product\/595609"}],"collection":[{"href":"https:\/\/shop.kustom.ch\/it\/wp-json\/wp\/v2\/product"}],"about":[{"href":"https:\/\/shop.kustom.ch\/it\/wp-json\/wp\/v2\/types\/product"}],"wp:featuredmedia":[{"embeddable":true,"href":"https:\/\/shop.kustom.ch\/it\/wp-json\/wp\/v2\/media\/595661"}],"wp:attachment":[{"href":"https:\/\/shop.kustom.ch\/it\/wp-json\/wp\/v2\/media?parent=595609"}],"wp:term":[{"taxonomy":"product_brand","embeddable":true,"href":"https:\/\/shop.kustom.ch\/it\/wp-json\/wp\/v2\/product_brand?post=595609"},{"taxonomy":"product_cat","embeddable":true,"href":"https:\/\/shop.kustom.ch\/it\/wp-json\/wp\/v2\/product_cat?post=595609"},{"taxonomy":"product_tag","embeddable":true,"href":"https:\/\/shop.kustom.ch\/it\/wp-json\/wp\/v2\/product_tag?post=595609"}],"curies":[{"name":"wp","href":"https:\/\/api.w.org\/{rel}","templated":true}]}}