{"id":595505,"date":"2025-03-05T00:24:56","date_gmt":"2025-03-04T23:24:56","guid":{"rendered":"https:\/\/shop.kustom.ch\/?post_type=product&#038;p=595505"},"modified":"2026-03-31T08:58:57","modified_gmt":"2026-03-31T07:58:57","slug":"high-vis-jacke-3","status":"publish","type":"product","link":"https:\/\/shop.kustom.ch\/it\/prodotto\/high-vis-jacke-3\/","title":{"rendered":"Giacca alta visibilit\u00e0"},"content":{"rendered":"<p>Questa giacca a vita alta \u00e8 progettata per essere visibile da tutte le direzioni, anche quando ci si china. Il tessuto resistente, leggero e idrorepellente offre un elevato livello di comfort e funzionalit\u00e0. La parte anteriore \u00e8 tagliata leggermente pi\u00f9 corta per garantire la libert\u00e0 di movimento, mentre la parte posteriore \u00e8 tagliata pi\u00f9 lunga per proteggere dalle correnti d'aria e dal freddo. Certificato secondo la norma EN ISO 20471, classe 3.<\/p>\n<p>CHIUSURA: Schiena allungata. Polsini regolabili con chiusura in velcro. DETTAGLI: Tasca per carte d'identit\u00e0 staccabile. Soffietti sulla schiena. Collo alto con cerniera. CHIUSURA ANTERIORE: Cerniera in plastica nascosta. FUNZIONALIT\u00c0: Toppe di colore scuro nelle zone esposte allo sporco. PROPRIET\u00c0 PRINCIPALI: Artigianale. EN ISO 20471. REFLEX: Materiale riflettente su corpo, maniche e spalle. TESSUTO: Disponibile per uomo e donna. blu. Leggero. Alta visibilit\u00e0. TASCHE: Tasca sul petto con zip. Tasca interna per cellulare. Tasche interne. Tasche anteriori con cerniera. ISTRUZIONI DI LAVAGGIO: Lavaggio domestico X 50, non lavare a secco. LAVAGGIO: Lavaggio industriale EN ISO 15797. CERTIFICAZIONE: I capi di classe 2 e 3 in arancione sono conformi alla norma RIS-3279-TOM Issue 2.<\/p>\n<p>65% poliestere, 35% cotone, twill, tessuto esterno idrorepellente, 240g\/m\u00b2.<\/p>","protected":false},"excerpt":{"rendered":"<p>Diese High-Vis Bundjacke wurde entwickelt um von allen Richtungen gut sichtbar zu sein, sogar wenn sie sich b\u00fccken. Der strapazierf\u00e4hige, leichte und wasserabweisende Stoff gibt Ihnen ein hohes Mass an Komfort und Funktionalit\u00e4t. Die Vorderseite ist etwas k\u00fcrzer geschnitten, um Bewegungsfreiheit zu garantieren, der R\u00fccken ist l\u00e4nger geschnitten, um Sie vor Zugluft und K\u00e4lte zu [&hellip;]<\/p>\n","protected":false},"featured_media":595565,"template":"","meta":[],"product_brand":[],"product_cat":[4186],"product_tag":[],"class_list":{"0":"post-595505","1":"product","2":"type-product","3":"status-publish","4":"has-post-thumbnail","6":"product_cat-jacken","7":"pa_brand-blaklaeder","8":"pa_brand-type-workwear","9":"pa_filter-color-blau","10":"pa_filter-color-gelb","11":"pa_filter-color-grau","12":"pa_filter-color-orange","13":"pa_filter-color-rot","14":"pa_filter-color-schwarz","16":"first","17":"instock","18":"sale","19":"taxable","20":"shipping-taxable","21":"purchasable","22":"product-type-variable","23":"add-to-wishlist-before_image"},"exclude_global_add_ons":[],"addons":[],"acf":[],"_links":{"self":[{"href":"https:\/\/shop.kustom.ch\/it\/wp-json\/wp\/v2\/product\/595505"}],"collection":[{"href":"https:\/\/shop.kustom.ch\/it\/wp-json\/wp\/v2\/product"}],"about":[{"href":"https:\/\/shop.kustom.ch\/it\/wp-json\/wp\/v2\/types\/product"}],"wp:featuredmedia":[{"embeddable":true,"href":"https:\/\/shop.kustom.ch\/it\/wp-json\/wp\/v2\/media\/595565"}],"wp:attachment":[{"href":"https:\/\/shop.kustom.ch\/it\/wp-json\/wp\/v2\/media?parent=595505"}],"wp:term":[{"taxonomy":"product_brand","embeddable":true,"href":"https:\/\/shop.kustom.ch\/it\/wp-json\/wp\/v2\/product_brand?post=595505"},{"taxonomy":"product_cat","embeddable":true,"href":"https:\/\/shop.kustom.ch\/it\/wp-json\/wp\/v2\/product_cat?post=595505"},{"taxonomy":"product_tag","embeddable":true,"href":"https:\/\/shop.kustom.ch\/it\/wp-json\/wp\/v2\/product_tag?post=595505"}],"curies":[{"name":"wp","href":"https:\/\/api.w.org\/{rel}","templated":true}]}}