{"id":595490,"date":"2025-03-05T00:24:53","date_gmt":"2025-03-04T23:24:53","guid":{"rendered":"https:\/\/shop.kustom.ch\/?post_type=product&#038;p=595490"},"modified":"2026-03-31T08:58:51","modified_gmt":"2026-03-31T07:58:51","slug":"flammschutzjacke","status":"publish","type":"product","link":"https:\/\/shop.kustom.ch\/it\/prodotto\/flammschutzjacke\/","title":{"rendered":"Giacca antifiamma"},"content":{"rendered":"<p>Giacca antifiamma oleorepellente, antisporco e idrorepellente con robusta cerniera metallica a scomparsa e pratiche tasche. Pieghe di movimento sulla schiena e gomiti preformati per un maggiore comfort. Dettagli riflettenti per una maggiore visibilit\u00e0. Adatto al lavaggio industriale. Il tessuto ha una resistenza all'arco elettrico pari a EN 61482-1-1 ATPV 16,0 cal\/cm2. Certificato secondo le norme EN 1149-5, EN ISO 11611, EN 13034, EN ISO 11612, IEC 61482-2. ATPV: 16,0 cal\/cm\u00b2.<\/p>\n<p>CHIUSURA: Vita regolabile con bottoni a pressione. Polsini regolabili con bottoni a pressione. DETTAGLI: Soffietti sul retro. Etichette di certificazione esterne. Collo alto con cerniera nascosta. CHIUSURA ANTERIORE: Cerniera metallica nascosta e rinforzata. FUNZIONALIT\u00c0: Repellente all'olio, allo sporco e all'acqua. PROPRIET\u00c0 PRINCIPALI: Saldatore. IEC 61482-2. RIFLESSIONE: Dettagli riflettenti. TESSUTO: Disponibile per uomo e donna. nero. Ritardante di fiamma. TASCHE: Tasche sul petto con zip nascosta. Tasca interna per cellulare. Tasca interna. Tasche interne con pattina. ISTRUZIONI DI LAVAGGIO: Non lavare a secco. LAVAGGIO: lavanderia industriale EN ISO 15797. CERTIFICAZIONE: EN 1149-5. EN 13034 PB (6). EN ISO 11611, classe 1 A1+A2. EN ISO 11612 A1, A2, B1, C1, E3, F1. IEC 61482-2, APC 1<\/p>\n<p>85% cotone, 14% poliestere, 1% antistatico, twill, ritardante la fiamma, antistatico, 350 g\/m\u00b2<\/p>","protected":false},"excerpt":{"rendered":"<p>\u00d6l-, schmutz- und wasserabweisende Flammschutzjacke mit robustem, verstecktem Metall Reissverschluss und praktischen Taschen. Bewegungsfalte am R\u00fccken und vorgeformte Ellbogen f\u00fcr besseren Komfort. Reflexdetails f\u00fcr h\u00f6here Sichtbarkeit. Industriew\u00e4sche geeignet. Der Stoff hat eine Lichtbogenfestigkeit von EN 61482-1-1 ATPV 16,0 cal\/cm2. Zertifiziert nach EN 1149-5, EN ISO 11611, EN 13034, EN ISO 11612, IEC 61482-2. ATPV: 16,0 [&hellip;]<\/p>\n","protected":false},"featured_media":595549,"template":"","meta":[],"product_brand":[],"product_cat":[4186],"product_tag":[],"class_list":{"0":"post-595490","1":"product","2":"type-product","3":"status-publish","4":"has-post-thumbnail","6":"product_cat-jacken","7":"pa_brand-blaklaeder","8":"pa_brand-type-workwear","9":"pa_filter-color-grau","10":"pa_filter-color-schwarz","12":"first","13":"instock","14":"sale","15":"taxable","16":"shipping-taxable","17":"purchasable","18":"product-type-variable","19":"add-to-wishlist-before_image"},"exclude_global_add_ons":[],"addons":[],"acf":[],"_links":{"self":[{"href":"https:\/\/shop.kustom.ch\/it\/wp-json\/wp\/v2\/product\/595490"}],"collection":[{"href":"https:\/\/shop.kustom.ch\/it\/wp-json\/wp\/v2\/product"}],"about":[{"href":"https:\/\/shop.kustom.ch\/it\/wp-json\/wp\/v2\/types\/product"}],"wp:featuredmedia":[{"embeddable":true,"href":"https:\/\/shop.kustom.ch\/it\/wp-json\/wp\/v2\/media\/595549"}],"wp:attachment":[{"href":"https:\/\/shop.kustom.ch\/it\/wp-json\/wp\/v2\/media?parent=595490"}],"wp:term":[{"taxonomy":"product_brand","embeddable":true,"href":"https:\/\/shop.kustom.ch\/it\/wp-json\/wp\/v2\/product_brand?post=595490"},{"taxonomy":"product_cat","embeddable":true,"href":"https:\/\/shop.kustom.ch\/it\/wp-json\/wp\/v2\/product_cat?post=595490"},{"taxonomy":"product_tag","embeddable":true,"href":"https:\/\/shop.kustom.ch\/it\/wp-json\/wp\/v2\/product_tag?post=595490"}],"curies":[{"name":"wp","href":"https:\/\/api.w.org\/{rel}","templated":true}]}}