{"id":595468,"date":"2025-03-05T00:24:19","date_gmt":"2025-03-04T23:24:19","guid":{"rendered":"https:\/\/shop.kustom.ch\/?post_type=product&#038;p=595468"},"modified":"2026-03-31T08:58:50","modified_gmt":"2026-03-31T07:58:50","slug":"kniepolster-2","status":"publish","type":"product","link":"https:\/\/shop.kustom.ch\/it\/prodotto\/kniepolster-2\/","title":{"rendered":"Ginocchiere"},"content":{"rendered":"<p>La ginocchiera professionale \u00e8 realizzata in materiale EVA ed \u00e8 stata sviluppata appositamente per gli artigiani che lavorano in ginocchio per lunghi periodi di tempo. Il lato duro offre una protezione efficace contro gli oggetti taglienti. La ginocchiera \u00e8 morbida all'interno per una vestibilit\u00e0 confortevole e ha una vestibilit\u00e0 extra larga per garantire che le ginocchia siano nella posizione corretta.<\/p>\n<p>CARATTERISTICHE PRINCIPALI: Unisex. EN 14004. ADATTO A: Vedere le certificazioni e le raccomandazioni dei pantaloni. SICUREZZA: Ginocchiere standard 250x170x20 mm. ISTRUZIONI DI LAVAGGIO: Rimuovere i pantaloni prima del lavaggio. IMBALLAGGIO: Fornito in coppia. CERTIFICAZIONE: Certificata con i pantaloni marcati M1G e H1G.<\/p>\n<p>Polietilene<\/p>","protected":false},"excerpt":{"rendered":"<p>Das professionelle Kniepolster besteht aus EVA Material und ist speziell entwickelt f\u00fcr Handwerker, die lange Zeit auf den Knien arbeiten. Die harte Seite bietet effektiven Schutz vor scharfen Gegenst\u00e4nden. Das Polster ist an der Innenseite weich, damit es bequem sitzt und es hat eine extra breite Passform um sicher zu stellen, dass die Knie in [&hellip;]<\/p>\n","protected":false},"featured_media":595538,"template":"","meta":[],"product_brand":[],"product_cat":[9643,4209],"product_tag":[],"class_list":{"0":"post-595468","1":"product","2":"type-product","3":"status-publish","4":"has-post-thumbnail","6":"product_cat-equipment","7":"product_cat-zubehoer","8":"pa_brand-blaklaeder","9":"pa_brand-type-workwear","10":"pa_filter-color-rot","11":"pa_filter-color-schwarz","13":"first","14":"instock","15":"sale","16":"taxable","17":"shipping-taxable","18":"purchasable","19":"product-type-variable","20":"add-to-wishlist-before_image"},"exclude_global_add_ons":[],"addons":[],"acf":[],"_links":{"self":[{"href":"https:\/\/shop.kustom.ch\/it\/wp-json\/wp\/v2\/product\/595468"}],"collection":[{"href":"https:\/\/shop.kustom.ch\/it\/wp-json\/wp\/v2\/product"}],"about":[{"href":"https:\/\/shop.kustom.ch\/it\/wp-json\/wp\/v2\/types\/product"}],"wp:featuredmedia":[{"embeddable":true,"href":"https:\/\/shop.kustom.ch\/it\/wp-json\/wp\/v2\/media\/595538"}],"wp:attachment":[{"href":"https:\/\/shop.kustom.ch\/it\/wp-json\/wp\/v2\/media?parent=595468"}],"wp:term":[{"taxonomy":"product_brand","embeddable":true,"href":"https:\/\/shop.kustom.ch\/it\/wp-json\/wp\/v2\/product_brand?post=595468"},{"taxonomy":"product_cat","embeddable":true,"href":"https:\/\/shop.kustom.ch\/it\/wp-json\/wp\/v2\/product_cat?post=595468"},{"taxonomy":"product_tag","embeddable":true,"href":"https:\/\/shop.kustom.ch\/it\/wp-json\/wp\/v2\/product_tag?post=595468"}],"curies":[{"name":"wp","href":"https:\/\/api.w.org\/{rel}","templated":true}]}}