{"id":595467,"date":"2025-03-05T00:24:19","date_gmt":"2025-03-04T23:24:19","guid":{"rendered":"https:\/\/shop.kustom.ch\/?post_type=product&#038;p=595467"},"modified":"2026-03-31T08:58:49","modified_gmt":"2026-03-31T07:58:49","slug":"kniepolster-service","status":"publish","type":"product","link":"https:\/\/shop.kustom.ch\/it\/prodotto\/kniepolster-service\/","title":{"rendered":"Servizio ginocchiere"},"content":{"rendered":"<p>Una ginocchiera leggera e morbida se avete bisogno di una protezione flessibile per lavori occasionali sulle ginocchia. La ginocchiera si adatta alla forma del ginocchio ed \u00e8 adatta per lavorare su superfici lisce.<\/p>\n<p>CARATTERISTICHE PRINCIPALI: Unisex. EN 14004. ADATTO A: Vedere le certificazioni e le raccomandazioni dei pantaloni. SICUREZZA: Ginocchiere standard - 155x250x20 mm. ISTRUZIONI DI LAVAGGIO: Rimuovere i pantaloni prima del lavaggio. IMBALLAGGIO: Fornito in coppia. CERTIFICAZIONE: EN 14404 2004+A1 2010, Tipo 2, Livello 0.<\/p>\n<p>Polietilene<\/p>","protected":false},"excerpt":{"rendered":"<p>Ein leichtes und weiches Kniepolster, wenn man flexiblen Schutz bei gelegentlicher Arbeit auf den Knien ben\u00f6tigt. Das Polster passt sich der Form des Knies an und ist f\u00fcr die Arbeit auf glatter Oberfl\u00e4che geeignet. HAUPTEIGENSCHAFTEN: Unisex. EN 14004. PASST ZU: Siehe Zertifizierungen und Empfehlungen der Hose. SICHERHEIT: Standard Kniepolster &#8211; 155x250x20 mm. WASCHANLEITUNG: Vor dem [&hellip;]<\/p>\n","protected":false},"featured_media":595537,"template":"","meta":[],"product_brand":[],"product_cat":[9643,4209],"product_tag":[],"class_list":{"0":"post-595467","1":"product","2":"type-product","3":"status-publish","4":"has-post-thumbnail","6":"product_cat-equipment","7":"product_cat-zubehoer","8":"pa_brand-blaklaeder","9":"pa_brand-type-workwear","10":"pa_filter-color-schwarz","12":"first","13":"instock","14":"sale","15":"taxable","16":"shipping-taxable","17":"purchasable","18":"product-type-variable","19":"add-to-wishlist-before_image"},"exclude_global_add_ons":[],"addons":[],"acf":[],"_links":{"self":[{"href":"https:\/\/shop.kustom.ch\/it\/wp-json\/wp\/v2\/product\/595467"}],"collection":[{"href":"https:\/\/shop.kustom.ch\/it\/wp-json\/wp\/v2\/product"}],"about":[{"href":"https:\/\/shop.kustom.ch\/it\/wp-json\/wp\/v2\/types\/product"}],"wp:featuredmedia":[{"embeddable":true,"href":"https:\/\/shop.kustom.ch\/it\/wp-json\/wp\/v2\/media\/595537"}],"wp:attachment":[{"href":"https:\/\/shop.kustom.ch\/it\/wp-json\/wp\/v2\/media?parent=595467"}],"wp:term":[{"taxonomy":"product_brand","embeddable":true,"href":"https:\/\/shop.kustom.ch\/it\/wp-json\/wp\/v2\/product_brand?post=595467"},{"taxonomy":"product_cat","embeddable":true,"href":"https:\/\/shop.kustom.ch\/it\/wp-json\/wp\/v2\/product_cat?post=595467"},{"taxonomy":"product_tag","embeddable":true,"href":"https:\/\/shop.kustom.ch\/it\/wp-json\/wp\/v2\/product_tag?post=595467"}],"curies":[{"name":"wp","href":"https:\/\/api.w.org\/{rel}","templated":true}]}}