{"id":595392,"date":"2025-03-05T00:22:09","date_gmt":"2025-03-04T23:22:09","guid":{"rendered":"https:\/\/shop.kustom.ch\/?post_type=product&#038;p=595392"},"modified":"2026-03-31T08:58:48","modified_gmt":"2026-03-31T07:58:48","slug":"bundjacke-industrie","status":"publish","type":"product","link":"https:\/\/shop.kustom.ch\/it\/prodotto\/bundjacke-industrie\/","title":{"rendered":"Industria dei gilet"},"content":{"rendered":"<p>I dettagli intelligenti e l'attenzione alla funzionalit\u00e0 fanno s\u00ec che i capi della nostra collezione industriale siano in grado di resistere anche alle condizioni pi\u00f9 difficili. La giacca 4054 \u00e8 un modello base con le funzioni pi\u00f9 importanti. La giacca \u00e8 dotata di due tasche sul petto con pattina, una delle quali \u00e8 un taschino portapenne in due pezzi con cinghie per attrezzi supplementari. Ha una piega di movimento sulla schiena per una maggiore libert\u00e0 di movimento.<\/p>\n<p>CHIUSURA: polsini regolabili. DETTAGLI: Tasca per carte d'identit\u00e0 staccabile. Soffietti sul retro. Spallacci in colore a contrasto. CHIUSURA ANTERIORE: Zip nascosta in plastica. CARATTERISTICHE PRINCIPALI: potere pulente. TESSUTO: Uomo. blu. Industria \/ Servizio. TASCHE: Tasche sul petto con soffietto e patta, una con doppio taschino portapenne. Tasche interne, di cui una con portacellulare. Due tasche anteriori. ISTRUZIONI DI LAVAGGIO: Lavaggio a secco - normale P<\/p>\n<p>100% Cotone, twill, 320 g\/m\u00b2<\/p>","protected":false},"excerpt":{"rendered":"<p>Clevere Details und der Fokus auf Funktionalit\u00e4t sorgen in unserer Industriekollektion daf\u00fcr, dass die Kleidungsst\u00fccke auch harten Bedingungen standhalten. Die Jacke 4054 ist ein Basismodell mit den wichtigsten Funktionen. Die Jacke hat zwei Brusttaschen mit Patte, eine davon als zweiteilige Stifttasche mit Riemen f\u00fcr extra Werkzeug. Sie hat eine Bewegungsfalte am R\u00fccken f\u00fcr mehr Bewegungsfreiheit. [&hellip;]<\/p>\n","protected":false},"featured_media":595478,"template":"","meta":[],"product_brand":[],"product_cat":[4186],"product_tag":[],"class_list":{"0":"post-595392","1":"product","2":"type-product","3":"status-publish","4":"has-post-thumbnail","6":"product_cat-jacken","7":"pa_brand-blaklaeder","8":"pa_brand-type-workwear","9":"pa_filter-color-beige","10":"pa_filter-color-blau","11":"pa_filter-color-grau","12":"pa_filter-color-rot","13":"pa_filter-color-schwarz","15":"first","16":"instock","17":"sale","18":"taxable","19":"shipping-taxable","20":"purchasable","21":"product-type-variable","22":"add-to-wishlist-before_image"},"exclude_global_add_ons":[],"addons":[],"acf":[],"_links":{"self":[{"href":"https:\/\/shop.kustom.ch\/it\/wp-json\/wp\/v2\/product\/595392"}],"collection":[{"href":"https:\/\/shop.kustom.ch\/it\/wp-json\/wp\/v2\/product"}],"about":[{"href":"https:\/\/shop.kustom.ch\/it\/wp-json\/wp\/v2\/types\/product"}],"wp:featuredmedia":[{"embeddable":true,"href":"https:\/\/shop.kustom.ch\/it\/wp-json\/wp\/v2\/media\/595478"}],"wp:attachment":[{"href":"https:\/\/shop.kustom.ch\/it\/wp-json\/wp\/v2\/media?parent=595392"}],"wp:term":[{"taxonomy":"product_brand","embeddable":true,"href":"https:\/\/shop.kustom.ch\/it\/wp-json\/wp\/v2\/product_brand?post=595392"},{"taxonomy":"product_cat","embeddable":true,"href":"https:\/\/shop.kustom.ch\/it\/wp-json\/wp\/v2\/product_cat?post=595392"},{"taxonomy":"product_tag","embeddable":true,"href":"https:\/\/shop.kustom.ch\/it\/wp-json\/wp\/v2\/product_tag?post=595392"}],"curies":[{"name":"wp","href":"https:\/\/api.w.org\/{rel}","templated":true}]}}