{"id":595335,"date":"2025-03-05T00:20:22","date_gmt":"2025-03-04T23:20:22","guid":{"rendered":"https:\/\/shop.kustom.ch\/?post_type=product&#038;p=595335"},"modified":"2026-03-31T08:58:38","modified_gmt":"2026-03-31T07:58:38","slug":"guertel-klett-metallfrei","status":"publish","type":"product","link":"https:\/\/shop.kustom.ch\/it\/prodotto\/guertel-klett-metallfrei\/","title":{"rendered":"Cintura con velcro senza metallo"},"content":{"rendered":"<p>Cintura senza metallo e fibbie con chiusura in velcro. Non lascia graffi. Tessuto di cotone morbido e robusto. Ideale per i lavoratori del settore dei trasporti.<\/p>\n<p>DETTAGLI: Regolabile con chiusura in velcro. FUNZIONALIT\u00c0: Nessun graffio. CARATTERISTICHE PRINCIPALI: Unisex. DIMENSIONI: Larghezza 40 mm. SIMBOLI: Senza graffi. ISTRUZIONI DI LAVAGGIO: Non candeggiare.<\/p>","protected":false},"excerpt":{"rendered":"<p>Metall- und Schnallenfreier G\u00fcrtel mit Klettverschluss. Hinterl\u00e4sst keine Kratzer. Weicher und robuster Baumwollstoff. Ideal f\u00fcr Arbeiter in der Transportindustrie. DETAILS: Einstellbar mit Klettverschluss. FUNKTIONALIT\u00c4T: Keine Kratzer. HAUPTEIGENSCHAFTEN: Unisex. MASSANGABE: Breite 40 mm. SYMBOLS: Scratchfree. WASCHANLEITUNG: Nicht bleichen<\/p>","protected":false},"featured_media":595406,"template":"","meta":[],"product_brand":[],"product_cat":[9643,4209],"product_tag":[],"class_list":{"0":"post-595335","1":"product","2":"type-product","3":"status-publish","4":"has-post-thumbnail","6":"product_cat-equipment","7":"product_cat-zubehoer","8":"pa_brand-blaklaeder","9":"pa_brand-type-workwear","10":"pa_filter-color-schwarz","12":"first","13":"instock","14":"sale","15":"taxable","16":"shipping-taxable","17":"purchasable","18":"product-type-variable","19":"add-to-wishlist-before_image"},"exclude_global_add_ons":[],"addons":[],"acf":[],"_links":{"self":[{"href":"https:\/\/shop.kustom.ch\/it\/wp-json\/wp\/v2\/product\/595335"}],"collection":[{"href":"https:\/\/shop.kustom.ch\/it\/wp-json\/wp\/v2\/product"}],"about":[{"href":"https:\/\/shop.kustom.ch\/it\/wp-json\/wp\/v2\/types\/product"}],"wp:featuredmedia":[{"embeddable":true,"href":"https:\/\/shop.kustom.ch\/it\/wp-json\/wp\/v2\/media\/595406"}],"wp:attachment":[{"href":"https:\/\/shop.kustom.ch\/it\/wp-json\/wp\/v2\/media?parent=595335"}],"wp:term":[{"taxonomy":"product_brand","embeddable":true,"href":"https:\/\/shop.kustom.ch\/it\/wp-json\/wp\/v2\/product_brand?post=595335"},{"taxonomy":"product_cat","embeddable":true,"href":"https:\/\/shop.kustom.ch\/it\/wp-json\/wp\/v2\/product_cat?post=595335"},{"taxonomy":"product_tag","embeddable":true,"href":"https:\/\/shop.kustom.ch\/it\/wp-json\/wp\/v2\/product_tag?post=595335"}],"curies":[{"name":"wp","href":"https:\/\/api.w.org\/{rel}","templated":true}]}}