{"id":595332,"date":"2025-03-05T00:20:21","date_gmt":"2025-03-04T23:20:21","guid":{"rendered":"https:\/\/shop.kustom.ch\/?post_type=product&#038;p=595332"},"modified":"2025-05-09T11:40:20","modified_gmt":"2025-05-09T10:40:20","slug":"flammschutz-guertel-stretch","status":"publish","type":"product","link":"https:\/\/shop.kustom.ch\/it\/prodotto\/flammschutz-guertel-stretch\/","title":{"rendered":"Cintura antifiamma elastica"},"content":{"rendered":"<p>Cintura ignifuga con fibbia in plastica ignifuga con logo Bl\u00e5kl\u00e4der. Testata secondo la norma EN ISO 11612, lunghezza 130 cm.<\/p>\n<p>DETTAGLI: Fibbia ignifuga con logo Bl\u00e5kl\u00e4der. CARATTERISTICHE PRINCIPALI: Unisex. DIMENSIONI: Larghezza 40 mm. SIMBOLI: elasticizzato a 2 vie. ISTRUZIONI DI LAVAGGIO: Lavare a mano.<\/p>","protected":false},"excerpt":{"rendered":"<p>Flammschutz G\u00fcrtel mit einer Schnalle aus flammhemmenden Plastik mit Bl\u00e5kl\u00e4der Logo. Getestet nach EN ISO 11612, L\u00e4nge 130 cm. DETAILS: Flammschutz Schnalle mit Bl\u00e5kl\u00e4der-Logo. HAUPTEIGENSCHAFTEN: Unisex. MASSANGABE: Breite 40 mm. SYMBOLS: 2-way stretch. WASCHANLEITUNG: Handw\u00e4sche<\/p>","protected":false},"featured_media":595403,"template":"","meta":[],"product_brand":[],"product_cat":[9643,4209],"product_tag":[],"class_list":{"0":"post-595332","1":"product","2":"type-product","3":"status-publish","4":"has-post-thumbnail","6":"product_cat-equipment","7":"product_cat-zubehoer","8":"pa_brand-blaklaeder","9":"pa_brand-type-workwear","10":"pa_filter-color-schwarz","12":"first","13":"instock","14":"sale","15":"taxable","16":"shipping-taxable","17":"purchasable","18":"product-type-variable","19":"add-to-wishlist-before_image"},"exclude_global_add_ons":[],"addons":[],"acf":[],"_links":{"self":[{"href":"https:\/\/shop.kustom.ch\/it\/wp-json\/wp\/v2\/product\/595332"}],"collection":[{"href":"https:\/\/shop.kustom.ch\/it\/wp-json\/wp\/v2\/product"}],"about":[{"href":"https:\/\/shop.kustom.ch\/it\/wp-json\/wp\/v2\/types\/product"}],"wp:featuredmedia":[{"embeddable":true,"href":"https:\/\/shop.kustom.ch\/it\/wp-json\/wp\/v2\/media\/595403"}],"wp:attachment":[{"href":"https:\/\/shop.kustom.ch\/it\/wp-json\/wp\/v2\/media?parent=595332"}],"wp:term":[{"taxonomy":"product_brand","embeddable":true,"href":"https:\/\/shop.kustom.ch\/it\/wp-json\/wp\/v2\/product_brand?post=595332"},{"taxonomy":"product_cat","embeddable":true,"href":"https:\/\/shop.kustom.ch\/it\/wp-json\/wp\/v2\/product_cat?post=595332"},{"taxonomy":"product_tag","embeddable":true,"href":"https:\/\/shop.kustom.ch\/it\/wp-json\/wp\/v2\/product_tag?post=595332"}],"curies":[{"name":"wp","href":"https:\/\/api.w.org\/{rel}","templated":true}]}}